{"id":89712,"date":"2021-11-18T10:00:20","date_gmt":"2021-11-18T10:00:20","guid":{"rendered":"https:\/\/www.3p-gmbh.de\/produkt\/engrasadora-constantin-hang-hang-101-11-piccolo-iii-con-mesa-de-apoyo-y-reja\/"},"modified":"2021-11-18T10:00:20","modified_gmt":"2021-11-18T10:00:20","slug":"constantin-hang-oesmachine-hang-101-11-piccolo-iii-con-soporte-mesa-y-parada","status":"publish","type":"product","link":"https:\/\/www.3p-gmbh.de\/es\/produkt\/constantin-hang-oesmachine-hang-101-11-piccolo-iii-con-soporte-mesa-y-parada\/","title":{"rendered":"Engrasadora Constantin Hang Hang 101-11 Piccolo III con mesa de apoyo y reja"},"content":{"rendered":"<p><strong>Engrasadora Constantin Hang Hang 101-11 Piccolo III con mesa de apoyo y reja<\/strong><\/p>\n<ul>\n<li>Para papel, cart\u00f3n o materiales similares. Materiales de hasta 2 mm de grosor.<\/li>\n<li>Una suavidad de marcha sin igual<\/li>\n<li>Con alimentaci\u00f3n autom\u00e1tica de aceite a trav\u00e9s del cargador<\/li>\n<li>Perfora el agujero y el ojete en una sola operaci\u00f3n, con el propio ojete perforando el agujero<\/li>\n<li>para ojales de 5,5 mm de di\u00e1metro interior (orificio de limado)<\/li>\n<li>Puede utilizarse con el ojal modelo 24 para 2-15 hojas<\/li>\n<\/ul>\n","protected":false},"excerpt":{"rendered":"<p>Engrasadora Constantin Hang Hang 101-11 Piccolo III con mesa de apoyo y reja Para papel, cart\u00f3n o materiales similares. Materiales de hasta 2 mm de grosor. Una suavidad de marcha sin igual Con alimentaci\u00f3n autom\u00e1tica de aceite a trav\u00e9s del cargador Perfora el agujero y el ojete en una sola operaci\u00f3n, con el propio ojete [&hellip;]<\/p>\n","protected":false},"featured_media":82237,"template":"","meta":[],"product_brand":[],"product_cat":[3058],"product_tag":[],"class_list":{"0":"post-89712","1":"product","2":"type-product","3":"status-publish","4":"has-post-thumbnail","6":"product_cat-engrasadoras","7":"pa_hersteller-constantin-hang","8":"pa_typ-101-11-piccolo-iii","10":"first","11":"instock","12":"taxable","13":"shipping-taxable","14":"product-type-simple"},"jetpack_sharing_enabled":true,"_links":{"self":[{"href":"https:\/\/www.3p-gmbh.de\/es\/wp-json\/wp\/v2\/product\/89712","targetHints":{"allow":["GET"]}}],"collection":[{"href":"https:\/\/www.3p-gmbh.de\/es\/wp-json\/wp\/v2\/product"}],"about":[{"href":"https:\/\/www.3p-gmbh.de\/es\/wp-json\/wp\/v2\/types\/product"}],"wp:featuredmedia":[{"embeddable":true,"href":"https:\/\/www.3p-gmbh.de\/es\/wp-json\/wp\/v2\/media\/82237"}],"wp:attachment":[{"href":"https:\/\/www.3p-gmbh.de\/es\/wp-json\/wp\/v2\/media?parent=89712"}],"wp:term":[{"taxonomy":"product_brand","embeddable":true,"href":"https:\/\/www.3p-gmbh.de\/es\/wp-json\/wp\/v2\/product_brand?post=89712"},{"taxonomy":"product_cat","embeddable":true,"href":"https:\/\/www.3p-gmbh.de\/es\/wp-json\/wp\/v2\/product_cat?post=89712"},{"taxonomy":"product_tag","embeddable":true,"href":"https:\/\/www.3p-gmbh.de\/es\/wp-json\/wp\/v2\/product_tag?post=89712"}],"curies":[{"name":"wp","href":"https:\/\/api.w.org\/{rel}","templated":true}]}}