{"id":89683,"date":"2021-11-18T10:46:14","date_gmt":"2021-11-18T10:46:14","guid":{"rendered":"https:\/\/www.3p-gmbh.de\/produkt\/escaner-de-documentos-escaner-de-planos-escaner-de-esquemas-con-alimentador-de-documentos-hp-designjet-4500\/"},"modified":"2021-11-18T10:46:14","modified_gmt":"2021-11-18T10:46:14","slug":"document-scanner-schedule-scanner-with-template-feed-hp-designjet-4500","status":"publish","type":"product","link":"https:\/\/www.3p-gmbh.de\/es\/produkt\/document-scanner-schedule-scanner-with-template-feed-hp-designjet-4500\/","title":{"rendered":"Esc\u00e1ner de documentos Esc\u00e1ner de planos Esc\u00e1ner de esquemas con alimentador de documentos HP Designjet 4500"},"content":{"rendered":"<p><strong>Esc\u00e1ner de documentos Esc\u00e1ner de planos Esc\u00e1ner de esquemas con alimentador de documentos HP Designjet 4500<\/strong><br \/>\n<strong>A\u00f1o de fabricaci\u00f3n 2016<\/strong><\/p>\n<p>la l\u00e1mpara del esc\u00e1ner se renov\u00f3 en 08\/2020<\/p>\n","protected":false},"excerpt":{"rendered":"<p>Esc\u00e1ner de documentos Esc\u00e1ner de planos Esc\u00e1ner de esquemas con alimentador de documentos HP Designjet 4500 A\u00f1o de fabricaci\u00f3n 2016 la l\u00e1mpara del esc\u00e1ner se renov\u00f3 en 08\/2020<\/p>\n","protected":false},"featured_media":82403,"template":"","meta":[],"product_brand":[],"product_cat":[3081],"product_tag":[],"class_list":{"0":"post-89683","1":"product","2":"type-product","3":"status-publish","4":"has-post-thumbnail","6":"product_cat-escaner","7":"pa_hersteller-hp","8":"pa_typ-designjet-4500","10":"first","11":"instock","12":"taxable","13":"shipping-taxable","14":"product-type-simple"},"jetpack_sharing_enabled":true,"_links":{"self":[{"href":"https:\/\/www.3p-gmbh.de\/es\/wp-json\/wp\/v2\/product\/89683","targetHints":{"allow":["GET"]}}],"collection":[{"href":"https:\/\/www.3p-gmbh.de\/es\/wp-json\/wp\/v2\/product"}],"about":[{"href":"https:\/\/www.3p-gmbh.de\/es\/wp-json\/wp\/v2\/types\/product"}],"wp:featuredmedia":[{"embeddable":true,"href":"https:\/\/www.3p-gmbh.de\/es\/wp-json\/wp\/v2\/media\/82403"}],"wp:attachment":[{"href":"https:\/\/www.3p-gmbh.de\/es\/wp-json\/wp\/v2\/media?parent=89683"}],"wp:term":[{"taxonomy":"product_brand","embeddable":true,"href":"https:\/\/www.3p-gmbh.de\/es\/wp-json\/wp\/v2\/product_brand?post=89683"},{"taxonomy":"product_cat","embeddable":true,"href":"https:\/\/www.3p-gmbh.de\/es\/wp-json\/wp\/v2\/product_cat?post=89683"},{"taxonomy":"product_tag","embeddable":true,"href":"https:\/\/www.3p-gmbh.de\/es\/wp-json\/wp\/v2\/product_tag?post=89683"}],"curies":[{"name":"wp","href":"https:\/\/api.w.org\/{rel}","templated":true}]}}