{"id":89676,"date":"2021-11-18T10:35:19","date_gmt":"2021-11-18T10:35:19","guid":{"rendered":"https:\/\/www.3p-gmbh.de\/produkt\/plegadora-semiautomatica-de-hebillas-ajustables-mathias-baeuerle-multimaster-cas-38-4-fl38-sa\/"},"modified":"2021-11-18T10:35:19","modified_gmt":"2021-11-18T10:35:19","slug":"plegadora-de-bolsillos-semiautomatica-regulable-mathias-baeuerle-multimaster-cas-38-4-fl38-sa","status":"publish","type":"product","link":"https:\/\/www.3p-gmbh.de\/es\/produkt\/plegadora-de-bolsillos-semiautomatica-regulable-mathias-baeuerle-multimaster-cas-38-4-fl38-sa\/","title":{"rendered":"plegadora semiautom\u00e1tica de hebillas ajustables Mathias B\u00e4uerle Multimaster CAS 38-4-FL38-SA"},"content":{"rendered":"<p><strong>Mathias B\u00e4uerle Plegadora CAS 38-4-FL38-SA<\/strong><br \/>\n<strong>A\u00f1o de fabricaci\u00f3n 2008<\/strong><br \/>\n<strong>se entrega completamente revisado<\/strong><\/p>\n<p>Consta de:<\/p>\n<ul>\n<li>Alimentador de pila plana FSA 38 con separador de bordes de salida, mesa de control y alineaci\u00f3n de doble hoja, contador total, contador de preajustes, control de recorrido de la hoja, pantalla de salida<\/li>\n<li>Compresor PICO<\/li>\n<li>Unidad plegable Multimaster CAS 38-4<br \/>\n&#8211; 4 placas de hebilla ajustables autom\u00e1ticamente<br \/>\n&#8211; Rodillos plegables de ajuste manual<\/li>\n<li>Nave de exposici\u00f3n SA<\/li>\n<\/ul>\n","protected":false},"excerpt":{"rendered":"<p>Mathias B\u00e4uerle Plegadora CAS 38-4-FL38-SA A\u00f1o de fabricaci\u00f3n 2008 se entrega completamente revisado Consta de: Alimentador de pila plana FSA 38 con separador de bordes de salida, mesa de control y alineaci\u00f3n de doble hoja, contador total, contador de preajustes, control de recorrido de la hoja, pantalla de salida Compresor PICO Unidad plegable Multimaster CAS [&hellip;]<\/p>\n","protected":false},"featured_media":82337,"template":"","meta":[],"product_brand":[],"product_cat":[2982],"product_tag":[],"class_list":{"0":"post-89676","1":"product","2":"type-product","3":"status-publish","4":"has-post-thumbnail","6":"product_cat-plegadoras","7":"pa_hersteller-mathias-baeuerle","8":"pa_typ-cas-38-4-fl38-sa","10":"first","11":"instock","12":"taxable","13":"shipping-taxable","14":"product-type-simple"},"jetpack_sharing_enabled":true,"_links":{"self":[{"href":"https:\/\/www.3p-gmbh.de\/es\/wp-json\/wp\/v2\/product\/89676","targetHints":{"allow":["GET"]}}],"collection":[{"href":"https:\/\/www.3p-gmbh.de\/es\/wp-json\/wp\/v2\/product"}],"about":[{"href":"https:\/\/www.3p-gmbh.de\/es\/wp-json\/wp\/v2\/types\/product"}],"wp:featuredmedia":[{"embeddable":true,"href":"https:\/\/www.3p-gmbh.de\/es\/wp-json\/wp\/v2\/media\/82337"}],"wp:attachment":[{"href":"https:\/\/www.3p-gmbh.de\/es\/wp-json\/wp\/v2\/media?parent=89676"}],"wp:term":[{"taxonomy":"product_brand","embeddable":true,"href":"https:\/\/www.3p-gmbh.de\/es\/wp-json\/wp\/v2\/product_brand?post=89676"},{"taxonomy":"product_cat","embeddable":true,"href":"https:\/\/www.3p-gmbh.de\/es\/wp-json\/wp\/v2\/product_cat?post=89676"},{"taxonomy":"product_tag","embeddable":true,"href":"https:\/\/www.3p-gmbh.de\/es\/wp-json\/wp\/v2\/product_tag?post=89676"}],"curies":[{"name":"wp","href":"https:\/\/api.w.org\/{rel}","templated":true}]}}