{"id":89668,"date":"2021-11-18T10:52:31","date_gmt":"2021-11-18T10:52:31","guid":{"rendered":"https:\/\/www.3p-gmbh.de\/produkt\/enfajadora-hima-ba-350-30-enfajadora-de-mesa-enfajadora\/"},"modified":"2021-11-18T10:52:31","modified_gmt":"2021-11-18T10:52:31","slug":"hima-ba-350-30-tabla-de-encuadernacion-anilladora-automatica","status":"publish","type":"product","link":"https:\/\/www.3p-gmbh.de\/es\/produkt\/hima-ba-350-30-tabla-de-encuadernacion-anilladora-automatica\/","title":{"rendered":"Enfajadora Hima BA 350-30 Enfajadora de mesa Enfajadora"},"content":{"rendered":"<p><strong>Enfajadora Hima BA 350-30 Enfajadora de mesa Enfajadora  <\/strong><\/p>\n<ul>\n<li>Creaci\u00f3n autom\u00e1tica de banderolas con papel kraft o film PE<\/li>\n<li>Producci\u00f3n de hasta 23 banderolas por minuto en funci\u00f3n del tama\u00f1o del envase<\/li>\n<li>Silencioso y r\u00e1pido<\/li>\n<li>Anchura del producto 30-350 mm<\/li>\n<li>Altura del producto 5-200 mm<\/li>\n<li>Ancho de banda 30 mm<\/li>\n<li>El ajuste continuo de la tensi\u00f3n de la cinta evita que se da\u00f1e la mercanc\u00eda envasada<\/li>\n<li>Funcionamiento sencillo<\/li>\n<li>Activaci\u00f3n del reloj mediante pulsador o interruptor de pedal<\/li>\n<li>Activaci\u00f3n autom\u00e1tica del ciclo<\/li>\n<li>Bucle de papel infinitamente ajustable<\/li>\n<\/ul>\n<p><strong><em>Datos t\u00e9cnicos<\/em><\/strong><br \/>\nDimensiones: L 540 x An 350 x Al 420 mm<br \/>\nel. Carga conectada: 220 V \/ 50 Hz \/ 140 W<br \/>\nPeso: 32 kg aprox.<\/p>\n","protected":false},"excerpt":{"rendered":"<p>Enfajadora Hima BA 350-30 Enfajadora de mesa Enfajadora Creaci\u00f3n autom\u00e1tica de banderolas con papel kraft o film PE Producci\u00f3n de hasta 23 banderolas por minuto en funci\u00f3n del tama\u00f1o del envase Silencioso y r\u00e1pido Anchura del producto 30-350 mm Altura del producto 5-200 mm Ancho de banda 30 mm El ajuste continuo de la tensi\u00f3n [&hellip;]<\/p>\n","protected":false},"featured_media":82436,"template":"","meta":[],"product_brand":[],"product_cat":[2862],"product_tag":[],"class_list":{"0":"post-89668","1":"product","2":"type-product","3":"status-publish","4":"has-post-thumbnail","6":"product_cat-maquinas-perladoras","7":"pa_hersteller-hima","8":"pa_typ-ba-350-30","10":"first","11":"instock","12":"taxable","13":"shipping-taxable","14":"product-type-simple"},"jetpack_sharing_enabled":true,"_links":{"self":[{"href":"https:\/\/www.3p-gmbh.de\/es\/wp-json\/wp\/v2\/product\/89668","targetHints":{"allow":["GET"]}}],"collection":[{"href":"https:\/\/www.3p-gmbh.de\/es\/wp-json\/wp\/v2\/product"}],"about":[{"href":"https:\/\/www.3p-gmbh.de\/es\/wp-json\/wp\/v2\/types\/product"}],"wp:featuredmedia":[{"embeddable":true,"href":"https:\/\/www.3p-gmbh.de\/es\/wp-json\/wp\/v2\/media\/82436"}],"wp:attachment":[{"href":"https:\/\/www.3p-gmbh.de\/es\/wp-json\/wp\/v2\/media?parent=89668"}],"wp:term":[{"taxonomy":"product_brand","embeddable":true,"href":"https:\/\/www.3p-gmbh.de\/es\/wp-json\/wp\/v2\/product_brand?post=89668"},{"taxonomy":"product_cat","embeddable":true,"href":"https:\/\/www.3p-gmbh.de\/es\/wp-json\/wp\/v2\/product_cat?post=89668"},{"taxonomy":"product_tag","embeddable":true,"href":"https:\/\/www.3p-gmbh.de\/es\/wp-json\/wp\/v2\/product_tag?post=89668"}],"curies":[{"name":"wp","href":"https:\/\/api.w.org\/{rel}","templated":true}]}}