{"id":89642,"date":"2021-12-05T21:10:09","date_gmt":"2021-12-05T21:10:09","guid":{"rendered":"https:\/\/www.3p-gmbh.de\/produkt\/maquina-de-impresion-offset-de-dos-colores-heidelberg-qm-46-2\/"},"modified":"2021-12-05T21:10:09","modified_gmt":"2021-12-05T21:10:09","slug":"maquina-de-impresion-offset-bicolor-heidelberg-qm-46-2","status":"publish","type":"product","link":"https:\/\/www.3p-gmbh.de\/es\/produkt\/maquina-de-impresion-offset-bicolor-heidelberg-qm-46-2\/","title":{"rendered":"M\u00e1quina de impresi\u00f3n offset de dos colores Heidelberg QM 46-2"},"content":{"rendered":"<p><strong>M\u00e1quina offset de dos colores Heidelberg QM 46-2 con unidad de polvo<br \/>\n<\/strong><br \/>\nLectura del contador aprox. 19 mio.<br \/>\nM\u00e1quina n\u00famero 955751<br \/>\nincl. Herramientas \/ accesorios est\u00e1ndar disponibles<\/p>\n","protected":false},"excerpt":{"rendered":"<p>M\u00e1quina offset de dos colores Heidelberg QM 46-2 con unidad de polvo Lectura del contador aprox. 19 mio. M\u00e1quina n\u00famero 955751 incl. Herramientas \/ accesorios est\u00e1ndar disponibles<\/p>\n","protected":false},"featured_media":82546,"template":"","meta":[],"product_brand":[],"product_cat":[3076],"product_tag":[],"class_list":{"0":"post-89642","1":"product","2":"type-product","3":"status-publish","4":"has-post-thumbnail","6":"product_cat-offset-de-pliegos-2-colores","7":"pa_hersteller-heidelberg","8":"pa_typ-qm-46-2","10":"first","11":"instock","12":"taxable","13":"shipping-taxable","14":"product-type-simple"},"jetpack_sharing_enabled":true,"_links":{"self":[{"href":"https:\/\/www.3p-gmbh.de\/es\/wp-json\/wp\/v2\/product\/89642","targetHints":{"allow":["GET"]}}],"collection":[{"href":"https:\/\/www.3p-gmbh.de\/es\/wp-json\/wp\/v2\/product"}],"about":[{"href":"https:\/\/www.3p-gmbh.de\/es\/wp-json\/wp\/v2\/types\/product"}],"wp:featuredmedia":[{"embeddable":true,"href":"https:\/\/www.3p-gmbh.de\/es\/wp-json\/wp\/v2\/media\/82546"}],"wp:attachment":[{"href":"https:\/\/www.3p-gmbh.de\/es\/wp-json\/wp\/v2\/media?parent=89642"}],"wp:term":[{"taxonomy":"product_brand","embeddable":true,"href":"https:\/\/www.3p-gmbh.de\/es\/wp-json\/wp\/v2\/product_brand?post=89642"},{"taxonomy":"product_cat","embeddable":true,"href":"https:\/\/www.3p-gmbh.de\/es\/wp-json\/wp\/v2\/product_cat?post=89642"},{"taxonomy":"product_tag","embeddable":true,"href":"https:\/\/www.3p-gmbh.de\/es\/wp-json\/wp\/v2\/product_tag?post=89642"}],"curies":[{"name":"wp","href":"https:\/\/api.w.org\/{rel}","templated":true}]}}