{"id":89620,"date":"2022-01-04T22:59:06","date_gmt":"2022-01-04T22:59:06","guid":{"rendered":"https:\/\/www.3p-gmbh.de\/produkt\/mesa-de-sintonizacion-luminosa-estandar-whitescreen-con-iluminacion-asimetrica-de-la-mesa-y-la-pared-posterior\/"},"modified":"2022-01-04T22:59:06","modified_gmt":"2022-01-04T22:59:06","slug":"whitescreen-norm-light-tuning-desk-with-asymmetrical-illumination-from-desk-and-back-wall","status":"publish","type":"product","link":"https:\/\/www.3p-gmbh.de\/es\/produkt\/whitescreen-norm-light-tuning-desk-with-asymmetrical-illumination-from-desk-and-back-wall\/","title":{"rendered":"Mesa de sintonizaci\u00f3n luminosa est\u00e1ndar WhiteScreen con iluminaci\u00f3n asim\u00e9trica de la mesa y la pared posterior"},"content":{"rendered":"<p><strong>Mesa de sintonizaci\u00f3n luminosa est\u00e1ndar WhiteScreen con iluminaci\u00f3n asim\u00e9trica de la mesa y la pared posterior<\/strong><br \/>\nSalvamanteles aprox. 60x90cm<\/p>\n<p>con cajonera<br \/>\n&#8211; un caj\u00f3n para herramientas de aprox. 15 cm de altura<br \/>\n&#8211; siete compartimentos de aprox. 6 cm de altura<\/p>\n","protected":false},"excerpt":{"rendered":"<p>Mesa de sintonizaci\u00f3n luminosa est\u00e1ndar WhiteScreen con iluminaci\u00f3n asim\u00e9trica de la mesa y la pared posterior Salvamanteles aprox. 60x90cm con cajonera &#8211; un caj\u00f3n para herramientas de aprox. 15 cm de altura &#8211; siete compartimentos de aprox. 6 cm de altura<\/p>\n","protected":false},"featured_media":82727,"template":"","meta":[],"product_brand":[],"product_cat":[2933],"product_tag":[],"class_list":{"0":"post-89620","1":"product","2":"type-product","3":"status-publish","4":"has-post-thumbnail","6":"product_cat-instrumentos-de-medida-y-control-de-calidad","8":"first","9":"instock","10":"taxable","11":"shipping-taxable","12":"product-type-simple"},"jetpack_sharing_enabled":true,"_links":{"self":[{"href":"https:\/\/www.3p-gmbh.de\/es\/wp-json\/wp\/v2\/product\/89620","targetHints":{"allow":["GET"]}}],"collection":[{"href":"https:\/\/www.3p-gmbh.de\/es\/wp-json\/wp\/v2\/product"}],"about":[{"href":"https:\/\/www.3p-gmbh.de\/es\/wp-json\/wp\/v2\/types\/product"}],"wp:featuredmedia":[{"embeddable":true,"href":"https:\/\/www.3p-gmbh.de\/es\/wp-json\/wp\/v2\/media\/82727"}],"wp:attachment":[{"href":"https:\/\/www.3p-gmbh.de\/es\/wp-json\/wp\/v2\/media?parent=89620"}],"wp:term":[{"taxonomy":"product_brand","embeddable":true,"href":"https:\/\/www.3p-gmbh.de\/es\/wp-json\/wp\/v2\/product_brand?post=89620"},{"taxonomy":"product_cat","embeddable":true,"href":"https:\/\/www.3p-gmbh.de\/es\/wp-json\/wp\/v2\/product_cat?post=89620"},{"taxonomy":"product_tag","embeddable":true,"href":"https:\/\/www.3p-gmbh.de\/es\/wp-json\/wp\/v2\/product_tag?post=89620"}],"curies":[{"name":"wp","href":"https:\/\/api.w.org\/{rel}","templated":true}]}}