{"id":89596,"date":"2022-01-28T15:01:24","date_gmt":"2022-01-28T15:01:24","guid":{"rendered":"https:\/\/www.3p-gmbh.de\/produkt\/pernuma-perfoset-e-xl-punzonadora-y-canceladora\/"},"modified":"2022-01-28T15:01:24","modified_gmt":"2022-01-28T15:01:24","slug":"pernuma-perfoset-e-xl-hole-u-devaluation-device","status":"publish","type":"product","link":"https:\/\/www.3p-gmbh.de\/es\/produkt\/pernuma-perfoset-e-xl-hole-u-devaluation-device\/","title":{"rendered":"Pernuma PERFOSET E\/XL punzonadora y canceladora"},"content":{"rendered":"<p><strong>Pernuma PERFOSET E\/XL punzonadora y canceladora<\/strong><br \/>\n<strong>incl. 1 estrella fija de \u00d8 8<\/strong><\/p>\n<p>La PERFOSET E\/XL es una m\u00e1quina el\u00e9ctrica de validaci\u00f3n de orificios muy robusta para uso en oficinas.<br \/>\nSe pueden perforar hasta 100 hojas (70 g) en una sola operaci\u00f3n.<br \/>\nLa profundidad de inserci\u00f3n es de 85 mm.<\/p>\n<p>Por ejemplo, los carn\u00e9s de identidad, las tarjetas de cheques o los documentos de licitaci\u00f3n pueden marcarse o anularse de forma segura.<\/p>\n<p>Se fija el car\u00e1cter deseado.<\/p>\n<p>-m\u00e1quina de mesa el\u00e9ctrica robusta con una herramienta de taladro fijo en \u00d8 8 mm (est\u00e1ndar)<br \/>\n-opcional 13 tipos de punz\u00f3n diferentes, otros di\u00e1metros (tambi\u00e9n europerforaci\u00f3n para bl\u00edsteres) disponibles con recargo<br \/>\nAccionamiento mediante pulsador lateral o interruptor de pedal el\u00e9ctrico<br \/>\n-Capacidad de perforaci\u00f3n de hasta 100 hojas (papel de 70 g\/m\u00b2)<br \/>\n-profundidad de inserci\u00f3n: aprox. 85 mm (borde inferior o superior de la hoja de papel)<br \/>\n-Profundidad y tope lateral ajustables<br \/>\n-Conexi\u00f3n: 230 V \/ 50 Hz<br \/>\n-Dimensiones: An390 x Pr590 x Al270 mm (+embalaje)<br \/>\n-Peso: 26<\/p>\n","protected":false},"excerpt":{"rendered":"<p>Pernuma PERFOSET E\/XL punzonadora y canceladora incl. 1 estrella fija de \u00d8 8 La PERFOSET E\/XL es una m\u00e1quina el\u00e9ctrica de validaci\u00f3n de orificios muy robusta para uso en oficinas. Se pueden perforar hasta 100 hojas (70 g) en una sola operaci\u00f3n. La profundidad de inserci\u00f3n es de 85 mm. Por ejemplo, los carn\u00e9s de [&hellip;]<\/p>\n","protected":false},"featured_media":82849,"template":"","meta":[],"product_brand":[],"product_cat":[2910,2894],"product_tag":[],"class_list":{"0":"post-89596","1":"product","2":"type-product","3":"status-publish","4":"has-post-thumbnail","6":"product_cat-perforacion","7":"product_cat-surtido-encuadernacion","8":"pa_hersteller-pernuma","9":"pa_typ-perfoset-e-xl","11":"first","12":"instock","13":"taxable","14":"shipping-taxable","15":"product-type-simple"},"jetpack_sharing_enabled":true,"_links":{"self":[{"href":"https:\/\/www.3p-gmbh.de\/es\/wp-json\/wp\/v2\/product\/89596","targetHints":{"allow":["GET"]}}],"collection":[{"href":"https:\/\/www.3p-gmbh.de\/es\/wp-json\/wp\/v2\/product"}],"about":[{"href":"https:\/\/www.3p-gmbh.de\/es\/wp-json\/wp\/v2\/types\/product"}],"wp:featuredmedia":[{"embeddable":true,"href":"https:\/\/www.3p-gmbh.de\/es\/wp-json\/wp\/v2\/media\/82849"}],"wp:attachment":[{"href":"https:\/\/www.3p-gmbh.de\/es\/wp-json\/wp\/v2\/media?parent=89596"}],"wp:term":[{"taxonomy":"product_brand","embeddable":true,"href":"https:\/\/www.3p-gmbh.de\/es\/wp-json\/wp\/v2\/product_brand?post=89596"},{"taxonomy":"product_cat","embeddable":true,"href":"https:\/\/www.3p-gmbh.de\/es\/wp-json\/wp\/v2\/product_cat?post=89596"},{"taxonomy":"product_tag","embeddable":true,"href":"https:\/\/www.3p-gmbh.de\/es\/wp-json\/wp\/v2\/product_tag?post=89596"}],"curies":[{"name":"wp","href":"https:\/\/api.w.org\/{rel}","templated":true}]}}