{"id":89584,"date":"2022-01-28T15:14:14","date_gmt":"2022-01-28T15:14:14","guid":{"rendered":"https:\/\/www.3p-gmbh.de\/produkt\/grapadora-multicabezal-de-mesa-de-3-cabezales-para-grapado-normal-hohner-exact\/"},"modified":"2022-01-28T15:14:14","modified_gmt":"2022-01-28T15:14:14","slug":"maquina-grapadora-de-alambre-para-grapado-normal-de-3-cabezales-de-mesa-multicabezal-y-folletos-de-alta-precision","status":"publish","type":"product","link":"https:\/\/www.3p-gmbh.de\/es\/produkt\/maquina-grapadora-de-alambre-para-grapado-normal-de-3-cabezales-de-mesa-multicabezal-y-folletos-de-alta-precision\/","title":{"rendered":"Grapadora multicabezal de mesa de 3 cabezales para grapado normal HOHNER EXACT"},"content":{"rendered":"<p><strong>Grapadora de sobremesa multicabezal HOHNER EXACT para grapado normal de bloques y folletos<br \/>\n<\/strong><strong>A\u00f1o de fabricaci\u00f3n 1991 &#8211; completamente revisada en taller<\/strong><\/p>\n<p>Instalaci\u00f3n de hasta cuatro cabezales de costura estrechos HOHNER UNIVERSAL 52\/8 para<br \/>\nGrapado normal, grapado con anilla o aplicaci\u00f3n mixta.<br \/>\nIgualmente adecuada como m\u00e1quina independiente o como unidad empotrada.<\/p>\n<p>-Grosor m\u00e1ximo de las grapas de 8 mm para un grapado normal<br \/>\n-Mesa de grapado f\u00e1cilmente ajustable: recta para blocs, en \u00e1ngulo para folletos.<br \/>\n-La resistencia de la grapa y la longitud del hilo se ajustan de forma simult\u00e1nea y centralizada para todos los cabezales.<br \/>\najustado mediante una sola palanca.<br \/>\n-Un tope trasero y dos laterales, todos ajustables, permiten<br \/>\npara que los soportes est\u00e9n siempre colocados en el lugar deseado.<br \/>\n-Los cabezales de grapado se pueden quitar o poner r\u00e1pidamente, y se pueden colocar lateralmente.<br \/>\npuede aplazarse o simplemente desconectarse temporalmente.<\/p>\n<p>-Capacidad m\u00e1xima de grapado: 206 grapas \/ minuto por cabezal.<\/p>\n<p>-Comunicado de prensa<br \/>\n-Tama\u00f1o de la mesa: 550 x 280 mm<br \/>\n-profundidad de inserci\u00f3n desde la caja de la campana 165 mm<br \/>\n-distancia de sujeci\u00f3n m\u00e1x. 330 mm<br \/>\n-distancia de sujeci\u00f3n m\u00edn. 52-62 mm<\/p>\n","protected":false},"excerpt":{"rendered":"<p>Grapadora de sobremesa multicabezal HOHNER EXACT para grapado normal de bloques y folletos A\u00f1o de fabricaci\u00f3n 1991 &#8211; completamente revisada en taller Instalaci\u00f3n de hasta cuatro cabezales de costura estrechos HOHNER UNIVERSAL 52\/8 para Grapado normal, grapado con anilla o aplicaci\u00f3n mixta. Igualmente adecuada como m\u00e1quina independiente o como unidad empotrada. -Grosor m\u00e1ximo de las [&hellip;]<\/p>\n","protected":false},"featured_media":82891,"template":"","meta":[],"product_brand":[],"product_cat":[2990],"product_tag":[],"class_list":{"0":"post-89584","1":"product","2":"type-product","3":"status-publish","4":"has-post-thumbnail","6":"product_cat-grapadoras","7":"pa_hersteller-hohner","8":"pa_typ-exact","10":"first","11":"instock","12":"taxable","13":"shipping-taxable","14":"product-type-simple"},"jetpack_sharing_enabled":true,"_links":{"self":[{"href":"https:\/\/www.3p-gmbh.de\/es\/wp-json\/wp\/v2\/product\/89584","targetHints":{"allow":["GET"]}}],"collection":[{"href":"https:\/\/www.3p-gmbh.de\/es\/wp-json\/wp\/v2\/product"}],"about":[{"href":"https:\/\/www.3p-gmbh.de\/es\/wp-json\/wp\/v2\/types\/product"}],"wp:featuredmedia":[{"embeddable":true,"href":"https:\/\/www.3p-gmbh.de\/es\/wp-json\/wp\/v2\/media\/82891"}],"wp:attachment":[{"href":"https:\/\/www.3p-gmbh.de\/es\/wp-json\/wp\/v2\/media?parent=89584"}],"wp:term":[{"taxonomy":"product_brand","embeddable":true,"href":"https:\/\/www.3p-gmbh.de\/es\/wp-json\/wp\/v2\/product_brand?post=89584"},{"taxonomy":"product_cat","embeddable":true,"href":"https:\/\/www.3p-gmbh.de\/es\/wp-json\/wp\/v2\/product_cat?post=89584"},{"taxonomy":"product_tag","embeddable":true,"href":"https:\/\/www.3p-gmbh.de\/es\/wp-json\/wp\/v2\/product_tag?post=89584"}],"curies":[{"name":"wp","href":"https:\/\/api.w.org\/{rel}","templated":true}]}}