{"id":89579,"date":"2022-01-28T15:08:12","date_gmt":"2022-01-28T15:08:12","guid":{"rendered":"https:\/\/www.3p-gmbh.de\/produkt\/heidelberg-stahlfolder-sph-70-entrega-en-flujo\/"},"modified":"2022-01-28T15:08:12","modified_gmt":"2022-01-28T15:08:12","slug":"balanza-prensa-expositor-heidelberg-carpeta-de-acero-sph-70","status":"publish","type":"product","link":"https:\/\/www.3p-gmbh.de\/es\/produkt\/balanza-prensa-expositor-heidelberg-carpeta-de-acero-sph-70\/","title":{"rendered":"Heidelberg Stahlfolder SPH-70 entrega en flujo"},"content":{"rendered":"<p><strong>Entrega de la prensa de cobertizo Heidelberg Stahlfolder SPH-70 <\/strong><strong><br \/>\nA\u00f1o de fabricaci\u00f3n 2013<\/strong><br \/>\nSalida de prensa regulable en altura y m\u00f3vil que cuida el material<br \/>\ncon regulaci\u00f3n continua de la velocidad, dispositivo de marcado integrado, control de pliegos<br \/>\ny control de alimentaci\u00f3n<br \/>\nMCT control<\/p>\n","protected":false},"excerpt":{"rendered":"<p>Entrega de la prensa de cobertizo Heidelberg Stahlfolder SPH-70 A\u00f1o de fabricaci\u00f3n 2013 Salida de prensa regulable en altura y m\u00f3vil que cuida el material con regulaci\u00f3n continua de la velocidad, dispositivo de marcado integrado, control de pliegos y control de alimentaci\u00f3n MCT control<\/p>\n","protected":false},"featured_media":82873,"template":"","meta":[],"product_brand":[],"product_cat":[2913],"product_tag":[],"class_list":{"0":"post-89579","1":"product","2":"type-product","3":"status-publish","4":"has-post-thumbnail","6":"product_cat-gastos","7":"pa_hersteller-heidelberg-stahlfolder","8":"pa_typ-stahlfolder-sph-70","10":"first","11":"instock","12":"taxable","13":"shipping-taxable","14":"product-type-simple"},"jetpack_sharing_enabled":true,"_links":{"self":[{"href":"https:\/\/www.3p-gmbh.de\/es\/wp-json\/wp\/v2\/product\/89579","targetHints":{"allow":["GET"]}}],"collection":[{"href":"https:\/\/www.3p-gmbh.de\/es\/wp-json\/wp\/v2\/product"}],"about":[{"href":"https:\/\/www.3p-gmbh.de\/es\/wp-json\/wp\/v2\/types\/product"}],"wp:featuredmedia":[{"embeddable":true,"href":"https:\/\/www.3p-gmbh.de\/es\/wp-json\/wp\/v2\/media\/82873"}],"wp:attachment":[{"href":"https:\/\/www.3p-gmbh.de\/es\/wp-json\/wp\/v2\/media?parent=89579"}],"wp:term":[{"taxonomy":"product_brand","embeddable":true,"href":"https:\/\/www.3p-gmbh.de\/es\/wp-json\/wp\/v2\/product_brand?post=89579"},{"taxonomy":"product_cat","embeddable":true,"href":"https:\/\/www.3p-gmbh.de\/es\/wp-json\/wp\/v2\/product_cat?post=89579"},{"taxonomy":"product_tag","embeddable":true,"href":"https:\/\/www.3p-gmbh.de\/es\/wp-json\/wp\/v2\/product_tag?post=89579"}],"curies":[{"name":"wp","href":"https:\/\/api.w.org\/{rel}","templated":true}]}}