{"id":89566,"date":"2022-06-15T18:47:42","date_gmt":"2022-06-15T18:47:42","guid":{"rendered":"https:\/\/www.3p-gmbh.de\/produkt\/retractiladora-semiautomatica-retractiladora-de-campana-torre-minipack-fc-76-a\/"},"modified":"2022-06-15T18:47:42","modified_gmt":"2022-06-15T18:47:42","slug":"maquina-selladora-semiautomatica-encogedora-torre-minipack-fc-76-a","status":"publish","type":"product","link":"https:\/\/www.3p-gmbh.de\/es\/produkt\/maquina-selladora-semiautomatica-encogedora-torre-minipack-fc-76-a\/","title":{"rendered":"Retractiladora semiautom\u00e1tica &#8211; retractiladora de campana Torre Minipack FC 76 A"},"content":{"rendered":"<p><strong>Retractiladora semiautom\u00e1tica &#8211; retractiladora de campana Torre Minipack FC 76 A<\/strong><br \/>\n<strong>de yr. 2015<\/strong><\/p>\n<p>M\u00e1quina compacta de sellado y retractilado de muy buen rendimiento de envasado, est\u00e1 r\u00e1pidamente lista para trabajar y es f\u00e1cil de manejar.<br \/>\nAdecuada sobre todo para cantidades peque\u00f1as y medianas de hasta 300 piezas por hora de envasado en film.<\/p>\n<p><em><strong>CARACTER\u00cdSTICAS T\u00c9CNICAS:<\/strong><\/em><\/p>\n<ul>\n<li>Ciclo de trabajo en \u00abAutom\u00e1tico\u00bb (al pulsar el bot\u00f3n de inicio, los ciclos se ejecutan en secuencia con pausas programadas).<\/li>\n<li>y tambi\u00e9n es posible en \u00abManual\u00bb (al pulsar el bot\u00f3n de inicio, se ejecuta un \u00fanico ciclo de envasado)<\/li>\n<li>Campana motorizada y cinta de expulsi\u00f3n de productos<\/li>\n<li>Interfaz frontal con los mandos: programaci\u00f3n intuitiva<\/li>\n<li>Refrigeraci\u00f3n de la barra de sellado: aumento de la productividad y mejora del sellado<\/li>\n<li>Innovadora fijaci\u00f3n de la campana superior<\/li>\n<li>Control de seguridad de las cuchillas de sellado: mayor seguridad para la m\u00e1quina<\/li>\n<li>Portabobinas para bobinas de mayor di\u00e1metro (250 mm)<\/li>\n<li>Placa de envasado independiente del portabobinas: tambi\u00e9n adecuada para envasar productos muy peque\u00f1os con la misma bobina de pel\u00edcula<\/li>\n<li>Microperforaci\u00f3n: perforaci\u00f3n ininterrumpida y precisa<\/li>\n<li>Pantalla: con 2 d\u00edgitos para programas y ajustes y 4 d\u00edgitos para el contador de piezas<\/li>\n<li>Panel de control digital de f\u00e1cil manejo con 6 programas memorizables<\/li>\n<li>Contador de unidades incluido: equipamiento m\u00e1s completo<\/li>\n<li>Acceso para tarjetas con solapa en la parte delantera<\/li>\n<li>Placa de rejilla extendida: abertura de almacenamiento de protecci\u00f3n de pal\u00e9s<\/li>\n<li>Potente motor ventilador: mayor capacidad de retracci\u00f3n<\/li>\n<li>Termostato de seguridad adicional directamente sobre la resistencia del acumulador de calor: mayor seguridad de la m\u00e1quina<\/li>\n<li>Perfil de retenci\u00f3n de manguera de neopreno sin adhesivo<\/li>\n<li>Sistema de seguridad Bell: m\u00e1s seguridad para el operario<\/li>\n<\/ul>\n","protected":false},"excerpt":{"rendered":"<p>Retractiladora semiautom\u00e1tica &#8211; retractiladora de campana Torre Minipack FC 76 A de yr. 2015 M\u00e1quina compacta de sellado y retractilado de muy buen rendimiento de envasado, est\u00e1 r\u00e1pidamente lista para trabajar y es f\u00e1cil de manejar. Adecuada sobre todo para cantidades peque\u00f1as y medianas de hasta 300 piezas por hora de envasado en film. CARACTER\u00cdSTICAS [&hellip;]<\/p>\n","protected":false},"featured_media":83576,"template":"","meta":[],"product_brand":[],"product_cat":[3028],"product_tag":[],"class_list":{"0":"post-89566","1":"product","2":"type-product","3":"status-publish","4":"has-post-thumbnail","6":"product_cat-envasadora-de-film-y-envasadora-estirable","7":"pa_hersteller-torre-minipack","8":"pa_typ-fc-76-a","10":"first","11":"instock","12":"taxable","13":"shipping-taxable","14":"product-type-simple"},"jetpack_sharing_enabled":true,"_links":{"self":[{"href":"https:\/\/www.3p-gmbh.de\/es\/wp-json\/wp\/v2\/product\/89566","targetHints":{"allow":["GET"]}}],"collection":[{"href":"https:\/\/www.3p-gmbh.de\/es\/wp-json\/wp\/v2\/product"}],"about":[{"href":"https:\/\/www.3p-gmbh.de\/es\/wp-json\/wp\/v2\/types\/product"}],"wp:featuredmedia":[{"embeddable":true,"href":"https:\/\/www.3p-gmbh.de\/es\/wp-json\/wp\/v2\/media\/83576"}],"wp:attachment":[{"href":"https:\/\/www.3p-gmbh.de\/es\/wp-json\/wp\/v2\/media?parent=89566"}],"wp:term":[{"taxonomy":"product_brand","embeddable":true,"href":"https:\/\/www.3p-gmbh.de\/es\/wp-json\/wp\/v2\/product_brand?post=89566"},{"taxonomy":"product_cat","embeddable":true,"href":"https:\/\/www.3p-gmbh.de\/es\/wp-json\/wp\/v2\/product_cat?post=89566"},{"taxonomy":"product_tag","embeddable":true,"href":"https:\/\/www.3p-gmbh.de\/es\/wp-json\/wp\/v2\/product_tag?post=89566"}],"curies":[{"name":"wp","href":"https:\/\/api.w.org\/{rel}","templated":true}]}}