{"id":89552,"date":"2022-01-28T15:35:37","date_gmt":"2022-01-28T15:35:37","guid":{"rendered":"https:\/\/www.3p-gmbh.de\/produkt\/enfajadora-movil-band-all-modelo-ba-40-30\/"},"modified":"2022-01-28T15:35:37","modified_gmt":"2022-01-28T15:35:37","slug":"modelo-ba-40-30-de-maquina-de-anillamiento-movil","status":"publish","type":"product","link":"https:\/\/www.3p-gmbh.de\/es\/produkt\/modelo-ba-40-30-de-maquina-de-anillamiento-movil\/","title":{"rendered":"enfajadora m\u00f3vil Band All modelo BA 40-30"},"content":{"rendered":"<p><strong>enfajadora m\u00f3vil Band All modelo BA 40-30<\/strong><\/p>\n<p>para pel\u00edcula de pl\u00e1stico (tambi\u00e9n extremadamente fina) y cinta de papel<br \/>\nAncho de banda: 30 mm<br \/>\nPaquetes: An 40 x Al 250 mm<br \/>\nSe pueden guardar varios programas<br \/>\nAjuste de la tensi\u00f3n de la correa<br \/>\nAjuste del tiempo de soldadura<br \/>\nAjuste de la duraci\u00f3n de la ejecuci\u00f3n<br \/>\nOtros ajustes<br \/>\nConexi\u00f3n neum\u00e1tica (aire comprimido a cargo del cliente)<br \/>\nConexi\u00f3n: 230 V<\/p>\n","protected":false},"excerpt":{"rendered":"<p>enfajadora m\u00f3vil Band All modelo BA 40-30 para pel\u00edcula de pl\u00e1stico (tambi\u00e9n extremadamente fina) y cinta de papel Ancho de banda: 30 mm Paquetes: An 40 x Al 250 mm Se pueden guardar varios programas Ajuste de la tensi\u00f3n de la correa Ajuste del tiempo de soldadura Ajuste de la duraci\u00f3n de la ejecuci\u00f3n Otros [&hellip;]<\/p>\n","protected":false},"featured_media":82945,"template":"","meta":[],"product_brand":[],"product_cat":[2862],"product_tag":[],"class_list":{"0":"post-89552","1":"product","2":"type-product","3":"status-publish","4":"has-post-thumbnail","6":"product_cat-maquinas-perladoras","7":"pa_hersteller-band-all","8":"pa_typ-ba-40-30","10":"first","11":"instock","12":"taxable","13":"shipping-taxable","14":"product-type-simple"},"jetpack_sharing_enabled":true,"_links":{"self":[{"href":"https:\/\/www.3p-gmbh.de\/es\/wp-json\/wp\/v2\/product\/89552","targetHints":{"allow":["GET"]}}],"collection":[{"href":"https:\/\/www.3p-gmbh.de\/es\/wp-json\/wp\/v2\/product"}],"about":[{"href":"https:\/\/www.3p-gmbh.de\/es\/wp-json\/wp\/v2\/types\/product"}],"wp:featuredmedia":[{"embeddable":true,"href":"https:\/\/www.3p-gmbh.de\/es\/wp-json\/wp\/v2\/media\/82945"}],"wp:attachment":[{"href":"https:\/\/www.3p-gmbh.de\/es\/wp-json\/wp\/v2\/media?parent=89552"}],"wp:term":[{"taxonomy":"product_brand","embeddable":true,"href":"https:\/\/www.3p-gmbh.de\/es\/wp-json\/wp\/v2\/product_brand?post=89552"},{"taxonomy":"product_cat","embeddable":true,"href":"https:\/\/www.3p-gmbh.de\/es\/wp-json\/wp\/v2\/product_cat?post=89552"},{"taxonomy":"product_tag","embeddable":true,"href":"https:\/\/www.3p-gmbh.de\/es\/wp-json\/wp\/v2\/product_tag?post=89552"}],"curies":[{"name":"wp","href":"https:\/\/api.w.org\/{rel}","templated":true}]}}