{"id":89542,"date":"2022-06-21T19:43:41","date_gmt":"2022-06-21T19:43:41","guid":{"rendered":"https:\/\/www.3p-gmbh.de\/produkt\/balanza-de-hojas-dufk-600-de-mettler-toledo-con-escala-de-referencia\/"},"modified":"2022-06-21T19:43:41","modified_gmt":"2022-06-21T19:43:41","slug":"mettler-toledo-dufk-600-arco-balanza-con-balanza-de-referencia","status":"publish","type":"product","link":"https:\/\/www.3p-gmbh.de\/es\/produkt\/mettler-toledo-dufk-600-arco-balanza-con-balanza-de-referencia\/","title":{"rendered":"Balanza de hojas DUFK 600 de Mettler Toledo con escala de referencia"},"content":{"rendered":"<p><strong>Balanza de hojas DUFK 600 de Mettler Toledo con escala de referencia<\/strong><br \/>\n<strong>Balanza contadora de tama\u00f1o de plataforma adecuada para vibradores Polar Mohr RA-2 o Polar RA-4 u otras marcas<\/strong><br \/>\nde yr. 2017<\/p>\n<p>para la creaci\u00f3n de capas de corte con precisi\u00f3n cuantitativa<\/p>\n","protected":false},"excerpt":{"rendered":"<p>Balanza de hojas DUFK 600 de Mettler Toledo con escala de referencia Balanza contadora de tama\u00f1o de plataforma adecuada para vibradores Polar Mohr RA-2 o Polar RA-4 u otras marcas de yr. 2017 para la creaci\u00f3n de capas de corte con precisi\u00f3n cuantitativa<\/p>\n","protected":false},"featured_media":94505,"template":"","meta":[],"product_brand":[],"product_cat":[2849,3018],"product_tag":[],"class_list":{"0":"post-89542","1":"product","2":"type-product","3":"status-publish","4":"has-post-thumbnail","6":"product_cat-accesorios","7":"product_cat-maquinas-de-corte-es","8":"pa_hersteller-mettler-toledo","9":"pa_typ-dufk-600","11":"first","12":"instock","13":"taxable","14":"shipping-taxable","15":"product-type-simple"},"jetpack_sharing_enabled":true,"_links":{"self":[{"href":"https:\/\/www.3p-gmbh.de\/es\/wp-json\/wp\/v2\/product\/89542","targetHints":{"allow":["GET"]}}],"collection":[{"href":"https:\/\/www.3p-gmbh.de\/es\/wp-json\/wp\/v2\/product"}],"about":[{"href":"https:\/\/www.3p-gmbh.de\/es\/wp-json\/wp\/v2\/types\/product"}],"wp:featuredmedia":[{"embeddable":true,"href":"https:\/\/www.3p-gmbh.de\/es\/wp-json\/wp\/v2\/media\/94505"}],"wp:attachment":[{"href":"https:\/\/www.3p-gmbh.de\/es\/wp-json\/wp\/v2\/media?parent=89542"}],"wp:term":[{"taxonomy":"product_brand","embeddable":true,"href":"https:\/\/www.3p-gmbh.de\/es\/wp-json\/wp\/v2\/product_brand?post=89542"},{"taxonomy":"product_cat","embeddable":true,"href":"https:\/\/www.3p-gmbh.de\/es\/wp-json\/wp\/v2\/product_cat?post=89542"},{"taxonomy":"product_tag","embeddable":true,"href":"https:\/\/www.3p-gmbh.de\/es\/wp-json\/wp\/v2\/product_tag?post=89542"}],"curies":[{"name":"wp","href":"https:\/\/api.w.org\/{rel}","templated":true}]}}