{"id":89537,"date":"2022-07-10T21:08:14","date_gmt":"2022-07-10T21:08:14","guid":{"rendered":"https:\/\/www.3p-gmbh.de\/produkt\/werner-achilles-sondermaschinenbau-alimentador-automatico-movil-para-papel-carton-formato-pequeno-hasta-50x60-cm\/"},"modified":"2022-07-10T21:08:14","modified_gmt":"2022-07-10T21:08:14","slug":"werner-achilles-special-machinery-automatic-mobile-feeder-for-paper-cardboard-small-format-up-to-50x60-cm","status":"publish","type":"product","link":"https:\/\/www.3p-gmbh.de\/es\/produkt\/werner-achilles-special-machinery-automatic-mobile-feeder-for-paper-cardboard-small-format-up-to-50x60-cm\/","title":{"rendered":"Werner Achilles Sondermaschinenbau &#8211; alimentador autom\u00e1tico m\u00f3vil para papel \/ cart\u00f3n &#8211; formato peque\u00f1o hasta 50&#215;60 cm"},"content":{"rendered":"<p><strong>Construcci\u00f3n especial de la m\u00e1quina basada en un alimentador KM 500<\/strong><br \/>\n<strong>Alimentador autom\u00e1tico m\u00f3vil para papel \/ cart\u00f3n &#8211; peque\u00f1o formato<\/strong><br \/>\n<strong>A\u00f1o de fabricaci\u00f3n 2017<\/strong><\/p>\n<p>Anchura de trabajo m\u00e1x. 50&#215;60 cm<br \/>\nAnchura de trabajo m\u00edn. 13&#215;32 cm<br \/>\nAlimentador de pila plana Altura de apilado aprox. 70 cm<\/p>\n<p>Las tablas de la imagen tienen un grosor de 2,2 mm.<br \/>\nComo m\u00e1ximo. Por tanto, el formato de 50&#215;60 cm deber\u00eda ser de 600 g\/m\u00b2.<br \/>\nno ser un problema&#8230;.<\/p>\n<p>Revisi\u00f3n mec\u00e1nica y el\u00e9ctrica, sistema de control propio con componentes Siemens<br \/>\nBomba de vac\u00edo nueva, barreras de luz nuevas,<br \/>\nCintas transportadoras nuevas etc&#8230;.<\/p>\n<p>Sin marcado CE<\/p>\n","protected":false},"excerpt":{"rendered":"<p>Construcci\u00f3n especial de la m\u00e1quina basada en un alimentador KM 500 Alimentador autom\u00e1tico m\u00f3vil para papel \/ cart\u00f3n &#8211; peque\u00f1o formato A\u00f1o de fabricaci\u00f3n 2017 Anchura de trabajo m\u00e1x. 50&#215;60 cm Anchura de trabajo m\u00edn. 13&#215;32 cm Alimentador de pila plana Altura de apilado aprox. 70 cm Las tablas de la imagen tienen un grosor [&hellip;]<\/p>\n","protected":false},"featured_media":83777,"template":"","meta":[],"product_brand":[],"product_cat":[3022],"product_tag":[],"class_list":{"0":"post-89537","1":"product","2":"type-product","3":"status-publish","4":"has-post-thumbnail","6":"product_cat-inversores","7":"pa_hersteller-werner-achilles","9":"first","10":"instock","11":"taxable","12":"shipping-taxable","13":"product-type-simple"},"jetpack_sharing_enabled":true,"_links":{"self":[{"href":"https:\/\/www.3p-gmbh.de\/es\/wp-json\/wp\/v2\/product\/89537","targetHints":{"allow":["GET"]}}],"collection":[{"href":"https:\/\/www.3p-gmbh.de\/es\/wp-json\/wp\/v2\/product"}],"about":[{"href":"https:\/\/www.3p-gmbh.de\/es\/wp-json\/wp\/v2\/types\/product"}],"wp:featuredmedia":[{"embeddable":true,"href":"https:\/\/www.3p-gmbh.de\/es\/wp-json\/wp\/v2\/media\/83777"}],"wp:attachment":[{"href":"https:\/\/www.3p-gmbh.de\/es\/wp-json\/wp\/v2\/media?parent=89537"}],"wp:term":[{"taxonomy":"product_brand","embeddable":true,"href":"https:\/\/www.3p-gmbh.de\/es\/wp-json\/wp\/v2\/product_brand?post=89537"},{"taxonomy":"product_cat","embeddable":true,"href":"https:\/\/www.3p-gmbh.de\/es\/wp-json\/wp\/v2\/product_cat?post=89537"},{"taxonomy":"product_tag","embeddable":true,"href":"https:\/\/www.3p-gmbh.de\/es\/wp-json\/wp\/v2\/product_tag?post=89537"}],"curies":[{"name":"wp","href":"https:\/\/api.w.org\/{rel}","templated":true}]}}