{"id":89509,"date":"2022-08-02T13:19:58","date_gmt":"2022-08-02T13:19:58","guid":{"rendered":"https:\/\/www.3p-gmbh.de\/produkt\/linea-automatica-de-perforacion-de-papel-duerselen-corta-pb-09-f\/"},"modified":"2022-08-02T13:19:58","modified_gmt":"2022-08-02T13:19:58","slug":"automatic-paper-drilling-line-duerselen-corta-pb-09-f","status":"publish","type":"product","link":"https:\/\/www.3p-gmbh.de\/es\/produkt\/automatic-paper-drilling-line-duerselen-corta-pb-09-f\/","title":{"rendered":"l\u00ednea autom\u00e1tica de perforaci\u00f3n de papel D\u00fcrselen Corta PB 09 F"},"content":{"rendered":"<p><strong>l\u00ednea autom\u00e1tica de perforaci\u00f3n de papel D\u00fcrselen Corta PB 09 F<\/strong><br \/>\n<strong>desde 2005<\/strong><\/p>\n<p>con balanc\u00edn plano y 4 cabezales de perforaci\u00f3n<\/p>\n<p><a href=\"https:\/\/www.3p-gmbh.de\/wp-content\/uploads\/2022\/08\/Prospekt_Duerselen_PB09Flach.pdf\">Folleto_Duerselen_PB09+Piso<\/a><\/p>\n","protected":false},"excerpt":{"rendered":"<p>l\u00ednea autom\u00e1tica de perforaci\u00f3n de papel D\u00fcrselen Corta PB 09 F desde 2005 con balanc\u00edn plano y 4 cabezales de perforaci\u00f3n Folleto_Duerselen_PB09+Piso<\/p>\n","protected":false},"featured_media":83963,"template":"","meta":[],"product_brand":[],"product_cat":[2956],"product_tag":[],"class_list":{"0":"post-89509","1":"product","2":"type-product","3":"status-publish","4":"has-post-thumbnail","6":"product_cat-taladros-de-papel","7":"pa_hersteller-duerselen-2","8":"pa_typ-corta-pb-09-f","10":"first","11":"instock","12":"taxable","13":"shipping-taxable","14":"product-type-simple"},"jetpack_sharing_enabled":true,"_links":{"self":[{"href":"https:\/\/www.3p-gmbh.de\/es\/wp-json\/wp\/v2\/product\/89509","targetHints":{"allow":["GET"]}}],"collection":[{"href":"https:\/\/www.3p-gmbh.de\/es\/wp-json\/wp\/v2\/product"}],"about":[{"href":"https:\/\/www.3p-gmbh.de\/es\/wp-json\/wp\/v2\/types\/product"}],"wp:featuredmedia":[{"embeddable":true,"href":"https:\/\/www.3p-gmbh.de\/es\/wp-json\/wp\/v2\/media\/83963"}],"wp:attachment":[{"href":"https:\/\/www.3p-gmbh.de\/es\/wp-json\/wp\/v2\/media?parent=89509"}],"wp:term":[{"taxonomy":"product_brand","embeddable":true,"href":"https:\/\/www.3p-gmbh.de\/es\/wp-json\/wp\/v2\/product_brand?post=89509"},{"taxonomy":"product_cat","embeddable":true,"href":"https:\/\/www.3p-gmbh.de\/es\/wp-json\/wp\/v2\/product_cat?post=89509"},{"taxonomy":"product_tag","embeddable":true,"href":"https:\/\/www.3p-gmbh.de\/es\/wp-json\/wp\/v2\/product_tag?post=89509"}],"curies":[{"name":"wp","href":"https:\/\/api.w.org\/{rel}","templated":true}]}}