{"id":89505,"date":"2022-08-02T14:33:42","date_gmt":"2022-08-02T14:33:42","guid":{"rendered":"https:\/\/www.3p-gmbh.de\/produkt\/como-nueva-encoladora-de-dos-rodillos-de-cola-fria-y-caliente-sumbel-herold-500\/"},"modified":"2022-08-02T14:33:42","modified_gmt":"2022-08-02T14:33:42","slug":"as-nuevos-dos-rodillos-encolado-caliente-maquina-encoladora-sumbel-herold-500","status":"publish","type":"product","link":"https:\/\/www.3p-gmbh.de\/es\/produkt\/as-nuevos-dos-rodillos-encolado-caliente-maquina-encoladora-sumbel-herold-500\/","title":{"rendered":"como nueva encoladora de dos rodillos de cola fria y caliente Sumbel Herold 500"},"content":{"rendered":"<p><strong>Encoladora de dos rodillos Sumbel Herold 500 con dep\u00f3sito de cola fr\u00eda y caliente<\/strong><\/p>\n<p>para papel, cart\u00f3n, cuero, etc.<\/p>\n<p>&#8211; Accionamiento del motor 230 voltios 1 fase, con conmutaci\u00f3n escalonada<br \/>\n&#8211; Rodillos de lat\u00f3n<br \/>\n&#8211; Un lavabo de incandescencia fr\u00eda y otro de incandescencia c\u00e1lida, cada uno con profundidad de inmersi\u00f3n regulable en altura, fabricados en lat\u00f3n<br \/>\n&#8211; Anchura del rodillo: 500 mm<br \/>\n&#8211; 10 Rascador<\/p>\n","protected":false},"excerpt":{"rendered":"<p>Encoladora de dos rodillos Sumbel Herold 500 con dep\u00f3sito de cola fr\u00eda y caliente para papel, cart\u00f3n, cuero, etc. &#8211; Accionamiento del motor 230 voltios 1 fase, con conmutaci\u00f3n escalonada &#8211; Rodillos de lat\u00f3n &#8211; Un lavabo de incandescencia fr\u00eda y otro de incandescencia c\u00e1lida, cada uno con profundidad de inmersi\u00f3n regulable en altura, fabricados [&hellip;]<\/p>\n","protected":false},"featured_media":84008,"template":"","meta":[],"product_brand":[],"product_cat":[2894],"product_tag":[],"class_list":{"0":"post-89505","1":"product","2":"type-product","3":"status-publish","4":"has-post-thumbnail","6":"product_cat-surtido-encuadernacion","7":"pa_hersteller-sumbel","8":"pa_typ-herold-500","10":"first","11":"instock","12":"taxable","13":"shipping-taxable","14":"product-type-simple"},"jetpack_sharing_enabled":true,"_links":{"self":[{"href":"https:\/\/www.3p-gmbh.de\/es\/wp-json\/wp\/v2\/product\/89505","targetHints":{"allow":["GET"]}}],"collection":[{"href":"https:\/\/www.3p-gmbh.de\/es\/wp-json\/wp\/v2\/product"}],"about":[{"href":"https:\/\/www.3p-gmbh.de\/es\/wp-json\/wp\/v2\/types\/product"}],"wp:featuredmedia":[{"embeddable":true,"href":"https:\/\/www.3p-gmbh.de\/es\/wp-json\/wp\/v2\/media\/84008"}],"wp:attachment":[{"href":"https:\/\/www.3p-gmbh.de\/es\/wp-json\/wp\/v2\/media?parent=89505"}],"wp:term":[{"taxonomy":"product_brand","embeddable":true,"href":"https:\/\/www.3p-gmbh.de\/es\/wp-json\/wp\/v2\/product_brand?post=89505"},{"taxonomy":"product_cat","embeddable":true,"href":"https:\/\/www.3p-gmbh.de\/es\/wp-json\/wp\/v2\/product_cat?post=89505"},{"taxonomy":"product_tag","embeddable":true,"href":"https:\/\/www.3p-gmbh.de\/es\/wp-json\/wp\/v2\/product_tag?post=89505"}],"curies":[{"name":"wp","href":"https:\/\/api.w.org\/{rel}","templated":true}]}}