{"id":89496,"date":"2022-08-02T13:51:38","date_gmt":"2022-08-02T13:51:38","guid":{"rendered":"https:\/\/www.3p-gmbh.de\/produkt\/2-tes-unidad-movil-de-plegado-stahlfolder-buh-66-4\/"},"modified":"2022-08-02T13:51:38","modified_gmt":"2022-08-02T13:51:38","slug":"2-tes-carpeta-plegable-movil-de-acero-buh-66-4","status":"publish","type":"product","link":"https:\/\/www.3p-gmbh.de\/es\/produkt\/2-tes-carpeta-plegable-movil-de-acero-buh-66-4\/","title":{"rendered":"2.tes unidad m\u00f3vil de plegado Stahlfolder BUH 66-4"},"content":{"rendered":"<p><strong>2.tes unidad m\u00f3vil de plegado Stahlfolder BUH 66-4<\/strong><br \/>\n<strong>A\u00f1o de fabricaci\u00f3n 2006<\/strong><\/p>\n<p>s\u00f3lo 4352 horas de funcionamiento \/ rendimiento plegable<\/p>\n<ul>\n<li>MCT control<\/li>\n<li>Placa de engranajes<\/li>\n<li>Parada de regla a la derecha como FW 2<\/li>\n<li>4 bolsillos combinados de 66 cm de ancho de entrada<\/li>\n<li>Rodillos plegables motorizados de PU duro<\/li>\n<li>bloque de corte descendente<\/li>\n<li>Control del flujo de hojas<\/li>\n<\/ul>\n","protected":false},"excerpt":{"rendered":"<p>2.tes unidad m\u00f3vil de plegado Stahlfolder BUH 66-4 A\u00f1o de fabricaci\u00f3n 2006 s\u00f3lo 4352 horas de funcionamiento \/ rendimiento plegable MCT control Placa de engranajes Parada de regla a la derecha como FW 2 4 bolsillos combinados de 66 cm de ancho de entrada Rodillos plegables motorizados de PU duro bloque de corte descendente Control [&hellip;]<\/p>\n","protected":false},"featured_media":83972,"template":"","meta":[],"product_brand":[],"product_cat":[2915],"product_tag":[],"class_list":{"0":"post-89496","1":"product","2":"type-product","3":"status-publish","4":"has-post-thumbnail","6":"product_cat-unidades-plegables","7":"pa_hersteller-heidelberg-stahlfolder","8":"pa_typ-buh-66-4","10":"first","11":"instock","12":"taxable","13":"shipping-taxable","14":"product-type-simple"},"jetpack_sharing_enabled":true,"_links":{"self":[{"href":"https:\/\/www.3p-gmbh.de\/es\/wp-json\/wp\/v2\/product\/89496","targetHints":{"allow":["GET"]}}],"collection":[{"href":"https:\/\/www.3p-gmbh.de\/es\/wp-json\/wp\/v2\/product"}],"about":[{"href":"https:\/\/www.3p-gmbh.de\/es\/wp-json\/wp\/v2\/types\/product"}],"wp:featuredmedia":[{"embeddable":true,"href":"https:\/\/www.3p-gmbh.de\/es\/wp-json\/wp\/v2\/media\/83972"}],"wp:attachment":[{"href":"https:\/\/www.3p-gmbh.de\/es\/wp-json\/wp\/v2\/media?parent=89496"}],"wp:term":[{"taxonomy":"product_brand","embeddable":true,"href":"https:\/\/www.3p-gmbh.de\/es\/wp-json\/wp\/v2\/product_brand?post=89496"},{"taxonomy":"product_cat","embeddable":true,"href":"https:\/\/www.3p-gmbh.de\/es\/wp-json\/wp\/v2\/product_cat?post=89496"},{"taxonomy":"product_tag","embeddable":true,"href":"https:\/\/www.3p-gmbh.de\/es\/wp-json\/wp\/v2\/product_tag?post=89496"}],"curies":[{"name":"wp","href":"https:\/\/api.w.org\/{rel}","templated":true}]}}