{"id":89475,"date":"2022-09-04T00:33:01","date_gmt":"2022-09-04T00:33:01","guid":{"rendered":"https:\/\/www.3p-gmbh.de\/produkt\/8-estaciones-torre-de-succion-de-aire-duplo-con-pantalla-alta-duplo-dc-48-uds\/"},"modified":"2022-09-04T00:33:01","modified_gmt":"2022-09-04T00:33:01","slug":"torre-de-aspiracion-de-aire-de-8-estaciones-duplo-con-pantalla-apilable-alta-duplo-dc-48-st","status":"publish","type":"product","link":"https:\/\/www.3p-gmbh.de\/es\/produkt\/torre-de-aspiracion-de-aire-de-8-estaciones-duplo-con-pantalla-apilable-alta-duplo-dc-48-st\/","title":{"rendered":"8 Estaciones Torre de Succi\u00f3n de Aire DUPLO con Pantalla Alta Duplo DC 48 uds."},"content":{"rendered":"<p><strong>8 estaciones Torre de succi\u00f3n de aire DUPLO<br \/>\n<\/strong><strong>A\u00f1o de fabricaci\u00f3n 1996<\/strong><\/p>\n<p>Bomba de vac\u00edo a presi\u00f3n de Rietschle KTL 40 con 40 m\u00b3\/h a\u00f1o de construcci\u00f3n 1996<\/p>\n<p>Expositor apilable Duplo DC 48 St High<\/p>\n","protected":false},"excerpt":{"rendered":"<p>8 estaciones Torre de succi\u00f3n de aire DUPLO A\u00f1o de fabricaci\u00f3n 1996 Bomba de vac\u00edo a presi\u00f3n de Rietschle KTL 40 con 40 m\u00b3\/h a\u00f1o de construcci\u00f3n 1996 Expositor apilable Duplo DC 48 St High<\/p>\n","protected":false},"featured_media":84185,"template":"","meta":[],"product_brand":[],"product_cat":[3044,2894],"product_tag":[],"class_list":{"0":"post-89475","1":"product","2":"type-product","3":"status-publish","4":"has-post-thumbnail","6":"product_cat-maquinas-recolectoras","7":"product_cat-surtido-encuadernacion","8":"pa_hersteller-duplo","9":"pa_typ-dc-48-st","11":"first","12":"instock","13":"taxable","14":"shipping-taxable","15":"product-type-simple"},"jetpack_sharing_enabled":true,"_links":{"self":[{"href":"https:\/\/www.3p-gmbh.de\/es\/wp-json\/wp\/v2\/product\/89475","targetHints":{"allow":["GET"]}}],"collection":[{"href":"https:\/\/www.3p-gmbh.de\/es\/wp-json\/wp\/v2\/product"}],"about":[{"href":"https:\/\/www.3p-gmbh.de\/es\/wp-json\/wp\/v2\/types\/product"}],"wp:featuredmedia":[{"embeddable":true,"href":"https:\/\/www.3p-gmbh.de\/es\/wp-json\/wp\/v2\/media\/84185"}],"wp:attachment":[{"href":"https:\/\/www.3p-gmbh.de\/es\/wp-json\/wp\/v2\/media?parent=89475"}],"wp:term":[{"taxonomy":"product_brand","embeddable":true,"href":"https:\/\/www.3p-gmbh.de\/es\/wp-json\/wp\/v2\/product_brand?post=89475"},{"taxonomy":"product_cat","embeddable":true,"href":"https:\/\/www.3p-gmbh.de\/es\/wp-json\/wp\/v2\/product_cat?post=89475"},{"taxonomy":"product_tag","embeddable":true,"href":"https:\/\/www.3p-gmbh.de\/es\/wp-json\/wp\/v2\/product_tag?post=89475"}],"curies":[{"name":"wp","href":"https:\/\/api.w.org\/{rel}","templated":true}]}}