{"id":89465,"date":"2022-09-04T01:11:29","date_gmt":"2022-09-04T01:11:29","guid":{"rendered":"https:\/\/www.3p-gmbh.de\/produkt\/kit-de-conversion-de-cortadora-de-alta-velocidad-wohlenberg-del-sistema-de-chasis-de-tubo-de-monitor-85-86-90-al-chasis-lcd\/"},"modified":"2022-09-04T01:11:29","modified_gmt":"2022-09-04T01:11:29","slug":"kit-de-conversion-cortador-rapido-wohlenberg-de-sistema-monitor-tubo-chasis-85-86-90-a-chasis-lcd","status":"publish","type":"product","link":"https:\/\/www.3p-gmbh.de\/es\/produkt\/kit-de-conversion-cortador-rapido-wohlenberg-de-sistema-monitor-tubo-chasis-85-86-90-a-chasis-lcd\/","title":{"rendered":"Kit de conversi\u00f3n de cortadora de alta velocidad Wohlenberg del sistema de chasis de tubo de monitor 85\/86\/90 al chasis LCD"},"content":{"rendered":"<p><strong>Kit de conversi\u00f3n de cortadora de alta velocidad Wohlenberg del sistema de chasis de tubo de monitor 85\/86\/90 al chasis LCD<\/strong><\/p>\n<p>Los siguientes pasos son necesarios para la conversi\u00f3n a LCD:<br \/>\n1. desmonte el chasis del monitor<br \/>\n2. retire el tubo de imagen y la placa de circuito (ventile bien el tubo, des\u00e9chelo).<br \/>\n3. teclas de funci\u00f3n, restos de teclado alfa (si est\u00e1n disponibles)<br \/>\n4. nuevo chasis LCD, afloje las tuercas y levante el marco.<br \/>\n5. inserte el chasis por la parte trasera, empuje sobre el marco delantero y atornille firmemente.<br \/>\nDesconecte el conector AMP de la CPU, expulse los contactos.<br \/>\n7. Ajuste la tensi\u00f3n en el potenci\u00f3metro a 12 voltios.<br \/>\nIntroduzca las nuevas clavijas seg\u00fan la asignaci\u00f3n de clavijas adjunta.<br \/>\n9. pellizque los contactos crimpados del sistema 86\/90 e introd\u00fazcalos en el cabezal de patillas.<br \/>\n10.enchufe en conector AMP sistema 85 \/ regleta de pines para sistema 86<br \/>\n11.para el sistema 86\/90, tomar la tensi\u00f3n en la fuente de alimentaci\u00f3n conmutada (bornes de derivaci\u00f3n)<br \/>\n12.Los ajustes del monitor LCD se realizan mediante tres botones situados en la placa de circuitos.<\/p>\n","protected":false},"excerpt":{"rendered":"<p>Kit de conversi\u00f3n de cortadora de alta velocidad Wohlenberg del sistema de chasis de tubo de monitor 85\/86\/90 al chasis LCD Los siguientes pasos son necesarios para la conversi\u00f3n a LCD: 1. desmonte el chasis del monitor 2. retire el tubo de imagen y la placa de circuito (ventile bien el tubo, des\u00e9chelo). 3. teclas [&hellip;]<\/p>\n","protected":false},"featured_media":84254,"template":"","meta":[],"product_brand":[],"product_cat":[2849,3018],"product_tag":[],"class_list":{"0":"post-89465","1":"product","2":"type-product","3":"status-publish","4":"has-post-thumbnail","6":"product_cat-accesorios","7":"product_cat-maquinas-de-corte-es","9":"first","10":"instock","11":"taxable","12":"shipping-taxable","13":"product-type-simple"},"jetpack_sharing_enabled":true,"_links":{"self":[{"href":"https:\/\/www.3p-gmbh.de\/es\/wp-json\/wp\/v2\/product\/89465","targetHints":{"allow":["GET"]}}],"collection":[{"href":"https:\/\/www.3p-gmbh.de\/es\/wp-json\/wp\/v2\/product"}],"about":[{"href":"https:\/\/www.3p-gmbh.de\/es\/wp-json\/wp\/v2\/types\/product"}],"wp:featuredmedia":[{"embeddable":true,"href":"https:\/\/www.3p-gmbh.de\/es\/wp-json\/wp\/v2\/media\/84254"}],"wp:attachment":[{"href":"https:\/\/www.3p-gmbh.de\/es\/wp-json\/wp\/v2\/media?parent=89465"}],"wp:term":[{"taxonomy":"product_brand","embeddable":true,"href":"https:\/\/www.3p-gmbh.de\/es\/wp-json\/wp\/v2\/product_brand?post=89465"},{"taxonomy":"product_cat","embeddable":true,"href":"https:\/\/www.3p-gmbh.de\/es\/wp-json\/wp\/v2\/product_cat?post=89465"},{"taxonomy":"product_tag","embeddable":true,"href":"https:\/\/www.3p-gmbh.de\/es\/wp-json\/wp\/v2\/product_tag?post=89465"}],"curies":[{"name":"wp","href":"https:\/\/api.w.org\/{rel}","templated":true}]}}