{"id":89460,"date":"2022-09-22T21:59:27","date_gmt":"2022-09-22T21:59:27","guid":{"rendered":"https:\/\/www.3p-gmbh.de\/produkt\/engrasadora-electrica-de-mesa-monocabezal-picostar-101-50\/"},"modified":"2022-09-22T21:59:27","modified_gmt":"2022-09-22T21:59:27","slug":"maquina-mesa-oes-de-cabezal-sencillo-electrica-picostar-101-50","status":"publish","type":"product","link":"https:\/\/www.3p-gmbh.de\/es\/produkt\/maquina-mesa-oes-de-cabezal-sencillo-electrica-picostar-101-50\/","title":{"rendered":"engrasadora el\u00e9ctrica de mesa monocabezal Picostar 101-50"},"content":{"rendered":"<p><strong>engrasadora el\u00e9ctrica de mesa monocabezal Picostar 101-50<\/strong><\/p>\n<p>Hang Picostar 101-50 .<br \/>\nDi\u00e1metro interior del ojal 6 mm<br \/>\nProfundidad de inserci\u00f3n aprox. 8 cm<\/p>\n","protected":false},"excerpt":{"rendered":"<p>engrasadora el\u00e9ctrica de mesa monocabezal Picostar 101-50 Hang Picostar 101-50 . Di\u00e1metro interior del ojal 6 mm Profundidad de inserci\u00f3n aprox. 8 cm<\/p>\n","protected":false},"featured_media":84281,"template":"","meta":[],"product_brand":[],"product_cat":[3058],"product_tag":[],"class_list":{"0":"post-89460","1":"product","2":"type-product","3":"status-publish","4":"has-post-thumbnail","6":"product_cat-engrasadoras","7":"pa_hersteller-hang","8":"pa_typ-picostar-101-50","10":"first","11":"instock","12":"taxable","13":"shipping-taxable","14":"product-type-simple"},"jetpack_sharing_enabled":true,"_links":{"self":[{"href":"https:\/\/www.3p-gmbh.de\/es\/wp-json\/wp\/v2\/product\/89460","targetHints":{"allow":["GET"]}}],"collection":[{"href":"https:\/\/www.3p-gmbh.de\/es\/wp-json\/wp\/v2\/product"}],"about":[{"href":"https:\/\/www.3p-gmbh.de\/es\/wp-json\/wp\/v2\/types\/product"}],"wp:featuredmedia":[{"embeddable":true,"href":"https:\/\/www.3p-gmbh.de\/es\/wp-json\/wp\/v2\/media\/84281"}],"wp:attachment":[{"href":"https:\/\/www.3p-gmbh.de\/es\/wp-json\/wp\/v2\/media?parent=89460"}],"wp:term":[{"taxonomy":"product_brand","embeddable":true,"href":"https:\/\/www.3p-gmbh.de\/es\/wp-json\/wp\/v2\/product_brand?post=89460"},{"taxonomy":"product_cat","embeddable":true,"href":"https:\/\/www.3p-gmbh.de\/es\/wp-json\/wp\/v2\/product_cat?post=89460"},{"taxonomy":"product_tag","embeddable":true,"href":"https:\/\/www.3p-gmbh.de\/es\/wp-json\/wp\/v2\/product_tag?post=89460"}],"curies":[{"name":"wp","href":"https:\/\/api.w.org\/{rel}","templated":true}]}}