{"id":89441,"date":"2022-09-22T22:06:03","date_gmt":"2022-09-22T22:06:03","guid":{"rendered":"https:\/\/www.3p-gmbh.de\/produkt\/stock-restante-lamina-de-laminacion-en-caliente-gmp-polynex-ultrabond\/"},"modified":"2022-09-22T22:06:03","modified_gmt":"2022-09-22T22:06:03","slug":"restposten-gmp-polynex-ultrabond-hot-laminating-film","status":"publish","type":"product","link":"https:\/\/www.3p-gmbh.de\/es\/produkt\/restposten-gmp-polynex-ultrabond-hot-laminating-film\/","title":{"rendered":"Stock restante &#8211; L\u00e1mina de laminaci\u00f3n en caliente GMP POLYNEX UltraBond"},"content":{"rendered":"<p><strong>Stock restante &#8211; L\u00e1mina de laminaci\u00f3n en caliente GMP POLYNEX UltraBond<\/strong><\/p>\n<p>8&#215;2 rollos GMP POLYNEX Goss UltraBond brillo 40mic, 305mmx500m<br \/>\nPel\u00edcula OPP brillante para impresiones digitales, n\u00facleo 77 mm<\/p>\n<p>La pel\u00edcula de laminaci\u00f3n en caliente POLYNEX UltraBond tiene un adhesivo en caliente especial de nuevo desarrollo con una adhesi\u00f3n particularmente buena a impresiones digitales basadas en t\u00f3ner de, por ejemplo, Xerox (excepto t\u00f3neres EA de la DC 240\/250\/260), Canon, Kodak, Konica-Minolta.<br \/>\nEspecialmente adecuado para su uso en sistemas con separaci\u00f3n autom\u00e1tica de hojas.<br \/>\nTemperatura de trabajo: aprox. 105 \u00b0C<\/p>\n","protected":false},"excerpt":{"rendered":"<p>Stock restante &#8211; L\u00e1mina de laminaci\u00f3n en caliente GMP POLYNEX UltraBond 8&#215;2 rollos GMP POLYNEX Goss UltraBond brillo 40mic, 305mmx500m Pel\u00edcula OPP brillante para impresiones digitales, n\u00facleo 77 mm La pel\u00edcula de laminaci\u00f3n en caliente POLYNEX UltraBond tiene un adhesivo en caliente especial de nuevo desarrollo con una adhesi\u00f3n particularmente buena a impresiones digitales basadas [&hellip;]<\/p>\n","protected":false},"featured_media":84302,"template":"","meta":[],"product_brand":[],"product_cat":[3047,2894],"product_tag":[],"class_list":{"0":"post-89441","1":"product","2":"type-product","3":"status-publish","4":"has-post-thumbnail","6":"product_cat-existencias-restantes","7":"product_cat-surtido-encuadernacion","9":"first","10":"instock","11":"taxable","12":"shipping-taxable","13":"product-type-simple"},"jetpack_sharing_enabled":true,"_links":{"self":[{"href":"https:\/\/www.3p-gmbh.de\/es\/wp-json\/wp\/v2\/product\/89441","targetHints":{"allow":["GET"]}}],"collection":[{"href":"https:\/\/www.3p-gmbh.de\/es\/wp-json\/wp\/v2\/product"}],"about":[{"href":"https:\/\/www.3p-gmbh.de\/es\/wp-json\/wp\/v2\/types\/product"}],"wp:featuredmedia":[{"embeddable":true,"href":"https:\/\/www.3p-gmbh.de\/es\/wp-json\/wp\/v2\/media\/84302"}],"wp:attachment":[{"href":"https:\/\/www.3p-gmbh.de\/es\/wp-json\/wp\/v2\/media?parent=89441"}],"wp:term":[{"taxonomy":"product_brand","embeddable":true,"href":"https:\/\/www.3p-gmbh.de\/es\/wp-json\/wp\/v2\/product_brand?post=89441"},{"taxonomy":"product_cat","embeddable":true,"href":"https:\/\/www.3p-gmbh.de\/es\/wp-json\/wp\/v2\/product_cat?post=89441"},{"taxonomy":"product_tag","embeddable":true,"href":"https:\/\/www.3p-gmbh.de\/es\/wp-json\/wp\/v2\/product_tag?post=89441"}],"curies":[{"name":"wp","href":"https:\/\/api.w.org\/{rel}","templated":true}]}}