{"id":89429,"date":"2022-12-15T23:18:40","date_gmt":"2022-12-15T23:18:40","guid":{"rendered":"https:\/\/www.3p-gmbh.de\/produkt\/set-de-soldadura-y-corte-rothenberger-roflash-r\/"},"modified":"2022-12-15T23:18:40","modified_gmt":"2022-12-15T23:18:40","slug":"soldadura-y-corte-rothenberger-roflash-r","status":"publish","type":"product","link":"https:\/\/www.3p-gmbh.de\/es\/produkt\/soldadura-y-corte-rothenberger-roflash-r\/","title":{"rendered":"Set de soldadura y corte Rothenberger ROFLASH &#8211; R"},"content":{"rendered":"<p><strong>Set de soldadura y corte Rothenberger ROFLASH &#8211; R<\/strong><br \/>\n<strong>22 piezas. por si acaso &#8211; como nuevo<\/strong><br \/>\nN\u00famero de art\u00edculo: RB-513300<br \/>\nVENTAJAS DE LA APLICACI\u00d3N:<br \/>\nSet de soldadura y corte<br \/>\nAlcance de soldadura: 0,5 &#8211; 14 mm, alcance de corte: 3 &#8211; 75 mm<\/p>\n<p>ALCANCE DE LA ENTREGA:<br \/>\nEl juego de 22 piezas incluye:<\/p>\n<p>Asa (n\u00ba 513010)<br \/>\nPlaquitas de soldadura 0,2 &#8211; 0,5 (n\u00ba 513030)<br \/>\n0,5 &#8211; 1 (ref. 513031), 1 &#8211; 2 (ref. 513032), 2 &#8211; 4 (ref. 513033), 4 &#8211; 6 (ref. 513034), 6 &#8211; 9 (ref. 513035), 9 &#8211; 14 (ref. 513036) Inserto de corte con palanca de resorte (ref. 513310)<br \/>\nBoquillas de corte 3 &#8211; 6 (n\u00ba 513330), 6 &#8211; 20 (n\u00ba 513331), 20 &#8211; 75 (n\u00ba 513332)<br \/>\nCarro gu\u00eda de soplete de corte<br \/>\nLlave del quemador (n\u00ba 510106)<br \/>\nEncendedor de gas<br \/>\nGafas de protecci\u00f3n (n\u00ba 540621)<br \/>\nSet limpiador de boquillas 10 uds. (N\u00ba 510105)<\/p>\n","protected":false},"excerpt":{"rendered":"<p>Set de soldadura y corte Rothenberger ROFLASH &#8211; R 22 piezas. por si acaso &#8211; como nuevo N\u00famero de art\u00edculo: RB-513300 VENTAJAS DE LA APLICACI\u00d3N: Set de soldadura y corte Alcance de soldadura: 0,5 &#8211; 14 mm, alcance de corte: 3 &#8211; 75 mm ALCANCE DE LA ENTREGA: El juego de 22 piezas incluye: Asa [&hellip;]<\/p>\n","protected":false},"featured_media":84731,"template":"","meta":[],"product_brand":[],"product_cat":[2878],"product_tag":[],"class_list":{"0":"post-89429","1":"product","2":"type-product","3":"status-publish","4":"has-post-thumbnail","6":"product_cat-equipamiento-para-talleres","7":"pa_hersteller-rothenberger","8":"pa_typ-roflash-r","10":"first","11":"instock","12":"taxable","13":"shipping-taxable","14":"product-type-simple"},"jetpack_sharing_enabled":true,"_links":{"self":[{"href":"https:\/\/www.3p-gmbh.de\/es\/wp-json\/wp\/v2\/product\/89429","targetHints":{"allow":["GET"]}}],"collection":[{"href":"https:\/\/www.3p-gmbh.de\/es\/wp-json\/wp\/v2\/product"}],"about":[{"href":"https:\/\/www.3p-gmbh.de\/es\/wp-json\/wp\/v2\/types\/product"}],"wp:featuredmedia":[{"embeddable":true,"href":"https:\/\/www.3p-gmbh.de\/es\/wp-json\/wp\/v2\/media\/84731"}],"wp:attachment":[{"href":"https:\/\/www.3p-gmbh.de\/es\/wp-json\/wp\/v2\/media?parent=89429"}],"wp:term":[{"taxonomy":"product_brand","embeddable":true,"href":"https:\/\/www.3p-gmbh.de\/es\/wp-json\/wp\/v2\/product_brand?post=89429"},{"taxonomy":"product_cat","embeddable":true,"href":"https:\/\/www.3p-gmbh.de\/es\/wp-json\/wp\/v2\/product_cat?post=89429"},{"taxonomy":"product_tag","embeddable":true,"href":"https:\/\/www.3p-gmbh.de\/es\/wp-json\/wp\/v2\/product_tag?post=89429"}],"curies":[{"name":"wp","href":"https:\/\/api.w.org\/{rel}","templated":true}]}}