{"id":89416,"date":"2022-09-30T21:30:04","date_gmt":"2022-09-30T21:30:04","guid":{"rendered":"https:\/\/www.3p-gmbh.de\/produkt\/logistica-de-paqueteria-manipulacion-de-correo-vacio-elevador-de-tubos-schmalz-jumbo-50\/"},"modified":"2022-09-30T21:30:04","modified_gmt":"2022-09-30T21:30:04","slug":"logistica-de-paqueteria-almacenamiento-elevador-de-tubos-de-vacio-estrecho-jumbo-50","status":"publish","type":"product","link":"https:\/\/www.3p-gmbh.de\/es\/produkt\/logistica-de-paqueteria-almacenamiento-elevador-de-tubos-de-vacio-estrecho-jumbo-50\/","title":{"rendered":"Log\u00edstica de paqueter\u00eda &#8211; Manipulaci\u00f3n de correo &#8211; Vac\u00edo &#8211; Elevador de tubos Schmalz Jumbo 50"},"content":{"rendered":"<p><strong>Log\u00edstica de paqueter\u00eda Manipulaci\u00f3n en sala de expedici\u00f3n Aspirador &#8211; Elevador de tubos Schmalz Jumbo 50<\/strong><\/p>\n<p>con<br \/>\nBrazo giratorio para montaje en pared Capacidad de carga 80 kg,<br \/>\nPluma aprox. 3,5 m<br \/>\nCaja de insonorizaci\u00f3n para bomba de vac\u00edo con marco de montaje en pared<br \/>\n2 placas de succi\u00f3n diferentes<\/p>\n","protected":false},"excerpt":{"rendered":"<p>Log\u00edstica de paqueter\u00eda Manipulaci\u00f3n en sala de expedici\u00f3n Aspirador &#8211; Elevador de tubos Schmalz Jumbo 50 con Brazo giratorio para montaje en pared Capacidad de carga 80 kg, Pluma aprox. 3,5 m Caja de insonorizaci\u00f3n para bomba de vac\u00edo con marco de montaje en pared 2 placas de succi\u00f3n diferentes<\/p>\n","protected":false},"featured_media":84338,"template":"","meta":[],"product_brand":[],"product_cat":[2946,3042],"product_tag":[],"class_list":{"0":"post-89416","1":"product","2":"type-product","3":"status-publish","4":"has-post-thumbnail","6":"product_cat-otra-maquinaria-y-equipos","7":"product_cat-tecnologia-de-transporte-es","8":"pa_hersteller-schmalz","9":"pa_typ-jumbo-50","11":"first","12":"instock","13":"taxable","14":"shipping-taxable","15":"product-type-simple"},"jetpack_sharing_enabled":true,"_links":{"self":[{"href":"https:\/\/www.3p-gmbh.de\/es\/wp-json\/wp\/v2\/product\/89416","targetHints":{"allow":["GET"]}}],"collection":[{"href":"https:\/\/www.3p-gmbh.de\/es\/wp-json\/wp\/v2\/product"}],"about":[{"href":"https:\/\/www.3p-gmbh.de\/es\/wp-json\/wp\/v2\/types\/product"}],"wp:featuredmedia":[{"embeddable":true,"href":"https:\/\/www.3p-gmbh.de\/es\/wp-json\/wp\/v2\/media\/84338"}],"wp:attachment":[{"href":"https:\/\/www.3p-gmbh.de\/es\/wp-json\/wp\/v2\/media?parent=89416"}],"wp:term":[{"taxonomy":"product_brand","embeddable":true,"href":"https:\/\/www.3p-gmbh.de\/es\/wp-json\/wp\/v2\/product_brand?post=89416"},{"taxonomy":"product_cat","embeddable":true,"href":"https:\/\/www.3p-gmbh.de\/es\/wp-json\/wp\/v2\/product_cat?post=89416"},{"taxonomy":"product_tag","embeddable":true,"href":"https:\/\/www.3p-gmbh.de\/es\/wp-json\/wp\/v2\/product_tag?post=89416"}],"curies":[{"name":"wp","href":"https:\/\/api.w.org\/{rel}","templated":true}]}}