{"id":89415,"date":"2022-09-30T21:34:13","date_gmt":"2022-09-30T21:34:13","guid":{"rendered":"https:\/\/www.3p-gmbh.de\/produkt\/guillotina-guillotina-de-pila-o-guillotina-de-papel-polar-eco-80\/"},"modified":"2022-09-30T21:34:13","modified_gmt":"2022-09-30T21:34:13","slug":"guillotina-cortadora-apiladora-polar-eco-80","status":"publish","type":"product","link":"https:\/\/www.3p-gmbh.de\/es\/produkt\/guillotina-cortadora-apiladora-polar-eco-80\/","title":{"rendered":"Guillotina, guillotina de pila o guillotina de papel Polar Eco 80"},"content":{"rendered":"<p><strong>Guillotina, guillotina de pila o guillotina de papel Polar Eco 80<\/strong><br \/>\n<strong>con accionamiento hidr\u00e1ulico y mesa neum\u00e1tica de acero inoxidable<\/strong><br \/>\n<strong>desde 2012<\/strong><\/p>\n<p>Anchura de corte 800 mm<br \/>\nProfundidad de inserci\u00f3n 800 mm<br \/>\nAltura de inserci\u00f3n m\u00e1x. 100 mm<\/p>\n<p>Los operarios de las m\u00e1quinas aprecian no s\u00f3lo el sencillo manejo, sino tambi\u00e9n la larga vida \u00fatil de la fresa.<br \/>\nLa especial precisi\u00f3n de corte se debe a la robusta construcci\u00f3n y a la toma de dimensiones directa.<\/p>\n<p>La m\u00e1quina se maneja mediante un panel de control ergon\u00f3mico con pantalla monocroma de 5,5 pulgadas.<br \/>\ny teclado plano adicional.<br \/>\nLas secuencias de corte recurrentes pueden almacenarse en una de las 198 posiciones de memoria disponibles.<br \/>\ny puede adaptarse en cualquier momento<\/p>\n","protected":false},"excerpt":{"rendered":"<p>Guillotina, guillotina de pila o guillotina de papel Polar Eco 80 con accionamiento hidr\u00e1ulico y mesa neum\u00e1tica de acero inoxidable desde 2012 Anchura de corte 800 mm Profundidad de inserci\u00f3n 800 mm Altura de inserci\u00f3n m\u00e1x. 100 mm Los operarios de las m\u00e1quinas aprecian no s\u00f3lo el sencillo manejo, sino tambi\u00e9n la larga vida \u00fatil [&hellip;]<\/p>\n","protected":false},"featured_media":84365,"template":"","meta":[],"product_brand":[],"product_cat":[3018],"product_tag":[],"class_list":{"0":"post-89415","1":"product","2":"type-product","3":"status-publish","4":"has-post-thumbnail","6":"product_cat-maquinas-de-corte-es","7":"pa_hersteller-polar-mohr","8":"pa_typ-eco-80","10":"first","11":"instock","12":"taxable","13":"shipping-taxable","14":"product-type-simple"},"jetpack_sharing_enabled":true,"_links":{"self":[{"href":"https:\/\/www.3p-gmbh.de\/es\/wp-json\/wp\/v2\/product\/89415","targetHints":{"allow":["GET"]}}],"collection":[{"href":"https:\/\/www.3p-gmbh.de\/es\/wp-json\/wp\/v2\/product"}],"about":[{"href":"https:\/\/www.3p-gmbh.de\/es\/wp-json\/wp\/v2\/types\/product"}],"wp:featuredmedia":[{"embeddable":true,"href":"https:\/\/www.3p-gmbh.de\/es\/wp-json\/wp\/v2\/media\/84365"}],"wp:attachment":[{"href":"https:\/\/www.3p-gmbh.de\/es\/wp-json\/wp\/v2\/media?parent=89415"}],"wp:term":[{"taxonomy":"product_brand","embeddable":true,"href":"https:\/\/www.3p-gmbh.de\/es\/wp-json\/wp\/v2\/product_brand?post=89415"},{"taxonomy":"product_cat","embeddable":true,"href":"https:\/\/www.3p-gmbh.de\/es\/wp-json\/wp\/v2\/product_cat?post=89415"},{"taxonomy":"product_tag","embeddable":true,"href":"https:\/\/www.3p-gmbh.de\/es\/wp-json\/wp\/v2\/product_tag?post=89415"}],"curies":[{"name":"wp","href":"https:\/\/api.w.org\/{rel}","templated":true}]}}