{"id":89404,"date":"2022-09-30T21:52:43","date_gmt":"2022-09-30T21:52:43","guid":{"rendered":"https:\/\/www.3p-gmbh.de\/produkt\/envasadora-en-serie-kallfass-universa-ec-con-tunel-de-retraccion-compact-650-sec\/"},"modified":"2022-09-30T21:52:43","modified_gmt":"2022-09-30T21:52:43","slug":"maquina-de-embalaje-retractil-serie-packer-llamada-barril-universa-ec-con-tunel-de-retraccion-compacto-650-sec","status":"publish","type":"product","link":"https:\/\/www.3p-gmbh.de\/es\/produkt\/maquina-de-embalaje-retractil-serie-packer-llamada-barril-universa-ec-con-tunel-de-retraccion-compacto-650-sec\/","title":{"rendered":"Envasadora en serie Kallfass Universa EC con t\u00fanel de retracci\u00f3n Compact 650 SEC"},"content":{"rendered":"<div><strong>Envasadora en serie Kallfass Universa EC con t\u00fanel de retracci\u00f3n Compact 650 SEC<\/strong><\/div>\n<div><strong>de yr. 2008<\/strong><\/div>\n<div>47.000 horas de funcionamiento hasta ahora<\/div>\n","protected":false},"excerpt":{"rendered":"<p>Envasadora en serie Kallfass Universa EC con t\u00fanel de retracci\u00f3n Compact 650 SEC de yr. 2008 47.000 horas de funcionamiento hasta ahora<\/p>\n","protected":false},"featured_media":84584,"template":"","meta":[],"product_brand":[],"product_cat":[3028],"product_tag":[],"class_list":{"0":"post-89404","1":"product","2":"type-product","3":"status-publish","4":"has-post-thumbnail","6":"product_cat-envasadora-de-film-y-envasadora-estirable","7":"pa_hersteller-kallfass","8":"pa_typ-compact-650-sec","9":"pa_typ-universa-ec","11":"first","12":"instock","13":"taxable","14":"shipping-taxable","15":"product-type-simple"},"jetpack_sharing_enabled":true,"_links":{"self":[{"href":"https:\/\/www.3p-gmbh.de\/es\/wp-json\/wp\/v2\/product\/89404","targetHints":{"allow":["GET"]}}],"collection":[{"href":"https:\/\/www.3p-gmbh.de\/es\/wp-json\/wp\/v2\/product"}],"about":[{"href":"https:\/\/www.3p-gmbh.de\/es\/wp-json\/wp\/v2\/types\/product"}],"wp:featuredmedia":[{"embeddable":true,"href":"https:\/\/www.3p-gmbh.de\/es\/wp-json\/wp\/v2\/media\/84584"}],"wp:attachment":[{"href":"https:\/\/www.3p-gmbh.de\/es\/wp-json\/wp\/v2\/media?parent=89404"}],"wp:term":[{"taxonomy":"product_brand","embeddable":true,"href":"https:\/\/www.3p-gmbh.de\/es\/wp-json\/wp\/v2\/product_brand?post=89404"},{"taxonomy":"product_cat","embeddable":true,"href":"https:\/\/www.3p-gmbh.de\/es\/wp-json\/wp\/v2\/product_cat?post=89404"},{"taxonomy":"product_tag","embeddable":true,"href":"https:\/\/www.3p-gmbh.de\/es\/wp-json\/wp\/v2\/product_tag?post=89404"}],"curies":[{"name":"wp","href":"https:\/\/api.w.org\/{rel}","templated":true}]}}