{"id":89400,"date":"2022-11-14T22:42:31","date_gmt":"2022-11-14T22:42:31","guid":{"rendered":"https:\/\/www.3p-gmbh.de\/produkt\/plegadora-y-cosedora-de-capas-nagel-foldnak-4-con-entrega-en-corriente\/"},"modified":"2022-11-14T22:42:31","modified_gmt":"2022-11-14T22:42:31","slug":"maquina-de-plegado-y-grapado-de-unas-foldnak-4-con-bisturi-boom","status":"publish","type":"product","link":"https:\/\/www.3p-gmbh.de\/es\/produkt\/maquina-de-plegado-y-grapado-de-unas-foldnak-4-con-bisturi-boom\/","title":{"rendered":"Plegadora y cosedora de capas Nagel Foldnak 4 con entrega en corriente"},"content":{"rendered":"<p><strong>Plegadora y cosedora de capas Nagel Foldnak 4 con entrega en corriente<\/strong><br \/>\npara crear folletos de hasta 80 p\u00e1ginas en una sola operaci\u00f3n.<\/p>\n<p>Formato de alimentaci\u00f3n de papel de DIN A5 a DIN A 3-sobretama\u00f1o<br \/>\n&#8211; con 2 cabezales de grapado (ampliables a 4)<\/p>\n","protected":false},"excerpt":{"rendered":"<p>Plegadora y cosedora de capas Nagel Foldnak 4 con entrega en corriente para crear folletos de hasta 80 p\u00e1ginas en una sola operaci\u00f3n. Formato de alimentaci\u00f3n de papel de DIN A5 a DIN A 3-sobretama\u00f1o &#8211; con 2 cabezales de grapado (ampliables a 4)<\/p>\n","protected":false},"featured_media":84386,"template":"","meta":[],"product_brand":[],"product_cat":[2982],"product_tag":[],"class_list":{"0":"post-89400","1":"product","2":"type-product","3":"status-publish","4":"has-post-thumbnail","6":"product_cat-plegadoras","7":"pa_hersteller-ernst-nagel","8":"pa_typ-foldnak-4","10":"first","11":"instock","12":"taxable","13":"shipping-taxable","14":"product-type-simple"},"jetpack_sharing_enabled":true,"_links":{"self":[{"href":"https:\/\/www.3p-gmbh.de\/es\/wp-json\/wp\/v2\/product\/89400","targetHints":{"allow":["GET"]}}],"collection":[{"href":"https:\/\/www.3p-gmbh.de\/es\/wp-json\/wp\/v2\/product"}],"about":[{"href":"https:\/\/www.3p-gmbh.de\/es\/wp-json\/wp\/v2\/types\/product"}],"wp:featuredmedia":[{"embeddable":true,"href":"https:\/\/www.3p-gmbh.de\/es\/wp-json\/wp\/v2\/media\/84386"}],"wp:attachment":[{"href":"https:\/\/www.3p-gmbh.de\/es\/wp-json\/wp\/v2\/media?parent=89400"}],"wp:term":[{"taxonomy":"product_brand","embeddable":true,"href":"https:\/\/www.3p-gmbh.de\/es\/wp-json\/wp\/v2\/product_brand?post=89400"},{"taxonomy":"product_cat","embeddable":true,"href":"https:\/\/www.3p-gmbh.de\/es\/wp-json\/wp\/v2\/product_cat?post=89400"},{"taxonomy":"product_tag","embeddable":true,"href":"https:\/\/www.3p-gmbh.de\/es\/wp-json\/wp\/v2\/product_tag?post=89400"}],"curies":[{"name":"wp","href":"https:\/\/api.w.org\/{rel}","templated":true}]}}