{"id":89396,"date":"2022-11-14T23:18:57","date_gmt":"2022-11-14T23:18:57","guid":{"rendered":"https:\/\/www.3p-gmbh.de\/produkt\/smipack-fp-560-a-soldadora-angular-semiautomatica-con-tunel-de-retraccion-de-una-camara-smipack-t-450\/"},"modified":"2022-11-14T23:18:57","modified_gmt":"2022-11-14T23:18:57","slug":"soldadora-angular-semiautomatica-smipack-fp-560-a-con-tunel-de-contraccion-de-una-camara-smipack-t-450","status":"publish","type":"product","link":"https:\/\/www.3p-gmbh.de\/es\/produkt\/soldadora-angular-semiautomatica-smipack-fp-560-a-con-tunel-de-contraccion-de-una-camara-smipack-t-450\/","title":{"rendered":"Smipack FP 560 A soldadora angular semiautom\u00e1tica con t\u00fanel de retracci\u00f3n de una c\u00e1mara Smipack T 450"},"content":{"rendered":"<p><strong>Soldadora angular semiautom\u00e1tica Smipack FP 560 A con t\u00fanel de retracci\u00f3n de una c\u00e1mara T 450<\/strong><br \/>\n<strong>desde 2012<\/strong><\/p>\n<p>Soldadora angular semiautom\u00e1tica con sistema de refrigeraci\u00f3n permanente, adecuada para una amplia gama de productos.<br \/>\nGracias al sistema de refrigeraci\u00f3n integrado, la FP 560 A consigue unos cordones de soldadura siempre buenos y, por lo tanto, es ideal para grandes cantidades de producci\u00f3n.<br \/>\nLleva integrado un dispositivo de rebobinado autom\u00e1tico de los restos de pel\u00edcula y un contador el\u00e9ctrico de cantidad.<\/p>\n<p>El panel de control permite memorizar 10 programas diferentes.<br \/>\nEl marco de soldadura se cierra autom\u00e1ticamente mediante un control de rel\u00e9 temporizado, o manualmente mediante un interruptor de pedal (opcional) y pulsando un bot\u00f3n.<\/p>\n<p>La cinta motorizada situada en la salida transporta el producto retractilado al t\u00fanel de retractilado situado a continuaci\u00f3n.<\/p>\n<p>-Producci\u00f3n media por hora: hasta 1.500 piezas<br \/>\n-Bobinador de pel\u00edcula restante incluido<br \/>\n&#8211; Tama\u00f1o del bastidor de soldadura: 560 x 430 mm (ancho x fondo)<br \/>\n&#8211; m\u00e1x. Altura del producto: 230 mm<br \/>\n&#8211; m\u00e1x. Anchura de la pel\u00edcula: 600 mm<br \/>\n&#8211; Se pueden almacenar hasta 10 programas diferentes<br \/>\n&#8211; en RAL 7035 (gris)<br \/>\n&#8211; 230 V \/ 50 Hz \/ 1 fase<br \/>\n&#8211; m\u00e1x. Potencia: 2,5 kW<br \/>\n&#8211; Dimensiones: 2.010 x 790 x 1.050 mm (LxAxA)<\/p>\n<p><strong>T\u00fanel de retractilado de una c\u00e1mara Smipack T 450<\/strong><\/p>\n<p>ideal para grandes vol\u00famenes de producci\u00f3n.<br \/>\nAdem\u00e1s, el Tunnel T 450 puede memorizar hasta 10 programas que se pueden activar en cualquier momento.<br \/>\nLa cinta transportadora del t\u00fanel consta de rodillos giratorios recubiertos de silicona.<br \/>\nEl t\u00fanel est\u00e1 equipado con una desconexi\u00f3n autom\u00e1tica y tanto la velocidad de transporte como la temperatura de retracci\u00f3n pueden regularse.<\/p>\n<p>-Velocidad de transporte ajustable (2,8 &#8211; 18,8 m\/min)<br \/>\n&#8211; m\u00e1x. Altura del producto: 230 mm<br \/>\n&#8211; Cinta transportadora con varillas recubiertas de silicona (giratorias \/ no giratorias ajustables)<br \/>\n&#8211; Deflectores de aire ajustables<br \/>\n&#8211; Se pueden almacenar hasta 10 programas diferentes<br \/>\n&#8211; Temperatura de retracci\u00f3n ajustable<br \/>\n&#8211; Tensi\u00f3n de alimentaci\u00f3n: 380-415 V 3 PH-N-PE, 50\/60 HZ<br \/>\n&#8211; m\u00e1x. Potencia: 8,0 kW<br \/>\n&#8211; Dimensiones: 1.370 x 835 x 1.440 mm (LxAxA)<\/p>\n","protected":false},"excerpt":{"rendered":"<p>Soldadora angular semiautom\u00e1tica Smipack FP 560 A con t\u00fanel de retracci\u00f3n de una c\u00e1mara T 450 desde 2012 Soldadora angular semiautom\u00e1tica con sistema de refrigeraci\u00f3n permanente, adecuada para una amplia gama de productos. Gracias al sistema de refrigeraci\u00f3n integrado, la FP 560 A consigue unos cordones de soldadura siempre buenos y, por lo tanto, es [&hellip;]<\/p>\n","protected":false},"featured_media":84461,"template":"","meta":[],"product_brand":[],"product_cat":[3028],"product_tag":[],"class_list":{"0":"post-89396","1":"product","2":"type-product","3":"status-publish","4":"has-post-thumbnail","6":"product_cat-envasadora-de-film-y-envasadora-estirable","7":"pa_hersteller-smipack","8":"pa_typ-fp-560-a","9":"pa_typ-t-450","11":"first","12":"instock","13":"taxable","14":"shipping-taxable","15":"product-type-simple"},"jetpack_sharing_enabled":true,"_links":{"self":[{"href":"https:\/\/www.3p-gmbh.de\/es\/wp-json\/wp\/v2\/product\/89396","targetHints":{"allow":["GET"]}}],"collection":[{"href":"https:\/\/www.3p-gmbh.de\/es\/wp-json\/wp\/v2\/product"}],"about":[{"href":"https:\/\/www.3p-gmbh.de\/es\/wp-json\/wp\/v2\/types\/product"}],"wp:featuredmedia":[{"embeddable":true,"href":"https:\/\/www.3p-gmbh.de\/es\/wp-json\/wp\/v2\/media\/84461"}],"wp:attachment":[{"href":"https:\/\/www.3p-gmbh.de\/es\/wp-json\/wp\/v2\/media?parent=89396"}],"wp:term":[{"taxonomy":"product_brand","embeddable":true,"href":"https:\/\/www.3p-gmbh.de\/es\/wp-json\/wp\/v2\/product_brand?post=89396"},{"taxonomy":"product_cat","embeddable":true,"href":"https:\/\/www.3p-gmbh.de\/es\/wp-json\/wp\/v2\/product_cat?post=89396"},{"taxonomy":"product_tag","embeddable":true,"href":"https:\/\/www.3p-gmbh.de\/es\/wp-json\/wp\/v2\/product_tag?post=89396"}],"curies":[{"name":"wp","href":"https:\/\/api.w.org\/{rel}","templated":true}]}}