{"id":89385,"date":"2022-12-12T22:36:37","date_gmt":"2022-12-12T22:36:37","guid":{"rendered":"https:\/\/www.3p-gmbh.de\/produkt\/taladradora-multihusillo-para-papel-hang-114-30-4\/"},"modified":"2022-12-12T22:36:37","modified_gmt":"2022-12-12T22:36:37","slug":"taladradora-multihusillo-para-papel-hang-114-30-4","status":"publish","type":"product","link":"https:\/\/www.3p-gmbh.de\/es\/produkt\/taladradora-multihusillo-para-papel-hang-114-30-4\/","title":{"rendered":"Taladradora multihusillo para papel Hang 114-30 4"},"content":{"rendered":"<p><strong>Taladradora multihusillo para papel Hang 114-30 \/4<\/strong><br \/>\n<strong>SN 101655<\/strong><br \/>\n<strong>Completamente revisado en taller<\/strong><\/p>\n<p>-con mesa deslizante (con 3 pesta\u00f1as)<br \/>\n-con accionamiento de husillo de regulaci\u00f3n continua<br \/>\n-con accionamiento de avance de broca infinitamente variable<br \/>\n-4 cabezales de perforaci\u00f3n refrigerados por aire, m\u00e1x.5 son posibles<br \/>\nRango de perforaci\u00f3n 3 &#8211; 14 mm<br \/>\nDistancia de perforaci\u00f3n ajustable<br \/>\n-m\u00e1quina m\u00f3vil sobre rodillos<br \/>\n-con motor trif\u00e1sico 380 V<br \/>\nActivado por interruptor de pedal el\u00e9ctrico, circuito de inversi\u00f3n<\/p>\n","protected":false},"excerpt":{"rendered":"<p>Taladradora multihusillo para papel Hang 114-30 \/4 SN 101655 Completamente revisado en taller -con mesa deslizante (con 3 pesta\u00f1as) -con accionamiento de husillo de regulaci\u00f3n continua -con accionamiento de avance de broca infinitamente variable -4 cabezales de perforaci\u00f3n refrigerados por aire, m\u00e1x.5 son posibles Rango de perforaci\u00f3n 3 &#8211; 14 mm Distancia de perforaci\u00f3n ajustable [&hellip;]<\/p>\n","protected":false},"featured_media":84605,"template":"","meta":[],"product_brand":[],"product_cat":[2956],"product_tag":[],"class_list":{"0":"post-89385","1":"product","2":"type-product","3":"status-publish","4":"has-post-thumbnail","6":"product_cat-taladros-de-papel","7":"pa_hersteller-hang","8":"pa_typ-114-30-4","10":"first","11":"instock","12":"taxable","13":"shipping-taxable","14":"product-type-simple"},"jetpack_sharing_enabled":true,"_links":{"self":[{"href":"https:\/\/www.3p-gmbh.de\/es\/wp-json\/wp\/v2\/product\/89385","targetHints":{"allow":["GET"]}}],"collection":[{"href":"https:\/\/www.3p-gmbh.de\/es\/wp-json\/wp\/v2\/product"}],"about":[{"href":"https:\/\/www.3p-gmbh.de\/es\/wp-json\/wp\/v2\/types\/product"}],"wp:featuredmedia":[{"embeddable":true,"href":"https:\/\/www.3p-gmbh.de\/es\/wp-json\/wp\/v2\/media\/84605"}],"wp:attachment":[{"href":"https:\/\/www.3p-gmbh.de\/es\/wp-json\/wp\/v2\/media?parent=89385"}],"wp:term":[{"taxonomy":"product_brand","embeddable":true,"href":"https:\/\/www.3p-gmbh.de\/es\/wp-json\/wp\/v2\/product_brand?post=89385"},{"taxonomy":"product_cat","embeddable":true,"href":"https:\/\/www.3p-gmbh.de\/es\/wp-json\/wp\/v2\/product_cat?post=89385"},{"taxonomy":"product_tag","embeddable":true,"href":"https:\/\/www.3p-gmbh.de\/es\/wp-json\/wp\/v2\/product_tag?post=89385"}],"curies":[{"name":"wp","href":"https:\/\/api.w.org\/{rel}","templated":true}]}}