{"id":89374,"date":"2022-12-12T22:42:47","date_gmt":"2022-12-12T22:42:47","guid":{"rendered":"https:\/\/www.3p-gmbh.de\/produkt\/placa-calefactora-ligera-de-220-voltios-para-heidelberg-oht-modelo-gtp\/"},"modified":"2022-12-12T22:42:47","modified_gmt":"2022-12-12T22:42:47","slug":"panel-calefactor-de-base-de-panal-light-220-volt-para-modelo-heidelberg-oht-gtp","status":"publish","type":"product","link":"https:\/\/www.3p-gmbh.de\/es\/produkt\/panel-calefactor-de-base-de-panal-light-220-volt-para-modelo-heidelberg-oht-gtp\/","title":{"rendered":"Placa calefactora ligera de 220 voltios para Heidelberg OHT modelo GTP"},"content":{"rendered":"<p><strong>Ligera, 13&#215;18&#8243; plana monof\u00e1sica 220-240 voltios<\/strong><br \/>\n<strong>Placa calefactora con estructura de panal, adecuada para clich\u00e9s est\u00e1ndar de la UE con una altura de 7 mm<\/strong><\/p>\n<p>que encaja directamente en la m\u00e1quina Heidelberg GTP igual que su plancha existente<br \/>\nver las fotos adjuntas.<\/p>\n","protected":false},"excerpt":{"rendered":"<p>Ligera, 13&#215;18&#8243; plana monof\u00e1sica 220-240 voltios Placa calefactora con estructura de panal, adecuada para clich\u00e9s est\u00e1ndar de la UE con una altura de 7 mm que encaja directamente en la m\u00e1quina Heidelberg GTP igual que su plancha existente ver las fotos adjuntas.<\/p>\n","protected":false},"featured_media":84662,"template":"","meta":[],"product_brand":[],"product_cat":[2899],"product_tag":[],"class_list":{"0":"post-89374","1":"product","2":"type-product","3":"status-publish","4":"has-post-thumbnail","6":"product_cat-accesorios-y-piezas-de-recambio-para-prensas","8":"first","9":"instock","10":"taxable","11":"shipping-taxable","12":"product-type-simple"},"jetpack_sharing_enabled":true,"_links":{"self":[{"href":"https:\/\/www.3p-gmbh.de\/es\/wp-json\/wp\/v2\/product\/89374","targetHints":{"allow":["GET"]}}],"collection":[{"href":"https:\/\/www.3p-gmbh.de\/es\/wp-json\/wp\/v2\/product"}],"about":[{"href":"https:\/\/www.3p-gmbh.de\/es\/wp-json\/wp\/v2\/types\/product"}],"wp:featuredmedia":[{"embeddable":true,"href":"https:\/\/www.3p-gmbh.de\/es\/wp-json\/wp\/v2\/media\/84662"}],"wp:attachment":[{"href":"https:\/\/www.3p-gmbh.de\/es\/wp-json\/wp\/v2\/media?parent=89374"}],"wp:term":[{"taxonomy":"product_brand","embeddable":true,"href":"https:\/\/www.3p-gmbh.de\/es\/wp-json\/wp\/v2\/product_brand?post=89374"},{"taxonomy":"product_cat","embeddable":true,"href":"https:\/\/www.3p-gmbh.de\/es\/wp-json\/wp\/v2\/product_cat?post=89374"},{"taxonomy":"product_tag","embeddable":true,"href":"https:\/\/www.3p-gmbh.de\/es\/wp-json\/wp\/v2\/product_tag?post=89374"}],"curies":[{"name":"wp","href":"https:\/\/api.w.org\/{rel}","templated":true}]}}