{"id":89352,"date":"2023-01-04T22:57:58","date_gmt":"2023-01-04T22:57:58","guid":{"rendered":"https:\/\/www.3p-gmbh.de\/produkt\/encoladora-en-frio-karl-traenklein\/"},"modified":"2023-01-04T22:57:58","modified_gmt":"2023-01-04T22:57:58","slug":"glue-machine-hot-cold-karl-traenklein","status":"publish","type":"product","link":"https:\/\/www.3p-gmbh.de\/es\/produkt\/glue-machine-hot-cold-karl-traenklein\/","title":{"rendered":"Encoladora en fr\u00edo Karl Tr\u00e4nklein"},"content":{"rendered":"<div><strong>Encoladora en fr\u00edo Karl Tr\u00e4nklein<\/strong><\/div>\n<div>Anchura de entrada 75 cm<\/div>\n","protected":false},"excerpt":{"rendered":"<p>Encoladora en fr\u00edo Karl Tr\u00e4nklein Anchura de entrada 75 cm<\/p>\n","protected":false},"featured_media":85022,"template":"","meta":[],"product_brand":[],"product_cat":[2894],"product_tag":[],"class_list":{"0":"post-89352","1":"product","2":"type-product","3":"status-publish","4":"has-post-thumbnail","6":"product_cat-surtido-encuadernacion","7":"pa_hersteller-karl-traenklein","9":"first","10":"instock","11":"taxable","12":"shipping-taxable","13":"product-type-simple"},"jetpack_sharing_enabled":true,"_links":{"self":[{"href":"https:\/\/www.3p-gmbh.de\/es\/wp-json\/wp\/v2\/product\/89352","targetHints":{"allow":["GET"]}}],"collection":[{"href":"https:\/\/www.3p-gmbh.de\/es\/wp-json\/wp\/v2\/product"}],"about":[{"href":"https:\/\/www.3p-gmbh.de\/es\/wp-json\/wp\/v2\/types\/product"}],"wp:featuredmedia":[{"embeddable":true,"href":"https:\/\/www.3p-gmbh.de\/es\/wp-json\/wp\/v2\/media\/85022"}],"wp:attachment":[{"href":"https:\/\/www.3p-gmbh.de\/es\/wp-json\/wp\/v2\/media?parent=89352"}],"wp:term":[{"taxonomy":"product_brand","embeddable":true,"href":"https:\/\/www.3p-gmbh.de\/es\/wp-json\/wp\/v2\/product_brand?post=89352"},{"taxonomy":"product_cat","embeddable":true,"href":"https:\/\/www.3p-gmbh.de\/es\/wp-json\/wp\/v2\/product_cat?post=89352"},{"taxonomy":"product_tag","embeddable":true,"href":"https:\/\/www.3p-gmbh.de\/es\/wp-json\/wp\/v2\/product_tag?post=89352"}],"curies":[{"name":"wp","href":"https:\/\/api.w.org\/{rel}","templated":true}]}}