{"id":89332,"date":"2023-01-04T23:02:29","date_gmt":"2023-01-04T23:02:29","guid":{"rendered":"https:\/\/www.3p-gmbh.de\/produkt\/cazador-de-plata-fuji\/"},"modified":"2023-01-04T23:02:29","modified_gmt":"2023-01-04T23:02:29","slug":"fuji-silver-hunter","status":"publish","type":"product","link":"https:\/\/www.3p-gmbh.de\/es\/produkt\/fuji-silver-hunter\/","title":{"rendered":"Cazador de plata Fuji"},"content":{"rendered":"<div><strong>Cazador de plata Fuji<\/strong><\/div>\n<div>Recuperaci\u00f3n de plata por electr\u00f3lisis en ba\u00f1o de fijaci\u00f3n<\/div>\n","protected":false},"excerpt":{"rendered":"<p>Cazador de plata Fuji Recuperaci\u00f3n de plata por electr\u00f3lisis en ba\u00f1o de fijaci\u00f3n<\/p>\n","protected":false},"featured_media":85037,"template":"","meta":[],"product_brand":[],"product_cat":[2938],"product_tag":[],"class_list":{"0":"post-89332","1":"product","2":"type-product","3":"status-publish","4":"has-post-thumbnail","6":"product_cat-filmadoras-y-sistemas-de-revelado-de-peliculas","8":"first","9":"instock","10":"taxable","11":"shipping-taxable","12":"product-type-simple"},"jetpack_sharing_enabled":true,"_links":{"self":[{"href":"https:\/\/www.3p-gmbh.de\/es\/wp-json\/wp\/v2\/product\/89332","targetHints":{"allow":["GET"]}}],"collection":[{"href":"https:\/\/www.3p-gmbh.de\/es\/wp-json\/wp\/v2\/product"}],"about":[{"href":"https:\/\/www.3p-gmbh.de\/es\/wp-json\/wp\/v2\/types\/product"}],"wp:featuredmedia":[{"embeddable":true,"href":"https:\/\/www.3p-gmbh.de\/es\/wp-json\/wp\/v2\/media\/85037"}],"wp:attachment":[{"href":"https:\/\/www.3p-gmbh.de\/es\/wp-json\/wp\/v2\/media?parent=89332"}],"wp:term":[{"taxonomy":"product_brand","embeddable":true,"href":"https:\/\/www.3p-gmbh.de\/es\/wp-json\/wp\/v2\/product_brand?post=89332"},{"taxonomy":"product_cat","embeddable":true,"href":"https:\/\/www.3p-gmbh.de\/es\/wp-json\/wp\/v2\/product_cat?post=89332"},{"taxonomy":"product_tag","embeddable":true,"href":"https:\/\/www.3p-gmbh.de\/es\/wp-json\/wp\/v2\/product_tag?post=89332"}],"curies":[{"name":"wp","href":"https:\/\/api.w.org\/{rel}","templated":true}]}}