{"id":89322,"date":"2023-01-12T14:12:47","date_gmt":"2023-01-12T14:12:47","guid":{"rendered":"https:\/\/www.3p-gmbh.de\/produkt\/mega-steel-cutter-699-2-en-mesa-de-luz-con-caja-de-residuos\/"},"modified":"2023-01-12T14:12:47","modified_gmt":"2023-01-12T14:12:47","slug":"mega-steel-cutter-699-2-en-mesa-de-iluminacion-con-caja-de-residuos","status":"publish","type":"product","link":"https:\/\/www.3p-gmbh.de\/es\/produkt\/mega-steel-cutter-699-2-en-mesa-de-iluminacion-con-caja-de-residuos\/","title":{"rendered":"Mega Steel Cutter 699-2 en mesa de luz con caja de residuos"},"content":{"rendered":"<p><strong>Mega Steel Cutter 699-2 en mesa de luz con caja de residuos<\/strong><\/p>\n<p>Cortadora de precisi\u00f3n para pel\u00edculas planas, l\u00e1minas y papel.<br \/>\nLa l\u00e1mina milimetrada iluminada y el tope lateral permiten alinear las plantillas con gran precisi\u00f3n.<br \/>\nLa barra de presi\u00f3n de la cortadora de pel\u00edcula, electromagn\u00e9tica se abre y se cierra golpeando con el dorso de la mano.<\/p>\n<p>evita que las plantillas se deslicen mientras la cuchilla circular se desliza por la cuchilla larga.<br \/>\nLos cortes son sin rebaba (secci\u00f3n extremadamente baja rebaba)<br \/>\nLos cuchillos redondos se autoafilan gracias al afilado hueco<\/p>\n<p>Anchura de corte: aprox. 65 cm<br \/>\nTope lateral con escala centim\u00e9trica<\/p>\n","protected":false},"excerpt":{"rendered":"<p>Mega Steel Cutter 699-2 en mesa de luz con caja de residuos Cortadora de precisi\u00f3n para pel\u00edculas planas, l\u00e1minas y papel. La l\u00e1mina milimetrada iluminada y el tope lateral permiten alinear las plantillas con gran precisi\u00f3n. La barra de presi\u00f3n de la cortadora de pel\u00edcula, electromagn\u00e9tica se abre y se cierra golpeando con el dorso [&hellip;]<\/p>\n","protected":false},"featured_media":85085,"template":"","meta":[],"product_brand":[],"product_cat":[3018],"product_tag":[],"class_list":{"0":"post-89322","1":"product","2":"type-product","3":"status-publish","4":"has-post-thumbnail","6":"product_cat-maquinas-de-corte-es","7":"pa_hersteller-mega-stahl","8":"pa_typ-699-2","10":"first","11":"instock","12":"taxable","13":"shipping-taxable","14":"product-type-simple"},"jetpack_sharing_enabled":true,"_links":{"self":[{"href":"https:\/\/www.3p-gmbh.de\/es\/wp-json\/wp\/v2\/product\/89322","targetHints":{"allow":["GET"]}}],"collection":[{"href":"https:\/\/www.3p-gmbh.de\/es\/wp-json\/wp\/v2\/product"}],"about":[{"href":"https:\/\/www.3p-gmbh.de\/es\/wp-json\/wp\/v2\/types\/product"}],"wp:featuredmedia":[{"embeddable":true,"href":"https:\/\/www.3p-gmbh.de\/es\/wp-json\/wp\/v2\/media\/85085"}],"wp:attachment":[{"href":"https:\/\/www.3p-gmbh.de\/es\/wp-json\/wp\/v2\/media?parent=89322"}],"wp:term":[{"taxonomy":"product_brand","embeddable":true,"href":"https:\/\/www.3p-gmbh.de\/es\/wp-json\/wp\/v2\/product_brand?post=89322"},{"taxonomy":"product_cat","embeddable":true,"href":"https:\/\/www.3p-gmbh.de\/es\/wp-json\/wp\/v2\/product_cat?post=89322"},{"taxonomy":"product_tag","embeddable":true,"href":"https:\/\/www.3p-gmbh.de\/es\/wp-json\/wp\/v2\/product_tag?post=89322"}],"curies":[{"name":"wp","href":"https:\/\/api.w.org\/{rel}","templated":true}]}}