{"id":89312,"date":"2023-01-25T17:45:54","date_gmt":"2023-01-25T17:45:54","guid":{"rendered":"https:\/\/www.3p-gmbh.de\/produkt\/desionizacion-alimentacion-de-descarga-haug-en-8-lc\/"},"modified":"2023-01-25T17:45:54","modified_gmt":"2023-01-25T17:45:54","slug":"fuente-de-alimentacion-de-desionizacion-descarga-haug-es-8-lc","status":"publish","type":"product","link":"https:\/\/www.3p-gmbh.de\/es\/produkt\/fuente-de-alimentacion-de-desionizacion-descarga-haug-es-8-lc\/","title":{"rendered":"Desionizaci\u00f3n &#8211; Alimentaci\u00f3n de descarga Haug EN 8 LC"},"content":{"rendered":"<p><strong>Unidad de descarga Haug EN 8 LC &#8211; longitud de la barra aprox. 55 cm para eliminar cargas electrost\u00e1ticas<br \/>\n<\/strong><strong>a partir de 2016<\/strong><\/p>\n<p>Las fuentes de alimentaci\u00f3n de descarga de la serie EN 8 se utilizan para alimentar unidades de ionizaci\u00f3n.<br \/>\nLas unidades disponen de cuatro conexiones de alta tensi\u00f3n estancas al gas y est\u00e1n fabricadas conforme al tipo de protecci\u00f3n IP 54, clase de protecci\u00f3n I, seg\u00fan VDE.<\/p>\n<p>Versi\u00f3n LC con control de funcionamiento integrado<br \/>\nEl estado de error se se\u00f1aliza mediante un LED situado en la carcasa.<\/p>\n<p><em><strong>Principio de funcionamiento<\/strong><\/em><br \/>\nLa tensi\u00f3n de red aplicada se transforma en tensi\u00f3n alterna de 7-8 kV mediante un transformador de alta tensi\u00f3n.<br \/>\nEl control de funcionamiento integrado en la secci\u00f3n secundaria se\u00f1ala que la tensi\u00f3n de inicio de corona se ha quedado por debajo (= inicio del efecto de las unidades de ionizaci\u00f3n) mediante el parpadeo del LED de control.<\/p>\n<p>La tecnolog\u00eda de placa de circuito impreso compacta garantiza fiabilidad y comodidad de servicio.<br \/>\nDescarga de la bater\u00eda ES 8<\/p>\n<p>&#8211; Comprobaci\u00f3n sencilla y r\u00e1pida de la unidad de ionizaci\u00f3n<br \/>\n&#8211; informaci\u00f3n fiable sobre el proceso de fabricaci\u00f3n (proceso y control de calidad)<br \/>\n&#8211; Control continuo de la unidad de ionizaci\u00f3n sin equipos adicionales de prueba y medici\u00f3n<\/p>\n","protected":false},"excerpt":{"rendered":"<p>Unidad de descarga Haug EN 8 LC &#8211; longitud de la barra aprox. 55 cm para eliminar cargas electrost\u00e1ticas a partir de 2016 Las fuentes de alimentaci\u00f3n de descarga de la serie EN 8 se utilizan para alimentar unidades de ionizaci\u00f3n. Las unidades disponen de cuatro conexiones de alta tensi\u00f3n estancas al gas y est\u00e1n [&hellip;]<\/p>\n","protected":false},"featured_media":85127,"template":"","meta":[],"product_brand":[],"product_cat":[2885,2982],"product_tag":[],"class_list":{"0":"post-89312","1":"product","2":"type-product","3":"status-publish","4":"has-post-thumbnail","6":"product_cat-accesorios-para-plegadoras","7":"product_cat-plegadoras","8":"pa_hersteller-haug","9":"pa_typ-en-8-lc","11":"first","12":"instock","13":"taxable","14":"shipping-taxable","15":"product-type-simple"},"jetpack_sharing_enabled":true,"_links":{"self":[{"href":"https:\/\/www.3p-gmbh.de\/es\/wp-json\/wp\/v2\/product\/89312","targetHints":{"allow":["GET"]}}],"collection":[{"href":"https:\/\/www.3p-gmbh.de\/es\/wp-json\/wp\/v2\/product"}],"about":[{"href":"https:\/\/www.3p-gmbh.de\/es\/wp-json\/wp\/v2\/types\/product"}],"wp:featuredmedia":[{"embeddable":true,"href":"https:\/\/www.3p-gmbh.de\/es\/wp-json\/wp\/v2\/media\/85127"}],"wp:attachment":[{"href":"https:\/\/www.3p-gmbh.de\/es\/wp-json\/wp\/v2\/media?parent=89312"}],"wp:term":[{"taxonomy":"product_brand","embeddable":true,"href":"https:\/\/www.3p-gmbh.de\/es\/wp-json\/wp\/v2\/product_brand?post=89312"},{"taxonomy":"product_cat","embeddable":true,"href":"https:\/\/www.3p-gmbh.de\/es\/wp-json\/wp\/v2\/product_cat?post=89312"},{"taxonomy":"product_tag","embeddable":true,"href":"https:\/\/www.3p-gmbh.de\/es\/wp-json\/wp\/v2\/product_tag?post=89312"}],"curies":[{"name":"wp","href":"https:\/\/api.w.org\/{rel}","templated":true}]}}