{"id":89301,"date":"2023-01-25T18:03:07","date_gmt":"2023-01-25T18:03:07","guid":{"rendered":"https:\/\/www.3p-gmbh.de\/produkt\/bandelin-sonorex-rk-158-m\/"},"modified":"2023-01-25T18:03:07","modified_gmt":"2023-01-25T18:03:07","slug":"bandelin-sonorex-rk-158-m","status":"publish","type":"product","link":"https:\/\/www.3p-gmbh.de\/es\/produkt\/bandelin-sonorex-rk-158-m\/","title":{"rendered":"BANDELIN Sonorex RK 158 M"},"content":{"rendered":"<p><strong>BANDELIN Sonorex RK 158 M<\/strong><\/p>\n<p>Limpiador ultras\u00f3nico de alto rendimiento en dise\u00f1o de acero inoxidable con calefacci\u00f3n para su uso en consultas, laboratorios y talleres.<br \/>\nLos acreditados y especialmente robustos ba\u00f1os de ultrasonidos SONOREX limpian a fondo y con suavidad mediante intensas burbujas de cavitaci\u00f3n, incluso en los lugares de dif\u00edcil acceso de los objetos de limpieza.<br \/>\nUn mando giratorio de f\u00e1cil manejo permite ajustar f\u00e1cilmente el tiempo de limpieza y la temperatura del ba\u00f1o.<br \/>\nLa funci\u00f3n SweepTec totalmente autom\u00e1tica evita las ondas estacionarias en el campo ultras\u00f3nico y consigue una limpieza especialmente uniforme.<\/p>\n<p>Dimensi\u00f3n interior L [mm] 700<br \/>\nDimensi\u00f3n interior B [mm] 140<br \/>\nDimensi\u00f3n interior T [mm] 150<br \/>\nCapacidad [l] 9<br \/>\nContenido del trabajo [l] 6<br \/>\nMarcado del nivel de llenado s\u00ed<br \/>\nFrecuencia de ultrasonidos [Hz] 35<br \/>\nEspesor de la ba\u00f1era [mm] 0.8<br \/>\nPotencia m\u00e1xima ultras\u00f3nica [W] 860<br \/>\nPotencia nominal ultras\u00f3nica [W] 215<br \/>\nFrecuencia de ultrasonidos [kHz] 35<br \/>\nTemp. fijada (C) 30-80<br \/>\nPotencia calor\u00edfica [W] 600<br \/>\nTensi\u00f3n de funcionamiento [V] 230 V Enchufe UE<\/p>\n","protected":false},"excerpt":{"rendered":"<p>BANDELIN Sonorex RK 158 M Limpiador ultras\u00f3nico de alto rendimiento en dise\u00f1o de acero inoxidable con calefacci\u00f3n para su uso en consultas, laboratorios y talleres. Los acreditados y especialmente robustos ba\u00f1os de ultrasonidos SONOREX limpian a fondo y con suavidad mediante intensas burbujas de cavitaci\u00f3n, incluso en los lugares de dif\u00edcil acceso de los objetos [&hellip;]<\/p>\n","protected":false},"featured_media":85205,"template":"","meta":[],"product_brand":[],"product_cat":[2878],"product_tag":[],"class_list":{"0":"post-89301","1":"product","2":"type-product","3":"status-publish","4":"has-post-thumbnail","6":"product_cat-equipamiento-para-talleres","7":"pa_hersteller-bandelin","8":"pa_typ-sonorex-rk-158-m","10":"first","11":"instock","12":"taxable","13":"shipping-taxable","14":"product-type-simple"},"jetpack_sharing_enabled":true,"_links":{"self":[{"href":"https:\/\/www.3p-gmbh.de\/es\/wp-json\/wp\/v2\/product\/89301","targetHints":{"allow":["GET"]}}],"collection":[{"href":"https:\/\/www.3p-gmbh.de\/es\/wp-json\/wp\/v2\/product"}],"about":[{"href":"https:\/\/www.3p-gmbh.de\/es\/wp-json\/wp\/v2\/types\/product"}],"wp:featuredmedia":[{"embeddable":true,"href":"https:\/\/www.3p-gmbh.de\/es\/wp-json\/wp\/v2\/media\/85205"}],"wp:attachment":[{"href":"https:\/\/www.3p-gmbh.de\/es\/wp-json\/wp\/v2\/media?parent=89301"}],"wp:term":[{"taxonomy":"product_brand","embeddable":true,"href":"https:\/\/www.3p-gmbh.de\/es\/wp-json\/wp\/v2\/product_brand?post=89301"},{"taxonomy":"product_cat","embeddable":true,"href":"https:\/\/www.3p-gmbh.de\/es\/wp-json\/wp\/v2\/product_cat?post=89301"},{"taxonomy":"product_tag","embeddable":true,"href":"https:\/\/www.3p-gmbh.de\/es\/wp-json\/wp\/v2\/product_tag?post=89301"}],"curies":[{"name":"wp","href":"https:\/\/api.w.org\/{rel}","templated":true}]}}