{"id":89300,"date":"2023-01-25T17:59:25","date_gmt":"2023-01-25T17:59:25","guid":{"rendered":"https:\/\/www.3p-gmbh.de\/produkt\/bomba-de-vacio-rotativa-de-paletas-de-funcionamiento-en-seco-becker-dvtlf-250\/"},"modified":"2023-01-25T17:59:25","modified_gmt":"2023-01-25T17:59:25","slug":"bomba-de-vacio-rotativa-de-vacio-en-seco-becker-dvtlf-250","status":"publish","type":"product","link":"https:\/\/www.3p-gmbh.de\/es\/produkt\/bomba-de-vacio-rotativa-de-vacio-en-seco-becker-dvtlf-250\/","title":{"rendered":"Bomba de vac\u00edo rotativa de paletas de funcionamiento en seco Becker DVTLF 250"},"content":{"rendered":"<p><strong>Becker DVTLF 250<\/strong><br \/>\n<strong>desde 2008<\/strong><\/p>\n<p>Bomba de vac\u00edo rotativa de paletas de funcionamiento en seco<\/p>\n<p>Fabricante: Becker<br \/>\nTipo: DVTLF 250<br \/>\nMotor: 400V\/50Hz<br \/>\nPotencia de aspiraci\u00f3n: 250 m\u00b3\/h<br \/>\nPresi\u00f3n m\u00e1xima: 200 mbar (abs.)<br \/>\ncorresponde al 90% de vac\u00edo<\/p>\n","protected":false},"excerpt":{"rendered":"<p>Becker DVTLF 250 desde 2008 Bomba de vac\u00edo rotativa de paletas de funcionamiento en seco Fabricante: Becker Tipo: DVTLF 250 Motor: 400V\/50Hz Potencia de aspiraci\u00f3n: 250 m\u00b3\/h Presi\u00f3n m\u00e1xima: 200 mbar (abs.) corresponde al 90% de vac\u00edo<\/p>\n","protected":false},"featured_media":85196,"template":"","meta":[],"product_brand":[],"product_cat":[2929],"product_tag":[],"class_list":{"0":"post-89300","1":"product","2":"type-product","3":"status-publish","4":"has-post-thumbnail","6":"product_cat-compresores-y-bombas-de-vacio","7":"pa_hersteller-becker","8":"pa_typ-dvtlf-250","10":"first","11":"instock","12":"taxable","13":"shipping-taxable","14":"product-type-simple"},"jetpack_sharing_enabled":true,"_links":{"self":[{"href":"https:\/\/www.3p-gmbh.de\/es\/wp-json\/wp\/v2\/product\/89300","targetHints":{"allow":["GET"]}}],"collection":[{"href":"https:\/\/www.3p-gmbh.de\/es\/wp-json\/wp\/v2\/product"}],"about":[{"href":"https:\/\/www.3p-gmbh.de\/es\/wp-json\/wp\/v2\/types\/product"}],"wp:featuredmedia":[{"embeddable":true,"href":"https:\/\/www.3p-gmbh.de\/es\/wp-json\/wp\/v2\/media\/85196"}],"wp:attachment":[{"href":"https:\/\/www.3p-gmbh.de\/es\/wp-json\/wp\/v2\/media?parent=89300"}],"wp:term":[{"taxonomy":"product_brand","embeddable":true,"href":"https:\/\/www.3p-gmbh.de\/es\/wp-json\/wp\/v2\/product_brand?post=89300"},{"taxonomy":"product_cat","embeddable":true,"href":"https:\/\/www.3p-gmbh.de\/es\/wp-json\/wp\/v2\/product_cat?post=89300"},{"taxonomy":"product_tag","embeddable":true,"href":"https:\/\/www.3p-gmbh.de\/es\/wp-json\/wp\/v2\/product_tag?post=89300"}],"curies":[{"name":"wp","href":"https:\/\/api.w.org\/{rel}","templated":true}]}}