{"id":89294,"date":"2023-01-25T18:11:37","date_gmt":"2023-01-25T18:11:37","guid":{"rendered":"https:\/\/www.3p-gmbh.de\/produkt\/carpeta-con-hebilla-mathias-baeuerle-multimaster-cas-52-4-38-2-fl-sa\/"},"modified":"2023-01-25T18:11:37","modified_gmt":"2023-01-25T18:11:37","slug":"hebilla-placa-carpeta-mathias-baeuerle-multimaster-cas-52-4-38-2-fl-sa","status":"publish","type":"product","link":"https:\/\/www.3p-gmbh.de\/es\/produkt\/hebilla-placa-carpeta-mathias-baeuerle-multimaster-cas-52-4-38-2-fl-sa\/","title":{"rendered":"Carpeta con hebilla Mathias B\u00e4uerle Multimaster CAS 52.4-38.2-FL SA"},"content":{"rendered":"<p><strong>Plegadora Mathias B\u00e4uerle Multimaster CAS 52.4-38.2-FL SA<\/strong><br \/>\n<strong>de 2001 poco usado<\/strong><\/p>\n<p>Alimentador de pila plana FL 52 con separaci\u00f3n del borde de salida<br \/>\nUnidad de plegado 1 con 4 bolsillos ajustables por motor Anchura de alimentaci\u00f3n 52 cm<br \/>\nUnidad de plegado 2 con 2 bolsillos ajustables por motor Anchura de alimentaci\u00f3n 38 cm<\/p>\n<p>con bolsillo gatefold para gatefold (cerrado A3 a Din largo posible)<\/p>\n<p>salida motorizada regulable<\/p>\n","protected":false},"excerpt":{"rendered":"<p>Plegadora Mathias B\u00e4uerle Multimaster CAS 52.4-38.2-FL SA de 2001 poco usado Alimentador de pila plana FL 52 con separaci\u00f3n del borde de salida Unidad de plegado 1 con 4 bolsillos ajustables por motor Anchura de alimentaci\u00f3n 52 cm Unidad de plegado 2 con 2 bolsillos ajustables por motor Anchura de alimentaci\u00f3n 38 cm con bolsillo [&hellip;]<\/p>\n","protected":false},"featured_media":85232,"template":"","meta":[],"product_brand":[],"product_cat":[2982],"product_tag":[],"class_list":{"0":"post-89294","1":"product","2":"type-product","3":"status-publish","4":"has-post-thumbnail","6":"product_cat-plegadoras","7":"pa_hersteller-mathias-baeuerle","8":"pa_typ-cas-52-4-38-2-fl-sa","10":"first","11":"instock","12":"taxable","13":"shipping-taxable","14":"product-type-simple"},"jetpack_sharing_enabled":true,"_links":{"self":[{"href":"https:\/\/www.3p-gmbh.de\/es\/wp-json\/wp\/v2\/product\/89294","targetHints":{"allow":["GET"]}}],"collection":[{"href":"https:\/\/www.3p-gmbh.de\/es\/wp-json\/wp\/v2\/product"}],"about":[{"href":"https:\/\/www.3p-gmbh.de\/es\/wp-json\/wp\/v2\/types\/product"}],"wp:featuredmedia":[{"embeddable":true,"href":"https:\/\/www.3p-gmbh.de\/es\/wp-json\/wp\/v2\/media\/85232"}],"wp:attachment":[{"href":"https:\/\/www.3p-gmbh.de\/es\/wp-json\/wp\/v2\/media?parent=89294"}],"wp:term":[{"taxonomy":"product_brand","embeddable":true,"href":"https:\/\/www.3p-gmbh.de\/es\/wp-json\/wp\/v2\/product_brand?post=89294"},{"taxonomy":"product_cat","embeddable":true,"href":"https:\/\/www.3p-gmbh.de\/es\/wp-json\/wp\/v2\/product_cat?post=89294"},{"taxonomy":"product_tag","embeddable":true,"href":"https:\/\/www.3p-gmbh.de\/es\/wp-json\/wp\/v2\/product_tag?post=89294"}],"curies":[{"name":"wp","href":"https:\/\/api.w.org\/{rel}","templated":true}]}}