{"id":89273,"date":"2023-01-31T22:51:03","date_gmt":"2023-01-31T22:51:03","guid":{"rendered":"https:\/\/www.3p-gmbh.de\/produkt\/cerradora-manual-renz-wbs-340-para-encuadernacion-con-canutillo-de-alambre\/"},"modified":"2023-01-31T22:51:03","modified_gmt":"2023-01-31T22:51:03","slug":"renz-wbs-340-encuadernadora-de-canutillo-con-cierre-manual","status":"publish","type":"product","link":"https:\/\/www.3p-gmbh.de\/es\/produkt\/renz-wbs-340-encuadernadora-de-canutillo-con-cierre-manual\/","title":{"rendered":"Cerradora manual Renz WBS 340 para encuadernaci\u00f3n con canutillo de alambre"},"content":{"rendered":"<p><strong>Cerradora manual Renz WBS para encuadernaci\u00f3n con canutillo de alambre<\/strong><\/p>\n<p>La Renz WBS 340 con soporte para m\u00f3dulos puede conectarse a la punzonadora de sobremesa DTP 340 M<br \/>\na un sistema de perforaci\u00f3n y encuadernaci\u00f3n eficaz y que ahorra espacio.<\/p>\n<p>Prestaciones<\/p>\n<p>con portam\u00f3dulos como unidad de encuadernaci\u00f3n simple<br \/>\npuede utilizarse para cerrar todos los di\u00e1metros de alambre de \u00f8 3\/16&#8243; &#8211; 1 1\/2&#8243; (5,5 &#8211; 38 mm) independientemente del paso<br \/>\nGracias a su dise\u00f1o abierto lateralmente, tambi\u00e9n es adecuado para cerraduras dobles (2 x 360 mm)<\/p>\n<p>f\u00e1cil de acoplar a la punzonadora de sobremesa DTP 340 M<br \/>\nCalidad \u00abMade in Germany<\/p>\n","protected":false},"excerpt":{"rendered":"<p>Cerradora manual Renz WBS para encuadernaci\u00f3n con canutillo de alambre La Renz WBS 340 con soporte para m\u00f3dulos puede conectarse a la punzonadora de sobremesa DTP 340 M a un sistema de perforaci\u00f3n y encuadernaci\u00f3n eficaz y que ahorra espacio. Prestaciones con portam\u00f3dulos como unidad de encuadernaci\u00f3n simple puede utilizarse para cerrar todos los di\u00e1metros [&hellip;]<\/p>\n","protected":false},"featured_media":85301,"template":"","meta":[],"product_brand":[],"product_cat":[2854],"product_tag":[],"class_list":{"0":"post-89273","1":"product","2":"type-product","3":"status-publish","4":"has-post-thumbnail","6":"product_cat-encuadernadoras-de-alambre","7":"pa_hersteller-renz","8":"pa_typ-wbs-340","10":"first","11":"instock","12":"taxable","13":"shipping-taxable","14":"product-type-simple"},"jetpack_sharing_enabled":true,"_links":{"self":[{"href":"https:\/\/www.3p-gmbh.de\/es\/wp-json\/wp\/v2\/product\/89273","targetHints":{"allow":["GET"]}}],"collection":[{"href":"https:\/\/www.3p-gmbh.de\/es\/wp-json\/wp\/v2\/product"}],"about":[{"href":"https:\/\/www.3p-gmbh.de\/es\/wp-json\/wp\/v2\/types\/product"}],"wp:featuredmedia":[{"embeddable":true,"href":"https:\/\/www.3p-gmbh.de\/es\/wp-json\/wp\/v2\/media\/85301"}],"wp:attachment":[{"href":"https:\/\/www.3p-gmbh.de\/es\/wp-json\/wp\/v2\/media?parent=89273"}],"wp:term":[{"taxonomy":"product_brand","embeddable":true,"href":"https:\/\/www.3p-gmbh.de\/es\/wp-json\/wp\/v2\/product_brand?post=89273"},{"taxonomy":"product_cat","embeddable":true,"href":"https:\/\/www.3p-gmbh.de\/es\/wp-json\/wp\/v2\/product_cat?post=89273"},{"taxonomy":"product_tag","embeddable":true,"href":"https:\/\/www.3p-gmbh.de\/es\/wp-json\/wp\/v2\/product_tag?post=89273"}],"curies":[{"name":"wp","href":"https:\/\/api.w.org\/{rel}","templated":true}]}}