{"id":89270,"date":"2023-01-31T22:47:46","date_gmt":"2023-01-31T22:47:46","guid":{"rendered":"https:\/\/www.3p-gmbh.de\/produkt\/compresor-silencioso-jun-air-4-25-motor-lubricado-por-aceite-con-reductor-de-presion-junair\/"},"modified":"2023-01-31T22:47:46","modified_gmt":"2023-01-31T22:47:46","slug":"whisper-quiet-compressor-jun-air-4-25-motor-oil-lubricated-with-pressure-reducer-junair","status":"publish","type":"product","link":"https:\/\/www.3p-gmbh.de\/es\/produkt\/whisper-quiet-compressor-jun-air-4-25-motor-oil-lubricated-with-pressure-reducer-junair\/","title":{"rendered":"Compresor silencioso JUN-AIR 4-25 Motor lubricado por aceite con reductor de presi\u00f3n JUNAIR"},"content":{"rendered":"<p><strong>compresor silencioso JUN-AIR 4-25 motor lubricado por aceite con reductor de presi\u00f3n JUNAIR\u00bb.<\/strong><br \/>\n<strong>desde 2007<\/strong><\/p>\n<p>Los compresores JUN-AIR lubricados por aceite son siempre la soluci\u00f3n \u00f3ptima,<br \/>\ncuando se necesita un suministro de aire comprimido silencioso.<br \/>\nCon 45 dB(A), el volumen est\u00e1 muy por debajo del nivel sonoro de una conversaci\u00f3n normal.<br \/>\nSu funcionamiento silencioso y sin vibraciones y su dise\u00f1o compacto permiten instalarla directamente en el lugar de trabajo.<\/p>\n<p>Datos t\u00e9cnicos:<br \/>\nm\u00e1x. Presi\u00f3n 18 bar<br \/>\nCapacidad de aspiraci\u00f3n 50 l\/min<br \/>\nCaudal efectivo: 32 l\/min a 8 bar<br \/>\nVolumen 45 dB(A)<br \/>\nCiclo de trabajo \/ pausa 15 min. \/ 15 min.<br \/>\nCompresor n\u00famero 1<br \/>\nCilindros por compresor 1<br \/>\nVolumen del recipiente a presi\u00f3n 25 l<br \/>\nTemperatura ambiente admisible +1\u00b0C a +40\u00b0C<br \/>\nTensi\u00f3n de alimentaci\u00f3n 230 V, 50 Hz<br \/>\nPotencia del motor 0,34 kW<br \/>\nConsumo de corriente 2,9 A<br \/>\nProtecci\u00f3n t\u00e9rmica Integrada<br \/>\nPeso 29 kg<br \/>\nDimensiones (LxAnxAl) 378 x 378 x 555<\/p>\n","protected":false},"excerpt":{"rendered":"<p>compresor silencioso JUN-AIR 4-25 motor lubricado por aceite con reductor de presi\u00f3n JUNAIR\u00bb. desde 2007 Los compresores JUN-AIR lubricados por aceite son siempre la soluci\u00f3n \u00f3ptima, cuando se necesita un suministro de aire comprimido silencioso. Con 45 dB(A), el volumen est\u00e1 muy por debajo del nivel sonoro de una conversaci\u00f3n normal. Su funcionamiento silencioso y [&hellip;]<\/p>\n","protected":false},"featured_media":85292,"template":"","meta":[],"product_brand":[],"product_cat":[2929],"product_tag":[],"class_list":{"0":"post-89270","1":"product","2":"type-product","3":"status-publish","4":"has-post-thumbnail","6":"product_cat-compresores-y-bombas-de-vacio","7":"pa_hersteller-jun-air","8":"pa_typ-4-25","10":"first","11":"instock","12":"taxable","13":"shipping-taxable","14":"product-type-simple"},"jetpack_sharing_enabled":true,"_links":{"self":[{"href":"https:\/\/www.3p-gmbh.de\/es\/wp-json\/wp\/v2\/product\/89270","targetHints":{"allow":["GET"]}}],"collection":[{"href":"https:\/\/www.3p-gmbh.de\/es\/wp-json\/wp\/v2\/product"}],"about":[{"href":"https:\/\/www.3p-gmbh.de\/es\/wp-json\/wp\/v2\/types\/product"}],"wp:featuredmedia":[{"embeddable":true,"href":"https:\/\/www.3p-gmbh.de\/es\/wp-json\/wp\/v2\/media\/85292"}],"wp:attachment":[{"href":"https:\/\/www.3p-gmbh.de\/es\/wp-json\/wp\/v2\/media?parent=89270"}],"wp:term":[{"taxonomy":"product_brand","embeddable":true,"href":"https:\/\/www.3p-gmbh.de\/es\/wp-json\/wp\/v2\/product_brand?post=89270"},{"taxonomy":"product_cat","embeddable":true,"href":"https:\/\/www.3p-gmbh.de\/es\/wp-json\/wp\/v2\/product_cat?post=89270"},{"taxonomy":"product_tag","embeddable":true,"href":"https:\/\/www.3p-gmbh.de\/es\/wp-json\/wp\/v2\/product_tag?post=89270"}],"curies":[{"name":"wp","href":"https:\/\/api.w.org\/{rel}","templated":true}]}}