{"id":89236,"date":"2023-03-05T23:48:26","date_gmt":"2023-03-05T23:48:26","guid":{"rendered":"https:\/\/www.3p-gmbh.de\/produkt\/soldadora-angular-compacta-con-tunel-de-retraccion-kallfass-kc-8060-650-universal\/"},"modified":"2023-03-05T23:48:26","modified_gmt":"2023-03-05T23:48:26","slug":"soldadora-angular-compacta-con-tunel-de-contraccion-kc-8060-650-universal","status":"publish","type":"product","link":"https:\/\/www.3p-gmbh.de\/es\/produkt\/soldadora-angular-compacta-con-tunel-de-contraccion-kc-8060-650-universal\/","title":{"rendered":"Soldadora angular compacta con t\u00fanel de retracci\u00f3n Kallfass KC 8060-650 Universal"},"content":{"rendered":"<p><strong>Soldadora angular compacta con t\u00fanel de retracci\u00f3n Kallfass KC 8060-650 Universal<\/strong><br \/>\n<strong>perfecto estado<\/strong><\/p>\n<p>Creada para un uso industrial exigente con t\u00fanel de retracci\u00f3n potente combinado.<br \/>\nLas cualidades de esta serie son especialmente evidentes en las operaciones continuas m\u00e1s duras: productos envasados como los impresos,<br \/>\nLos productos de vidrio en envases pueden envasarse de forma r\u00e1pida, econ\u00f3mica y con gran calidad.<br \/>\nLa probada tecnolog\u00eda de soldadura por impulsos con hilo de corte teflonizado garantiza un funcionamiento eficaz y absolutamente libre de olores.<\/p>\n<p>Tipo de envasado: envasado manual en film<br \/>\nRendimiento de envasado: hasta 20 ciclos\/min.<br \/>\nGama de formatos: Dimensiones del marco de soldadura 500 x 400 mm<br \/>\nAnchura de trabajo 450 mm<br \/>\nRango de trabajo altura 100-400mm<br \/>\nAltura de trabajo 870-970 mm<\/p>\n<p><em><strong>Equipamiento<\/strong><\/em><br \/>\nTransporte con cadena de barras de silicona<br \/>\nM\u00e1quina con ruedas<br \/>\nPlaca de mesa de aire para la apertura autom\u00e1tica de la l\u00e1mina<br \/>\nArados de refrigeraci\u00f3n en la salida<\/p>\n","protected":false},"excerpt":{"rendered":"<p>Soldadora angular compacta con t\u00fanel de retracci\u00f3n Kallfass KC 8060-650 Universal perfecto estado Creada para un uso industrial exigente con t\u00fanel de retracci\u00f3n potente combinado. Las cualidades de esta serie son especialmente evidentes en las operaciones continuas m\u00e1s duras: productos envasados como los impresos, Los productos de vidrio en envases pueden envasarse de forma r\u00e1pida, [&hellip;]<\/p>\n","protected":false},"featured_media":85622,"template":"","meta":[],"product_brand":[],"product_cat":[3028],"product_tag":[],"class_list":{"0":"post-89236","1":"product","2":"type-product","3":"status-publish","4":"has-post-thumbnail","6":"product_cat-envasadora-de-film-y-envasadora-estirable","7":"pa_hersteller-kallfass","8":"pa_typ-kc-8060-650","10":"first","11":"instock","12":"taxable","13":"shipping-taxable","14":"product-type-simple"},"jetpack_sharing_enabled":true,"_links":{"self":[{"href":"https:\/\/www.3p-gmbh.de\/es\/wp-json\/wp\/v2\/product\/89236","targetHints":{"allow":["GET"]}}],"collection":[{"href":"https:\/\/www.3p-gmbh.de\/es\/wp-json\/wp\/v2\/product"}],"about":[{"href":"https:\/\/www.3p-gmbh.de\/es\/wp-json\/wp\/v2\/types\/product"}],"wp:featuredmedia":[{"embeddable":true,"href":"https:\/\/www.3p-gmbh.de\/es\/wp-json\/wp\/v2\/media\/85622"}],"wp:attachment":[{"href":"https:\/\/www.3p-gmbh.de\/es\/wp-json\/wp\/v2\/media?parent=89236"}],"wp:term":[{"taxonomy":"product_brand","embeddable":true,"href":"https:\/\/www.3p-gmbh.de\/es\/wp-json\/wp\/v2\/product_brand?post=89236"},{"taxonomy":"product_cat","embeddable":true,"href":"https:\/\/www.3p-gmbh.de\/es\/wp-json\/wp\/v2\/product_cat?post=89236"},{"taxonomy":"product_tag","embeddable":true,"href":"https:\/\/www.3p-gmbh.de\/es\/wp-json\/wp\/v2\/product_tag?post=89236"}],"curies":[{"name":"wp","href":"https:\/\/api.w.org\/{rel}","templated":true}]}}