{"id":89230,"date":"2023-03-06T00:03:41","date_gmt":"2023-03-06T00:03:41","guid":{"rendered":"https:\/\/www.3p-gmbh.de\/produkt\/bomba-de-bidon-de-200-kg-con-motor-neumatico-lincoln-powermaster-2\/"},"modified":"2023-03-06T00:03:41","modified_gmt":"2023-03-06T00:03:41","slug":"200kg-bomba-de-barril-con-motor-aire-lincoln-powermaster-2","status":"publish","type":"product","link":"https:\/\/www.3p-gmbh.de\/es\/produkt\/200kg-bomba-de-barril-con-motor-aire-lincoln-powermaster-2\/","title":{"rendered":"Bomba de bid\u00f3n de 200 kg con motor neum\u00e1tico Lincoln Powermaster 2"},"content":{"rendered":"<div><strong>Bomba de bid\u00f3n de 200 kg con motor neum\u00e1tico modelo Lincoln Powermaster 2<\/p>\n<p><\/strong><\/div>\n<div>Traducci\u00f3n 4:1<\/div>\n","protected":false},"excerpt":{"rendered":"<p>Bomba de bid\u00f3n de 200 kg con motor neum\u00e1tico modelo Lincoln Powermaster 2 Traducci\u00f3n 4:1<\/p>\n","protected":false},"featured_media":85661,"template":"","meta":[],"product_brand":[],"product_cat":[2899],"product_tag":[],"class_list":{"0":"post-89230","1":"product","2":"type-product","3":"status-publish","4":"has-post-thumbnail","6":"product_cat-accesorios-y-piezas-de-recambio-para-prensas","7":"pa_hersteller-lincoln","8":"pa_typ-powermaster-air-2","10":"first","11":"instock","12":"taxable","13":"shipping-taxable","14":"product-type-simple"},"jetpack_sharing_enabled":true,"_links":{"self":[{"href":"https:\/\/www.3p-gmbh.de\/es\/wp-json\/wp\/v2\/product\/89230","targetHints":{"allow":["GET"]}}],"collection":[{"href":"https:\/\/www.3p-gmbh.de\/es\/wp-json\/wp\/v2\/product"}],"about":[{"href":"https:\/\/www.3p-gmbh.de\/es\/wp-json\/wp\/v2\/types\/product"}],"wp:featuredmedia":[{"embeddable":true,"href":"https:\/\/www.3p-gmbh.de\/es\/wp-json\/wp\/v2\/media\/85661"}],"wp:attachment":[{"href":"https:\/\/www.3p-gmbh.de\/es\/wp-json\/wp\/v2\/media?parent=89230"}],"wp:term":[{"taxonomy":"product_brand","embeddable":true,"href":"https:\/\/www.3p-gmbh.de\/es\/wp-json\/wp\/v2\/product_brand?post=89230"},{"taxonomy":"product_cat","embeddable":true,"href":"https:\/\/www.3p-gmbh.de\/es\/wp-json\/wp\/v2\/product_cat?post=89230"},{"taxonomy":"product_tag","embeddable":true,"href":"https:\/\/www.3p-gmbh.de\/es\/wp-json\/wp\/v2\/product_tag?post=89230"}],"curies":[{"name":"wp","href":"https:\/\/api.w.org\/{rel}","templated":true}]}}