{"id":89215,"date":"2023-03-06T00:13:10","date_gmt":"2023-03-06T00:13:10","guid":{"rendered":"https:\/\/www.3p-gmbh.de\/produkt\/2-tes-unidad-plegable-de-cuatro-compartimentos-movil-y-regulable-en-altura-herzog-heymann-hh-m7-35-4\/"},"modified":"2023-03-06T00:13:10","modified_gmt":"2023-03-06T00:13:10","slug":"molinillo-herzog-heymann-de-bolsillo-plegable-de-2-estaciones-hh-m7-35-4","status":"publish","type":"product","link":"https:\/\/www.3p-gmbh.de\/es\/produkt\/molinillo-herzog-heymann-de-bolsillo-plegable-de-2-estaciones-hh-m7-35-4\/","title":{"rendered":"2.tes unidad plegable de cuatro compartimentos m\u00f3vil y regulable en altura Herzog &amp; Heymann H&amp;H M7.35-4"},"content":{"rendered":"<p><strong>2.tes unidad plegable de cuatro compartimentos m\u00f3vil y regulable en altura Herzog &amp; Heymann H&amp;H M7.35-4<\/strong><br \/>\n<strong>desde 2002  <\/strong><\/p>\n<p>Control intr\u00ednseco con parada de emergencia<br \/>\nMesa de rodillos con entrada de regla como FW 2, Gu\u00edas HighSpeed<br \/>\nTravesa\u00f1o para sujetar los cabezales de perforaci\u00f3n c\u00edclica o de encolado delante de la entrada<br \/>\nEje pasante de un solo \u00e1rbol de corte montado en la parte delantera<br \/>\n4 bolsillos plegables 780cm<br \/>\nRodillos plegables segmentados de 35 mm de di\u00e1metro<br \/>\nDoble eje de corte descendente Ejes de empuje<\/p>\n","protected":false},"excerpt":{"rendered":"<p>2.tes unidad plegable de cuatro compartimentos m\u00f3vil y regulable en altura Herzog &amp; Heymann H&amp;H M7.35-4 desde 2002 Control intr\u00ednseco con parada de emergencia Mesa de rodillos con entrada de regla como FW 2, Gu\u00edas HighSpeed Travesa\u00f1o para sujetar los cabezales de perforaci\u00f3n c\u00edclica o de encolado delante de la entrada Eje pasante de un [&hellip;]<\/p>\n","protected":false},"featured_media":86261,"template":"","meta":[],"product_brand":[],"product_cat":[2915,2982],"product_tag":[],"class_list":{"0":"post-89215","1":"product","2":"type-product","3":"status-publish","4":"has-post-thumbnail","6":"product_cat-unidades-plegables","7":"product_cat-plegadoras","8":"pa_hersteller-herzog-heymann","9":"pa_typ-m7-35-4","11":"first","12":"instock","13":"taxable","14":"shipping-taxable","15":"product-type-simple"},"jetpack_sharing_enabled":true,"_links":{"self":[{"href":"https:\/\/www.3p-gmbh.de\/es\/wp-json\/wp\/v2\/product\/89215","targetHints":{"allow":["GET"]}}],"collection":[{"href":"https:\/\/www.3p-gmbh.de\/es\/wp-json\/wp\/v2\/product"}],"about":[{"href":"https:\/\/www.3p-gmbh.de\/es\/wp-json\/wp\/v2\/types\/product"}],"wp:featuredmedia":[{"embeddable":true,"href":"https:\/\/www.3p-gmbh.de\/es\/wp-json\/wp\/v2\/media\/86261"}],"wp:attachment":[{"href":"https:\/\/www.3p-gmbh.de\/es\/wp-json\/wp\/v2\/media?parent=89215"}],"wp:term":[{"taxonomy":"product_brand","embeddable":true,"href":"https:\/\/www.3p-gmbh.de\/es\/wp-json\/wp\/v2\/product_brand?post=89215"},{"taxonomy":"product_cat","embeddable":true,"href":"https:\/\/www.3p-gmbh.de\/es\/wp-json\/wp\/v2\/product_cat?post=89215"},{"taxonomy":"product_tag","embeddable":true,"href":"https:\/\/www.3p-gmbh.de\/es\/wp-json\/wp\/v2\/product_tag?post=89215"}],"curies":[{"name":"wp","href":"https:\/\/api.w.org\/{rel}","templated":true}]}}