{"id":89208,"date":"2023-03-06T00:27:58","date_gmt":"2023-03-06T00:27:58","guid":{"rendered":"https:\/\/www.3p-gmbh.de\/produkt\/plegadora-y-cosedora-de-capas-nagel-foldnak-4-con-entrega-en-corriente\/"},"modified":"2023-03-06T00:27:58","modified_gmt":"2023-03-06T00:27:58","slug":"plegadora-y-grapadora-de-capas-de-unas-foldnak-4-con-bisturi-boom-2","status":"publish","type":"product","link":"https:\/\/www.3p-gmbh.de\/es\/produkt\/plegadora-y-grapadora-de-capas-de-unas-foldnak-4-con-bisturi-boom-2\/","title":{"rendered":"Plegadora y cosedora de capas Nagel Foldnak 4 con entrega en corriente"},"content":{"rendered":"<p><strong>Plegadora y cosedora de capas Nagel Foldnak 4 con entrega en corriente<br \/>\n<\/strong><br \/>\npara crear folletos de hasta 80 p\u00e1ginas en una sola operaci\u00f3n.<\/p>\n<p>Formato de alimentaci\u00f3n de papel de DIN A5 a DIN A 3-sobretama\u00f1o<br \/>\n&#8211; con 2 cabezales de grapado (ampliables a 4)<\/p>\n","protected":false},"excerpt":{"rendered":"<p>Plegadora y cosedora de capas Nagel Foldnak 4 con entrega en corriente para crear folletos de hasta 80 p\u00e1ginas en una sola operaci\u00f3n. Formato de alimentaci\u00f3n de papel de DIN A5 a DIN A 3-sobretama\u00f1o &#8211; con 2 cabezales de grapado (ampliables a 4)<\/p>\n","protected":false},"featured_media":85715,"template":"","meta":[],"product_brand":[],"product_cat":[2990],"product_tag":[],"class_list":{"0":"post-89208","1":"product","2":"type-product","3":"status-publish","4":"has-post-thumbnail","6":"product_cat-grapadoras","7":"pa_hersteller-ernst-nagel","8":"pa_typ-foldnak-4","10":"first","11":"instock","12":"taxable","13":"shipping-taxable","14":"product-type-simple"},"jetpack_sharing_enabled":true,"_links":{"self":[{"href":"https:\/\/www.3p-gmbh.de\/es\/wp-json\/wp\/v2\/product\/89208","targetHints":{"allow":["GET"]}}],"collection":[{"href":"https:\/\/www.3p-gmbh.de\/es\/wp-json\/wp\/v2\/product"}],"about":[{"href":"https:\/\/www.3p-gmbh.de\/es\/wp-json\/wp\/v2\/types\/product"}],"wp:featuredmedia":[{"embeddable":true,"href":"https:\/\/www.3p-gmbh.de\/es\/wp-json\/wp\/v2\/media\/85715"}],"wp:attachment":[{"href":"https:\/\/www.3p-gmbh.de\/es\/wp-json\/wp\/v2\/media?parent=89208"}],"wp:term":[{"taxonomy":"product_brand","embeddable":true,"href":"https:\/\/www.3p-gmbh.de\/es\/wp-json\/wp\/v2\/product_brand?post=89208"},{"taxonomy":"product_cat","embeddable":true,"href":"https:\/\/www.3p-gmbh.de\/es\/wp-json\/wp\/v2\/product_cat?post=89208"},{"taxonomy":"product_tag","embeddable":true,"href":"https:\/\/www.3p-gmbh.de\/es\/wp-json\/wp\/v2\/product_tag?post=89208"}],"curies":[{"name":"wp","href":"https:\/\/api.w.org\/{rel}","templated":true}]}}