{"id":89201,"date":"2023-03-06T00:42:47","date_gmt":"2023-03-06T00:42:47","guid":{"rendered":"https:\/\/www.3p-gmbh.de\/produkt\/escaner-de-tambor-linotype-hell-chromagraph-s3300\/"},"modified":"2023-03-06T00:42:47","modified_gmt":"2023-03-06T00:42:47","slug":"linotype-bright-drum-scanner-chromagraph-s3300","status":"publish","type":"product","link":"https:\/\/www.3p-gmbh.de\/es\/produkt\/linotype-bright-drum-scanner-chromagraph-s3300\/","title":{"rendered":"Esc\u00e1ner de tambor Linotype-Hell ChromaGraph S3300"},"content":{"rendered":"<p><strong>Esc\u00e1ner de tambor Linotype-Hell ChromaGraph S3300  <\/strong><\/p>\n<p>con tecnolog\u00eda fotomultiplicadora<br \/>\nm\u00e1x. Tama\u00f1o original 450 x 500<br \/>\nm\u00e1x. Espesor de la plantilla 2 mm<br \/>\nresoluci\u00f3n \u00f3ptica 9600 ppp<br \/>\nEscala 20-2000<br \/>\nDmax. 3.9<br \/>\nPeso 700 kg<\/p>\n<p>Incluido en la entrega<br \/>\nSoftware de escaneado LinoColor 6 para Mac OS 9<br \/>\nMountassistant 150<br \/>\n2 rodillos de exploraci\u00f3n de 150 mm de di\u00e1metro<\/p>\n","protected":false},"excerpt":{"rendered":"<p>Esc\u00e1ner de tambor Linotype-Hell ChromaGraph S3300 con tecnolog\u00eda fotomultiplicadora m\u00e1x. Tama\u00f1o original 450 x 500 m\u00e1x. Espesor de la plantilla 2 mm resoluci\u00f3n \u00f3ptica 9600 ppp Escala 20-2000 Dmax. 3.9 Peso 700 kg Incluido en la entrega Software de escaneado LinoColor 6 para Mac OS 9 Mountassistant 150 2 rodillos de exploraci\u00f3n de 150 mm [&hellip;]<\/p>\n","protected":false},"featured_media":85754,"template":"","meta":[],"product_brand":[],"product_cat":[3025],"product_tag":[],"class_list":{"0":"post-89201","1":"product","2":"type-product","3":"status-publish","4":"has-post-thumbnail","6":"product_cat-escaner-de-tambor","7":"pa_hersteller-linotype-hell","8":"pa_typ-chromagraph-s3300","10":"first","11":"instock","12":"taxable","13":"shipping-taxable","14":"product-type-simple"},"jetpack_sharing_enabled":true,"_links":{"self":[{"href":"https:\/\/www.3p-gmbh.de\/es\/wp-json\/wp\/v2\/product\/89201","targetHints":{"allow":["GET"]}}],"collection":[{"href":"https:\/\/www.3p-gmbh.de\/es\/wp-json\/wp\/v2\/product"}],"about":[{"href":"https:\/\/www.3p-gmbh.de\/es\/wp-json\/wp\/v2\/types\/product"}],"wp:featuredmedia":[{"embeddable":true,"href":"https:\/\/www.3p-gmbh.de\/es\/wp-json\/wp\/v2\/media\/85754"}],"wp:attachment":[{"href":"https:\/\/www.3p-gmbh.de\/es\/wp-json\/wp\/v2\/media?parent=89201"}],"wp:term":[{"taxonomy":"product_brand","embeddable":true,"href":"https:\/\/www.3p-gmbh.de\/es\/wp-json\/wp\/v2\/product_brand?post=89201"},{"taxonomy":"product_cat","embeddable":true,"href":"https:\/\/www.3p-gmbh.de\/es\/wp-json\/wp\/v2\/product_cat?post=89201"},{"taxonomy":"product_tag","embeddable":true,"href":"https:\/\/www.3p-gmbh.de\/es\/wp-json\/wp\/v2\/product_tag?post=89201"}],"curies":[{"name":"wp","href":"https:\/\/api.w.org\/{rel}","templated":true}]}}