{"id":89175,"date":"2023-03-19T22:26:59","date_gmt":"2023-03-19T22:26:59","guid":{"rendered":"https:\/\/www.3p-gmbh.de\/produkt\/cortadora-de-palanca-profesional-cutstream-profioffice-hq-361\/"},"modified":"2023-03-19T22:26:59","modified_gmt":"2023-03-19T22:26:59","slug":"cortadora-de-guillotina-profesional-profioffice-hq-361","status":"publish","type":"product","link":"https:\/\/www.3p-gmbh.de\/es\/produkt\/cortadora-de-guillotina-profesional-profioffice-hq-361\/","title":{"rendered":"Cortadora de palanca profesional Cutstream ProfiOffice HQ 361"},"content":{"rendered":"<p><strong>Cortadora de palanca profesional Cutstream ProfiOffice HQ 361<\/strong><br \/>\n<strong>HQ significa Alta Calidad<\/strong><\/p>\n<p>y se caracteriza por 3 rasgos especiales:<br \/>\n-Una hoja carbonizada extremadamente dura,<br \/>\n-una hoja superior e inferior rectificadas y,<br \/>\n-Una empu\u00f1adura ergon\u00f3mica antichoque.<\/p>\n<p>Las cuchillas de acero no necesitan mantenimiento, ya que se afilan solas con cada corte.<br \/>\nSe proporciona una protecci\u00f3n especial mediante una separaci\u00f3n protectora entre la cuchilla de corte y el soporte.<br \/>\nAdem\u00e1s de las caracter\u00edsticas especiales, la HQ 361 tambi\u00e9n tiene un tope lateral m\u00f3vil para un corte recto y suave,<br \/>\nuna regla de orientaci\u00f3n de 26,5 cm de ancho, una superficie de trabajo rotulada y 4 pies antideslizantes.<br \/>\nPor supuesto, la cizalla de palanca tiene el sello GS, que significa seguridad probada.<\/p>\n<p>Datos t\u00e9cnicos:<br \/>\nLongitud de corte (mm) 360<br \/>\nAnchura de corte (mm) 265<br \/>\nformatos DIN adecuados A5\/A4<br \/>\nCapacidad de corte (80 g\/hoja) 25 hojas<br \/>\nPrensado manual de hojas<br \/>\nTope lateral ajustable s\u00ed<br \/>\nRegla extra &#8211;<br \/>\nEscudo protector s\u00ed<br \/>\nCuchilla reemplazable s\u00ed<br \/>\nDimensiones (mm) 310 x 610 x 420<br \/>\nPeso (kg) 4,5<br \/>\nColor gris claro\/azul real<br \/>\nEmpu\u00f1adura especial antichoque<\/p>\n","protected":false},"excerpt":{"rendered":"<p>Cortadora de palanca profesional Cutstream ProfiOffice HQ 361 HQ significa Alta Calidad y se caracteriza por 3 rasgos especiales: -Una hoja carbonizada extremadamente dura, -una hoja superior e inferior rectificadas y, -Una empu\u00f1adura ergon\u00f3mica antichoque. Las cuchillas de acero no necesitan mantenimiento, ya que se afilan solas con cada corte. Se proporciona una protecci\u00f3n especial [&hellip;]<\/p>\n","protected":false},"featured_media":85976,"template":"","meta":[],"product_brand":[],"product_cat":[3018],"product_tag":[],"class_list":{"0":"post-89175","1":"product","2":"type-product","3":"status-publish","4":"has-post-thumbnail","6":"product_cat-maquinas-de-corte-es","8":"first","9":"instock","10":"taxable","11":"shipping-taxable","12":"product-type-simple"},"jetpack_sharing_enabled":true,"_links":{"self":[{"href":"https:\/\/www.3p-gmbh.de\/es\/wp-json\/wp\/v2\/product\/89175","targetHints":{"allow":["GET"]}}],"collection":[{"href":"https:\/\/www.3p-gmbh.de\/es\/wp-json\/wp\/v2\/product"}],"about":[{"href":"https:\/\/www.3p-gmbh.de\/es\/wp-json\/wp\/v2\/types\/product"}],"wp:featuredmedia":[{"embeddable":true,"href":"https:\/\/www.3p-gmbh.de\/es\/wp-json\/wp\/v2\/media\/85976"}],"wp:attachment":[{"href":"https:\/\/www.3p-gmbh.de\/es\/wp-json\/wp\/v2\/media?parent=89175"}],"wp:term":[{"taxonomy":"product_brand","embeddable":true,"href":"https:\/\/www.3p-gmbh.de\/es\/wp-json\/wp\/v2\/product_brand?post=89175"},{"taxonomy":"product_cat","embeddable":true,"href":"https:\/\/www.3p-gmbh.de\/es\/wp-json\/wp\/v2\/product_cat?post=89175"},{"taxonomy":"product_tag","embeddable":true,"href":"https:\/\/www.3p-gmbh.de\/es\/wp-json\/wp\/v2\/product_tag?post=89175"}],"curies":[{"name":"wp","href":"https:\/\/api.w.org\/{rel}","templated":true}]}}