{"id":89163,"date":"2023-03-19T19:37:22","date_gmt":"2023-03-19T19:37:22","guid":{"rendered":"https:\/\/www.3p-gmbh.de\/produkt\/trituradora-ideal-2600-4-x-40mm\/"},"modified":"2023-03-19T19:37:22","modified_gmt":"2023-03-19T19:37:22","slug":"aktenvernichter-ideal-2600-4-x-40mm","status":"publish","type":"product","link":"https:\/\/www.3p-gmbh.de\/es\/produkt\/aktenvernichter-ideal-2600-4-x-40mm\/","title":{"rendered":"Trituradora IDEAL 2600 4 x 40mm"},"content":{"rendered":"<p><strong>Trituradora IDEAL 2600 4 x 40mm<\/strong><\/p>\n<p>Tritura: clips, CD\/DVD, grapas, tarjetas de cr\u00e9dito, papel<\/p>\n<p>Tama\u00f1o de corte del papel: corte de part\u00edculas de 4&#215;40 mm<br \/>\nTama\u00f1o de corte del papel (filtro): Corte de part\u00edculas<br \/>\nDIN 66399 Nivel de seguridad \/ papel: DIN P-4<br \/>\nCapacidad: 25 hojas<br \/>\nCapacidad de hojas (filtro): 20 hojas +<br \/>\nNecesidad diaria: 1000 hojas<br \/>\nAnchura de llenado: 260 mm<br \/>\nAncho de llenado (filtro): A4+<br \/>\nCapacidad del dep\u00f3sito: 100 litros<br \/>\nCapacidad del dep\u00f3sito de recogida (filtro): 100 litros +<br \/>\nVelocidad de corte: 4,8 metros\/min<br \/>\nNivel de ruido: 68 dB<br \/>\nMotor: 640 vatios<br \/>\nTiempo de funcionamiento continuo: 24 horas<br \/>\nTiempo de funcionamiento continuo (filtro): 24h de funcionamiento continuo<br \/>\nTiempo de enfriamiento del motor: no aplicable<br \/>\nTensi\u00f3n (V\/Hz): 230\/50 V\/Hz<br \/>\nDimensiones (ancho*alto*fondo*): 495*926*470*mm<br \/>\nPeso: 48 kg<\/p>\n","protected":false},"excerpt":{"rendered":"<p>Trituradora IDEAL 2600 4 x 40mm Tritura: clips, CD\/DVD, grapas, tarjetas de cr\u00e9dito, papel Tama\u00f1o de corte del papel: corte de part\u00edculas de 4&#215;40 mm Tama\u00f1o de corte del papel (filtro): Corte de part\u00edculas DIN 66399 Nivel de seguridad \/ papel: DIN P-4 Capacidad: 25 hojas Capacidad de hojas (filtro): 20 hojas + Necesidad diaria: [&hellip;]<\/p>\n","protected":false},"featured_media":85967,"template":"","meta":[],"product_brand":[],"product_cat":[2894],"product_tag":[],"class_list":{"0":"post-89163","1":"product","2":"type-product","3":"status-publish","4":"has-post-thumbnail","6":"product_cat-surtido-encuadernacion","7":"pa_hersteller-ideal","9":"first","10":"instock","11":"taxable","12":"shipping-taxable","13":"product-type-simple"},"jetpack_sharing_enabled":true,"_links":{"self":[{"href":"https:\/\/www.3p-gmbh.de\/es\/wp-json\/wp\/v2\/product\/89163","targetHints":{"allow":["GET"]}}],"collection":[{"href":"https:\/\/www.3p-gmbh.de\/es\/wp-json\/wp\/v2\/product"}],"about":[{"href":"https:\/\/www.3p-gmbh.de\/es\/wp-json\/wp\/v2\/types\/product"}],"wp:featuredmedia":[{"embeddable":true,"href":"https:\/\/www.3p-gmbh.de\/es\/wp-json\/wp\/v2\/media\/85967"}],"wp:attachment":[{"href":"https:\/\/www.3p-gmbh.de\/es\/wp-json\/wp\/v2\/media?parent=89163"}],"wp:term":[{"taxonomy":"product_brand","embeddable":true,"href":"https:\/\/www.3p-gmbh.de\/es\/wp-json\/wp\/v2\/product_brand?post=89163"},{"taxonomy":"product_cat","embeddable":true,"href":"https:\/\/www.3p-gmbh.de\/es\/wp-json\/wp\/v2\/product_cat?post=89163"},{"taxonomy":"product_tag","embeddable":true,"href":"https:\/\/www.3p-gmbh.de\/es\/wp-json\/wp\/v2\/product_tag?post=89163"}],"curies":[{"name":"wp","href":"https:\/\/api.w.org\/{rel}","templated":true}]}}