{"id":89128,"date":"2023-03-19T23:27:21","date_gmt":"2023-03-19T23:27:21","guid":{"rendered":"https:\/\/www.3p-gmbh.de\/produkt\/gran-stock-heidelberg-xl-106-y-cd-102-maquinas-de-impresion-de-piezas-de-repuesto\/"},"modified":"2023-03-19T23:27:21","modified_gmt":"2023-03-19T23:27:21","slug":"piezas-de-repuesto-para-maquinas-de-impresion-large-stock-heidelberg-xl-106-and-cd-102","status":"publish","type":"product","link":"https:\/\/www.3p-gmbh.de\/es\/produkt\/piezas-de-repuesto-para-maquinas-de-impresion-large-stock-heidelberg-xl-106-and-cd-102\/","title":{"rendered":"gran stock Heidelberg XL 106 y CD 102 m\u00e1quinas de impresi\u00f3n de piezas de repuesto"},"content":{"rendered":"<p><strong>gran stock Heidelberg XL 106 y CD 102 m\u00e1quinas de impresi\u00f3n de piezas de repuesto<\/strong><\/p>\n","protected":false},"excerpt":{"rendered":"<p>gran stock Heidelberg XL 106 y CD 102 m\u00e1quinas de impresi\u00f3n de piezas de repuesto<\/p>\n","protected":false},"featured_media":86045,"template":"","meta":[],"product_brand":[],"product_cat":[2899],"product_tag":[],"class_list":{"0":"post-89128","1":"product","2":"type-product","3":"status-publish","4":"has-post-thumbnail","6":"product_cat-accesorios-y-piezas-de-recambio-para-prensas","7":"pa_hersteller-heidelberg","9":"first","10":"instock","11":"taxable","12":"shipping-taxable","13":"product-type-simple"},"jetpack_sharing_enabled":true,"_links":{"self":[{"href":"https:\/\/www.3p-gmbh.de\/es\/wp-json\/wp\/v2\/product\/89128","targetHints":{"allow":["GET"]}}],"collection":[{"href":"https:\/\/www.3p-gmbh.de\/es\/wp-json\/wp\/v2\/product"}],"about":[{"href":"https:\/\/www.3p-gmbh.de\/es\/wp-json\/wp\/v2\/types\/product"}],"wp:featuredmedia":[{"embeddable":true,"href":"https:\/\/www.3p-gmbh.de\/es\/wp-json\/wp\/v2\/media\/86045"}],"wp:attachment":[{"href":"https:\/\/www.3p-gmbh.de\/es\/wp-json\/wp\/v2\/media?parent=89128"}],"wp:term":[{"taxonomy":"product_brand","embeddable":true,"href":"https:\/\/www.3p-gmbh.de\/es\/wp-json\/wp\/v2\/product_brand?post=89128"},{"taxonomy":"product_cat","embeddable":true,"href":"https:\/\/www.3p-gmbh.de\/es\/wp-json\/wp\/v2\/product_cat?post=89128"},{"taxonomy":"product_tag","embeddable":true,"href":"https:\/\/www.3p-gmbh.de\/es\/wp-json\/wp\/v2\/product_tag?post=89128"}],"curies":[{"name":"wp","href":"https:\/\/api.w.org\/{rel}","templated":true}]}}