{"id":89102,"date":"2023-03-09T23:34:26","date_gmt":"2023-03-09T23:34:26","guid":{"rendered":"https:\/\/www.3p-gmbh.de\/produkt\/extraccion-movil-compacta-de-cantos-hunkeler-hku-2000-n\/"},"modified":"2023-03-09T23:34:26","modified_gmt":"2023-03-09T23:34:26","slug":"aspirador-compacto-movil-de-corte-de-borde-hunkeler-hku-2000-n","status":"publish","type":"product","link":"https:\/\/www.3p-gmbh.de\/es\/produkt\/aspirador-compacto-movil-de-corte-de-borde-hunkeler-hku-2000-n\/","title":{"rendered":"extracci\u00f3n m\u00f3vil compacta de cantos Hunkeler HKU-2000 N"},"content":{"rendered":"<div><strong>Sistema m\u00f3vil compacto de extracci\u00f3n de cantos<\/strong><\/div>\n<div><strong>Hunkeler HKU-2000 N<\/strong><\/div>\n<div><strong>a partir de 2019<\/strong><\/div>\n","protected":false},"excerpt":{"rendered":"<p>Sistema m\u00f3vil compacto de extracci\u00f3n de cantos Hunkeler HKU-2000 N a partir de 2019<\/p>\n","protected":false},"featured_media":85811,"template":"","meta":[],"product_brand":[],"product_cat":[3014],"product_tag":[],"class_list":{"0":"post-89102","1":"product","2":"type-product","3":"status-publish","4":"has-post-thumbnail","6":"product_cat-compensacion-web","7":"pa_hersteller-hunkeler","8":"pa_typ-hku-2000-n","10":"first","11":"instock","12":"taxable","13":"shipping-taxable","14":"product-type-simple"},"jetpack_sharing_enabled":true,"_links":{"self":[{"href":"https:\/\/www.3p-gmbh.de\/es\/wp-json\/wp\/v2\/product\/89102","targetHints":{"allow":["GET"]}}],"collection":[{"href":"https:\/\/www.3p-gmbh.de\/es\/wp-json\/wp\/v2\/product"}],"about":[{"href":"https:\/\/www.3p-gmbh.de\/es\/wp-json\/wp\/v2\/types\/product"}],"wp:featuredmedia":[{"embeddable":true,"href":"https:\/\/www.3p-gmbh.de\/es\/wp-json\/wp\/v2\/media\/85811"}],"wp:attachment":[{"href":"https:\/\/www.3p-gmbh.de\/es\/wp-json\/wp\/v2\/media?parent=89102"}],"wp:term":[{"taxonomy":"product_brand","embeddable":true,"href":"https:\/\/www.3p-gmbh.de\/es\/wp-json\/wp\/v2\/product_brand?post=89102"},{"taxonomy":"product_cat","embeddable":true,"href":"https:\/\/www.3p-gmbh.de\/es\/wp-json\/wp\/v2\/product_cat?post=89102"},{"taxonomy":"product_tag","embeddable":true,"href":"https:\/\/www.3p-gmbh.de\/es\/wp-json\/wp\/v2\/product_tag?post=89102"}],"curies":[{"name":"wp","href":"https:\/\/api.w.org\/{rel}","templated":true}]}}