{"id":89069,"date":"2023-03-19T23:51:24","date_gmt":"2023-03-19T23:51:24","guid":{"rendered":"https:\/\/www.3p-gmbh.de\/produkt\/sistema-de-lavado-de-planchas-de-gran-formato-techno-grafica-pwk-1450-para-trabajos-repetitivos\/"},"modified":"2023-03-19T23:51:24","modified_gmt":"2023-03-19T23:51:24","slug":"placa-de-gran-formato-lavado-techno-grafica-pwk-1450-para-repetir-pedidos","status":"publish","type":"product","link":"https:\/\/www.3p-gmbh.de\/es\/produkt\/placa-de-gran-formato-lavado-techno-grafica-pwk-1450-para-repetir-pedidos\/","title":{"rendered":"Sistema de lavado de planchas de gran formato Techno-Grafica PWK 1450 para trabajos repetitivos"},"content":{"rendered":"<div><strong>Sistema de lavado de planchas de impresi\u00f3n Techno-Grafica PWK 145 para trabajos repetitivos<\/strong><br \/>\n<strong>A\u00f1o de fabricaci\u00f3n 2008<\/p>\n<p><\/strong><\/div>\n<div>Anchura de entrada 1450 cm<\/div>\n<div><\/div>\n<div><a href=\"https:\/\/www.3p-gmbh.de\/wp-content\/uploads\/2023\/03\/Techno-Grafica-PWK-145-1.pdf\">Tecno-Gr\u00e1fica PWK 145 (1)<\/a><\/div>\n","protected":false},"excerpt":{"rendered":"<p>Sistema de lavado de planchas de impresi\u00f3n Techno-Grafica PWK 145 para trabajos repetitivos A\u00f1o de fabricaci\u00f3n 2008 Anchura de entrada 1450 cm Tecno-Gr\u00e1fica PWK 145 (1)<\/p>\n","protected":false},"featured_media":86096,"template":"","meta":[],"product_brand":[],"product_cat":[3000],"product_tag":[],"class_list":{"0":"post-89069","1":"product","2":"type-product","3":"status-publish","4":"has-post-thumbnail","6":"product_cat-tratamiento-de-las-planchas-de-impresion-es","7":"pa_hersteller-techno-grafica","8":"pa_typ-pwk-145","10":"first","11":"instock","12":"taxable","13":"shipping-taxable","14":"product-type-simple"},"jetpack_sharing_enabled":true,"_links":{"self":[{"href":"https:\/\/www.3p-gmbh.de\/es\/wp-json\/wp\/v2\/product\/89069","targetHints":{"allow":["GET"]}}],"collection":[{"href":"https:\/\/www.3p-gmbh.de\/es\/wp-json\/wp\/v2\/product"}],"about":[{"href":"https:\/\/www.3p-gmbh.de\/es\/wp-json\/wp\/v2\/types\/product"}],"wp:featuredmedia":[{"embeddable":true,"href":"https:\/\/www.3p-gmbh.de\/es\/wp-json\/wp\/v2\/media\/86096"}],"wp:attachment":[{"href":"https:\/\/www.3p-gmbh.de\/es\/wp-json\/wp\/v2\/media?parent=89069"}],"wp:term":[{"taxonomy":"product_brand","embeddable":true,"href":"https:\/\/www.3p-gmbh.de\/es\/wp-json\/wp\/v2\/product_brand?post=89069"},{"taxonomy":"product_cat","embeddable":true,"href":"https:\/\/www.3p-gmbh.de\/es\/wp-json\/wp\/v2\/product_cat?post=89069"},{"taxonomy":"product_tag","embeddable":true,"href":"https:\/\/www.3p-gmbh.de\/es\/wp-json\/wp\/v2\/product_tag?post=89069"}],"curies":[{"name":"wp","href":"https:\/\/api.w.org\/{rel}","templated":true}]}}