{"id":89058,"date":"2023-03-20T00:07:19","date_gmt":"2023-03-20T00:07:19","guid":{"rendered":"https:\/\/www.3p-gmbh.de\/produkt\/elevador-de-tablas-perfecta-wohlenberg-baumann-nu-sp-3-con-4-tablas-hoy-modelo-baumann-bll\/"},"modified":"2023-03-20T00:07:19","modified_gmt":"2023-03-20T00:07:19","slug":"board-lift-perfecta-wohlenberg-baumann-nu-sp-3-con-4-tablas-hoy-modelo-baumann-bll","status":"publish","type":"product","link":"https:\/\/www.3p-gmbh.de\/es\/produkt\/board-lift-perfecta-wohlenberg-baumann-nu-sp-3-con-4-tablas-hoy-modelo-baumann-bll\/","title":{"rendered":"Elevador de tablas Perfecta Wohlenberg Baumann NU SP-3 con 4 tablas ( hoy modelo Baumann BLL )"},"content":{"rendered":"<p><strong>Elevador de tablas Perfecta Wohlenberg Baumann NU SP-3 con 4 tablas ( hoy modelo Baumann BLL )<\/strong><br \/>\n<strong>de yr. 2010<\/strong><\/p>\n<p>Formato m\u00e1x. 770 x 1070 mm<\/p>\n<p>para el almacenamiento en b\u00fafer de las capas igualadas, el sistema sirve para compensar los diferentes tiempos de corte y de igualaci\u00f3n.<br \/>\nLos tableros separan las capas individuales y al mismo tiempo sirven de elemento transportador de la capa.<br \/>\nLos tableros son colocados o retirados por el operario.<\/p>\n<p><em>Modos de funcionamiento<br \/>\n<\/em>-stacking<br \/>\n-Desapilado<br \/>\n-Cambio de pila<\/p>\n<p><em>\u00bfC\u00f3mo se utilizan los elevadores de tablas?<\/em><\/p>\n<p>&#8211; como soluci\u00f3n en l\u00ednea<br \/>\nLas unidades est\u00e1n situadas entre el agitador y el cortador.<br \/>\nLas capas pueden ser pre-jogged y luego se alimenta en la m\u00e1quina de corte.<br \/>\nLas pilas preagitadas tambi\u00e9n pueden insertarse, desapilarse y alimentarse a la cortadora.<\/p>\n<p>&#8211; como soluci\u00f3n fuera de l\u00ednea<br \/>\nTras la agitaci\u00f3n, las capas se tamponan y se apilan con ayuda de los elevadores de tableros.<br \/>\nLas pilas se alimentan a la m\u00e1quina de corte a trav\u00e9s de los elevadores de tableros.<br \/>\nEsto puede hacerse autom\u00e1ticamente a trav\u00e9s de la mesa trasera o manualmente a trav\u00e9s de la mesa delantera.<\/p>\n","protected":false},"excerpt":{"rendered":"<p>Elevador de tablas Perfecta Wohlenberg Baumann NU SP-3 con 4 tablas ( hoy modelo Baumann BLL ) de yr. 2010 Formato m\u00e1x. 770 x 1070 mm para el almacenamiento en b\u00fafer de las capas igualadas, el sistema sirve para compensar los diferentes tiempos de corte y de igualaci\u00f3n. Los tableros separan las capas individuales y [&hellip;]<\/p>\n","protected":false},"featured_media":86141,"template":"","meta":[],"product_brand":[],"product_cat":[2975],"product_tag":[],"class_list":{"0":"post-89058","1":"product","2":"type-product","3":"status-publish","4":"has-post-thumbnail","6":"product_cat-elevadores-y-apiladores","7":"pa_hersteller-baumann","8":"pa_hersteller-perfecta","9":"pa_hersteller-wohlenberg","10":"pa_typ-nu-sp-3","12":"first","13":"instock","14":"taxable","15":"shipping-taxable","16":"product-type-simple"},"jetpack_sharing_enabled":true,"_links":{"self":[{"href":"https:\/\/www.3p-gmbh.de\/es\/wp-json\/wp\/v2\/product\/89058","targetHints":{"allow":["GET"]}}],"collection":[{"href":"https:\/\/www.3p-gmbh.de\/es\/wp-json\/wp\/v2\/product"}],"about":[{"href":"https:\/\/www.3p-gmbh.de\/es\/wp-json\/wp\/v2\/types\/product"}],"wp:featuredmedia":[{"embeddable":true,"href":"https:\/\/www.3p-gmbh.de\/es\/wp-json\/wp\/v2\/media\/86141"}],"wp:attachment":[{"href":"https:\/\/www.3p-gmbh.de\/es\/wp-json\/wp\/v2\/media?parent=89058"}],"wp:term":[{"taxonomy":"product_brand","embeddable":true,"href":"https:\/\/www.3p-gmbh.de\/es\/wp-json\/wp\/v2\/product_brand?post=89058"},{"taxonomy":"product_cat","embeddable":true,"href":"https:\/\/www.3p-gmbh.de\/es\/wp-json\/wp\/v2\/product_cat?post=89058"},{"taxonomy":"product_tag","embeddable":true,"href":"https:\/\/www.3p-gmbh.de\/es\/wp-json\/wp\/v2\/product_tag?post=89058"}],"curies":[{"name":"wp","href":"https:\/\/api.w.org\/{rel}","templated":true}]}}