{"id":89046,"date":"2023-03-19T23:54:42","date_gmt":"2023-03-19T23:54:42","guid":{"rendered":"https:\/\/www.3p-gmbh.de\/produkt\/maquina-de-coser-de-alambre-en-linea-con-transporte-en-bloque-multipik\/"},"modified":"2023-03-19T23:54:42","modified_gmt":"2023-03-19T23:54:42","slug":"maquina-de-grapado-de-alambre-en-linea-con-transporte-en-bloque-multitipik","status":"publish","type":"product","link":"https:\/\/www.3p-gmbh.de\/es\/produkt\/maquina-de-grapado-de-alambre-en-linea-con-transporte-en-bloque-multitipik\/","title":{"rendered":"m\u00e1quina de coser de alambre en l\u00ednea con transporte en bloque Multipik"},"content":{"rendered":"<p><strong>m\u00e1quina de coser de alambre en l\u00ednea con transporte en bloque Multipik<\/strong><\/p>\n","protected":false},"excerpt":{"rendered":"<p>m\u00e1quina de coser de alambre en l\u00ednea con transporte en bloque Multipik<\/p>\n","protected":false},"featured_media":86123,"template":"","meta":[],"product_brand":[],"product_cat":[2990],"product_tag":[],"class_list":{"0":"post-89046","1":"product","2":"type-product","3":"status-publish","4":"has-post-thumbnail","6":"product_cat-grapadoras","7":"pa_hersteller-multipik","9":"first","10":"instock","11":"taxable","12":"shipping-taxable","13":"product-type-simple"},"jetpack_sharing_enabled":true,"_links":{"self":[{"href":"https:\/\/www.3p-gmbh.de\/es\/wp-json\/wp\/v2\/product\/89046","targetHints":{"allow":["GET"]}}],"collection":[{"href":"https:\/\/www.3p-gmbh.de\/es\/wp-json\/wp\/v2\/product"}],"about":[{"href":"https:\/\/www.3p-gmbh.de\/es\/wp-json\/wp\/v2\/types\/product"}],"wp:featuredmedia":[{"embeddable":true,"href":"https:\/\/www.3p-gmbh.de\/es\/wp-json\/wp\/v2\/media\/86123"}],"wp:attachment":[{"href":"https:\/\/www.3p-gmbh.de\/es\/wp-json\/wp\/v2\/media?parent=89046"}],"wp:term":[{"taxonomy":"product_brand","embeddable":true,"href":"https:\/\/www.3p-gmbh.de\/es\/wp-json\/wp\/v2\/product_brand?post=89046"},{"taxonomy":"product_cat","embeddable":true,"href":"https:\/\/www.3p-gmbh.de\/es\/wp-json\/wp\/v2\/product_cat?post=89046"},{"taxonomy":"product_tag","embeddable":true,"href":"https:\/\/www.3p-gmbh.de\/es\/wp-json\/wp\/v2\/product_tag?post=89046"}],"curies":[{"name":"wp","href":"https:\/\/api.w.org\/{rel}","templated":true}]}}