{"id":89004,"date":"2023-04-10T22:34:41","date_gmt":"2023-04-10T22:34:41","guid":{"rendered":"https:\/\/www.3p-gmbh.de\/produkt\/polar-mohr-elevador-apilable-polar-lw-450\/"},"modified":"2023-04-10T22:34:41","modified_gmt":"2023-04-10T22:34:41","slug":"polar-mohr-stack-lift-polar-lw-450","status":"publish","type":"product","link":"https:\/\/www.3p-gmbh.de\/es\/produkt\/polar-mohr-stack-lift-polar-lw-450\/","title":{"rendered":"Polar Mohr Elevador Apilable Polar LW 450"},"content":{"rendered":"<p><strong>Polar Mohr Elevador Apilable Polar LW 450<\/strong><br \/>\n<strong>desde 1994<\/strong><\/p>\n<p>La elevaci\u00f3n autom\u00e1tica del material a cortar permite al operario cortar de la forma que m\u00e1s le convenga.<br \/>\naltura de trabajo ergon\u00f3micamente favorable, el material se introduce en el vibrador autom\u00e1tico o directamente en la<br \/>\ncargar la m\u00e1quina de corte.<br \/>\nNo obstante, el elevador apilador tambi\u00e9n puede utilizarse para apilar material cortado<\/p>\n<p>Los elevadores apilables no tienen que anclarse en el suelo, por lo que pueden desplazarse f\u00e1cilmente sobre ruedas.<br \/>\nEst\u00e1n equipadas con barreras fotoel\u00e9ctricas de ajuste continuo para la elevaci\u00f3n o descenso autom\u00e1ticos.<\/p>\n<p>Datos t\u00e9cnicos<br \/>\nBa\u00f1era (dimensiones interiores) cm 62 x 90<br \/>\nCarrera hasta 85 cm<br \/>\nAltura (a la carrera m\u00e1xima) cm 150 (196)<br \/>\nCapacidad de carga m\u00e1xima kg 450<\/p>\n","protected":false},"excerpt":{"rendered":"<p>Polar Mohr Elevador Apilable Polar LW 450 desde 1994 La elevaci\u00f3n autom\u00e1tica del material a cortar permite al operario cortar de la forma que m\u00e1s le convenga. altura de trabajo ergon\u00f3micamente favorable, el material se introduce en el vibrador autom\u00e1tico o directamente en la cargar la m\u00e1quina de corte. No obstante, el elevador apilador tambi\u00e9n [&hellip;]<\/p>\n","protected":false},"featured_media":86419,"template":"","meta":[],"product_brand":[],"product_cat":[2975],"product_tag":[],"class_list":{"0":"post-89004","1":"product","2":"type-product","3":"status-publish","4":"has-post-thumbnail","6":"product_cat-elevadores-y-apiladores","7":"pa_hersteller-polar-mohr","8":"pa_typ-lw-450","10":"first","11":"instock","12":"taxable","13":"shipping-taxable","14":"product-type-simple"},"jetpack_sharing_enabled":true,"_links":{"self":[{"href":"https:\/\/www.3p-gmbh.de\/es\/wp-json\/wp\/v2\/product\/89004","targetHints":{"allow":["GET"]}}],"collection":[{"href":"https:\/\/www.3p-gmbh.de\/es\/wp-json\/wp\/v2\/product"}],"about":[{"href":"https:\/\/www.3p-gmbh.de\/es\/wp-json\/wp\/v2\/types\/product"}],"wp:featuredmedia":[{"embeddable":true,"href":"https:\/\/www.3p-gmbh.de\/es\/wp-json\/wp\/v2\/media\/86419"}],"wp:attachment":[{"href":"https:\/\/www.3p-gmbh.de\/es\/wp-json\/wp\/v2\/media?parent=89004"}],"wp:term":[{"taxonomy":"product_brand","embeddable":true,"href":"https:\/\/www.3p-gmbh.de\/es\/wp-json\/wp\/v2\/product_brand?post=89004"},{"taxonomy":"product_cat","embeddable":true,"href":"https:\/\/www.3p-gmbh.de\/es\/wp-json\/wp\/v2\/product_cat?post=89004"},{"taxonomy":"product_tag","embeddable":true,"href":"https:\/\/www.3p-gmbh.de\/es\/wp-json\/wp\/v2\/product_tag?post=89004"}],"curies":[{"name":"wp","href":"https:\/\/api.w.org\/{rel}","templated":true}]}}